{"id":25578,"date":"2020-09-14T16:45:47","date_gmt":"2020-09-14T14:45:47","guid":{"rendered":"http:\/\/www.deinadieu.ch\/organizzazioni-senza-scopo-di-lucro\/"},"modified":"2023-10-06T16:55:03","modified_gmt":"2023-10-06T14:55:03","slug":"organizzazioni-senza-scopo-di-lucro","status":"publish","type":"page","link":"https:\/\/www.deinadieu.ch\/it\/organizzazioni-senza-scopo-di-lucro\/","title":{"rendered":"Organizzazioni senza scopo di lucro"},"content":{"rendered":"\n<h2 class=\"wp-block-heading title text-4xl font-semibold mb-10 has-text-color\" id=\"h-erbschafts-legatefundraising\" style=\"color:#4a5568\"><strong><strong>Raccolta fondi tramite eredit\u00e0 e legati<\/strong><\/strong><\/h2>\n\n<div style=\"height:25px\" aria-hidden=\"true\" class=\"wp-block-spacer\"><\/div>\n\n<div class=\"wp-block-columns is-layout-flex wp-container-core-columns-is-layout-28f84493 wp-block-columns-is-layout-flex\">\n<div class=\"wp-block-column is-layout-flow wp-block-column-is-layout-flow\" style=\"flex-basis:66.66%\">\n<p class=\"has-text-color\" style=\"color:#4a5568\">In tutta la Svizzera <strong>vengono lasciati in eredit\u00e0 circa 95 Mrd di franchi all&#8217;anno (2019, NZZ).<\/strong> Questo potenziale gi\u00e0 enorme aumenter\u00e0 nei prossimi anni.<\/p>\n\n\n\n<p class=\"has-text-color\" style=\"color:#4a5568\">Le organizzazioni senza scopo di lucro ricevono attualmente troppo poche donazioni tramite testamento. Si stima che il <strong>3-4 per mille<\/strong> del patrimonio di cui sopra vada alle organizzazioni umanitarie svizzere.<\/p>\n\n\n\n<p class=\"has-text-color\" style=\"color:#4a5568\">DeinAdieu offre alla vostra organizzazione non profit visibilit\u00e0 alla giusta categoria interessata, suggerisce la vostra organizzazione ogni anno a migliaia di potenziali testatori che la potrebbero prendere in considerazione e vi fornisce un portfoglio innovativo e provato di strumenti di raccolta fondi.<\/p>\n\n\n\n<p class=\"has-text-color\" style=\"color:#4a5568\">Insieme a oltre <a href=\"https:\/\/www.deinadieu.ch\/hilfswerke\/\"><strong>200 organizzazioni non profit svizzere<\/strong><\/a>, dal 2016 DeinAdieu ha aumentato in modo misurabile il numero di testamenti redatti in cui le organizzazioni non profit sono prese in considerazione.<\/p>\n<\/div>\n\n\n\n<div class=\"wp-block-column is-layout-flow wp-block-column-is-layout-flow\" style=\"flex-basis:33.33%\">\n<div class=\"wp-block-group is-layout-flow wp-block-group-is-layout-flow\">\n<p class=\"box_info p-10 rounded-lg has-text-color has-background\" style=\"color:#4a5568;background-color:#e2e8f0\"><img loading=\"lazy\" decoding=\"async\" width=\"150\" height=\"183\" class=\"wp-image-22291\" style=\"width: 150px;\" src=\"http:\/\/www.deinadieu.ch\/wp-content\/uploads\/2020\/05\/NG.png\" alt=\"\" srcset=\"https:\/\/www.deinadieu.ch\/wp-content\/uploads\/2020\/05\/NG.png 174w, https:\/\/www.deinadieu.ch\/wp-content\/uploads\/2020\/05\/NG-148x180.png 148w, https:\/\/www.deinadieu.ch\/wp-content\/uploads\/2020\/05\/NG-144x175.png 144w\" sizes=\"auto, (max-width: 150px) 100vw, 150px\" \/><br\/><strong><strong>Nicolas Gehrig<\/strong> <br\/><\/strong>Tel. diretto: +41 43 508 12 17<br\/>E-mail: <a href=\"mailto:support@deinadieu.ch\">support@deinadieu.ch<\/a><br\/><br\/><\/p>\n<\/div>\n\n\n\n<p><\/p>\n<\/div>\n<\/div>\n\n<h2 class=\"wp-block-heading\">Contatto per le organizzazioni non profit<\/h2>\n\n<p>Compilate questo modulo per diventare un&#8217;organizzazione partner di DeinAdieu. Dopo un esame iniziale, saremo lieti di invitarvi a una presentazione online senza impegno dove vi spiegheremo in dettaglio tutta la nostra <a href=\"https:\/\/www.deinadieu.ch\/it\/la-raccolta-di-fondi-per-leredita-diventa-facile-con-deinadieu\/\" target=\"_blank\" rel=\"noreferrer noopener\">offerta<\/a>.<\/p>\n\n<iframe src=\"https:\/\/survey.deinadieu.ch\/zs\/O7B8ne\" style=\"height:1800px;width:100%;\" marginwidth=\"0\" marginheight=\"0\" scrolling=\"auto\" allow=\"geolocation\" frameborder=\"0\"><\/iframe>\n\n<h2 class=\"wp-block-heading title text-4xl font-semibold mb-10 has-text-color\" id=\"h-5-grunde-die-fur-deinadieu-sprechen\" style=\"color:#4a5568\"><strong>5 motivi che parlano per DeinAdieu:<\/strong><\/h2>\n\n<div style=\"height:25px\" aria-hidden=\"true\" class=\"wp-block-spacer\"><\/div>\n\n<div class=\"wp-block-columns is-layout-flex wp-container-core-columns-is-layout-28f84493 wp-block-columns-is-layout-flex\">\n<div class=\"wp-block-column is-layout-flow wp-block-column-is-layout-flow\">\n<figure class=\"wp-block-image size-large is-resized\"><img loading=\"lazy\" decoding=\"async\" src=\"https:\/\/www.deinadieu.ch\/wp-content\/uploads\/2020\/11\/Zeichenfla\u0308che-1@4x-30.png\" alt=\"\" class=\"wp-image-23949\" style=\"width:480px;height:474px\" width=\"480\" height=\"474\"\/><\/figure>\n<\/div>\n\n\n\n<div class=\"wp-block-column is-layout-flow wp-block-column-is-layout-flow\">\n<figure class=\"wp-block-image size-large is-resized\"><img loading=\"lazy\" decoding=\"async\" src=\"https:\/\/www.deinadieu.ch\/wp-content\/uploads\/2020\/11\/Zeichenfla\u0308che-1@4x-21.png\" alt=\"\" class=\"wp-image-23945\" style=\"width:480px;height:474px\" width=\"480\" height=\"474\"\/><\/figure>\n<\/div>\n\n\n\n<div class=\"wp-block-column is-layout-flow wp-block-column-is-layout-flow\">\n<figure class=\"wp-block-image size-large is-resized\"><img loading=\"lazy\" decoding=\"async\" src=\"https:\/\/www.deinadieu.ch\/wp-content\/uploads\/2020\/11\/Zeichenfla\u0308che-1@4x-5.png\" alt=\"\" class=\"wp-image-23953\" style=\"width:480px;height:474px\" width=\"480\" height=\"474\"\/><\/figure>\n<\/div>\n\n\n\n<div class=\"wp-block-column is-layout-flow wp-block-column-is-layout-flow\">\n<figure class=\"wp-block-image size-large is-resized\"><img loading=\"lazy\" decoding=\"async\" src=\"https:\/\/www.deinadieu.ch\/wp-content\/uploads\/2020\/11\/Zeichenfla\u0308che-1@4x-8.png\" alt=\"\" class=\"wp-image-23957\" style=\"width:480px;height:474px\" width=\"480\" height=\"474\"\/><\/figure>\n<\/div>\n\n\n\n<div class=\"wp-block-column is-layout-flow wp-block-column-is-layout-flow\">\n<figure class=\"wp-block-image size-large is-resized\"><img loading=\"lazy\" decoding=\"async\" src=\"https:\/\/www.deinadieu.ch\/wp-content\/uploads\/2020\/11\/Zeichenfla\u0308che-1@4x-11.png\" alt=\"\" class=\"wp-image-23961\" style=\"width:480px;height:474px\" width=\"480\" height=\"474\"\/><\/figure>\n<\/div>\n<\/div>\n\n<div style=\"height:100px\" aria-hidden=\"true\" class=\"wp-block-spacer\"><\/div>\n","protected":false},"excerpt":{"rendered":"<p>Raccolta fondi tramite eredit\u00e0 e legati In tutta la Svizzera vengono lasciati in eredit\u00e0 circa 95 Mrd di franchi all&#8217;anno (2019, NZZ). Questo potenziale gi\u00e0 enorme aumenter\u00e0 nei prossimi anni. Le organizzazioni senza scopo di lucro ricevono attualmente troppo poche donazioni tramite testamento. Si stima che il 3-4 per mille del patrimonio di cui sopra [&hellip;]<\/p>\n","protected":false},"author":6026,"featured_media":25579,"parent":0,"menu_order":0,"comment_status":"closed","ping_status":"closed","template":"","meta":{"_acf_changed":false,"footnotes":""},"class_list":["post-25578","page","type-page","status-publish","has-post-thumbnail","hentry"],"acf":[],"yoast_head":"<title>Organizzazioni senza scopo di lucro: raccolta fondi e legati | DeinAdieu<\/title>\n<meta name=\"description\" content=\"DeinAdieu gestisce un portale online con una vasta gamma di argomenti. Per noi sono quindi essenziali Partner forti.\" \/>\n<meta name=\"robots\" content=\"index, follow, max-snippet:-1, max-image-preview:large, max-video-preview:-1\" \/>\n<link rel=\"canonical\" href=\"https:\/\/www.deinadieu.ch\/it\/organizzazioni-senza-scopo-di-lucro\/\" \/>\n<meta property=\"og:locale\" content=\"it_IT\" \/>\n<meta property=\"og:type\" content=\"article\" \/>\n<meta property=\"og:title\" content=\"Organizzazioni senza scopo di lucro\" \/>\n<meta property=\"og:description\" content=\"Raccolta fondi tramite eredit\u00e0 e legati In tutta la Svizzera vengono lasciati in eredit\u00e0 circa 95 Mrd di franchi all&#039;anno (2019, NZZ). Questo potenziale\" \/>\n<meta property=\"og:url\" content=\"https:\/\/www.deinadieu.ch\/it\/organizzazioni-senza-scopo-di-lucro\/\" \/>\n<meta property=\"og:site_name\" content=\"DeinAdieu.ch\" \/>\n<meta property=\"article:publisher\" content=\"https:\/\/www.facebook.com\/deinadieu\" \/>\n<meta property=\"article:modified_time\" content=\"2023-10-06T14:55:03+00:00\" \/>\n<meta property=\"og:image\" content=\"https:\/\/static.deinadieu.ch\/uploads\/2020\/07\/iStock-813460430-e1600435231398.jpg\" \/>\n\t<meta property=\"og:image:width\" content=\"1280\" \/>\n\t<meta property=\"og:image:height\" content=\"482\" \/>\n\t<meta property=\"og:image:type\" content=\"image\/jpeg\" \/>\n<meta name=\"twitter:card\" content=\"summary_large_image\" \/>\n<meta name=\"twitter:site\" content=\"@DeinAdieu\" \/>\n<meta name=\"twitter:label1\" content=\"Est. reading time\" \/>\n\t<meta name=\"twitter:data1\" content=\"1 minute\" \/>\n<script type=\"application\/ld+json\" class=\"yoast-schema-graph\">{\"@context\":\"https:\\\/\\\/schema.org\",\"@graph\":[{\"@type\":\"WebPage\",\"@id\":\"https:\\\/\\\/www.deinadieu.ch\\\/it\\\/organizzazioni-senza-scopo-di-lucro\\\/\",\"url\":\"https:\\\/\\\/www.deinadieu.ch\\\/it\\\/organizzazioni-senza-scopo-di-lucro\\\/\",\"name\":\"Organizzazioni senza scopo di lucro: raccolta fondi e legati | DeinAdieu\",\"isPartOf\":{\"@id\":\"https:\\\/\\\/www.deinadieu.ch\\\/it\\\/#website\"},\"primaryImageOfPage\":{\"@id\":\"https:\\\/\\\/www.deinadieu.ch\\\/it\\\/organizzazioni-senza-scopo-di-lucro\\\/#primaryimage\"},\"image\":{\"@id\":\"https:\\\/\\\/www.deinadieu.ch\\\/it\\\/organizzazioni-senza-scopo-di-lucro\\\/#primaryimage\"},\"thumbnailUrl\":\"https:\\\/\\\/www.deinadieu.ch\\\/wp-content\\\/uploads\\\/2020\\\/07\\\/iStock-813460430-e1600435231398.jpg\",\"datePublished\":\"2020-09-14T14:45:47+00:00\",\"dateModified\":\"2023-10-06T14:55:03+00:00\",\"description\":\"DeinAdieu gestisce un portale online con una vasta gamma di argomenti. Per noi sono quindi essenziali Partner forti.\",\"breadcrumb\":{\"@id\":\"https:\\\/\\\/www.deinadieu.ch\\\/it\\\/organizzazioni-senza-scopo-di-lucro\\\/#breadcrumb\"},\"inLanguage\":\"it-IT\",\"potentialAction\":[{\"@type\":\"ReadAction\",\"target\":[\"https:\\\/\\\/www.deinadieu.ch\\\/it\\\/organizzazioni-senza-scopo-di-lucro\\\/\"]}]},{\"@type\":\"ImageObject\",\"inLanguage\":\"it-IT\",\"@id\":\"https:\\\/\\\/www.deinadieu.ch\\\/it\\\/organizzazioni-senza-scopo-di-lucro\\\/#primaryimage\",\"url\":\"https:\\\/\\\/www.deinadieu.ch\\\/wp-content\\\/uploads\\\/2020\\\/07\\\/iStock-813460430-e1600435231398.jpg\",\"contentUrl\":\"https:\\\/\\\/www.deinadieu.ch\\\/wp-content\\\/uploads\\\/2020\\\/07\\\/iStock-813460430-e1600435231398.jpg\",\"width\":1280,\"height\":482},{\"@type\":\"BreadcrumbList\",\"@id\":\"https:\\\/\\\/www.deinadieu.ch\\\/it\\\/organizzazioni-senza-scopo-di-lucro\\\/#breadcrumb\",\"itemListElement\":[{\"@type\":\"ListItem\",\"position\":1,\"name\":\"Home\",\"item\":\"https:\\\/\\\/www.deinadieu.ch\\\/it\\\/deinadieu-dialog-und-serviceportal-zum-lebensende\\\/\"},{\"@type\":\"ListItem\",\"position\":2,\"name\":\"Organizzazioni senza scopo di lucro\"}]},{\"@type\":\"WebSite\",\"@id\":\"https:\\\/\\\/www.deinadieu.ch\\\/it\\\/#website\",\"url\":\"https:\\\/\\\/www.deinadieu.ch\\\/it\\\/\",\"name\":\"DeinAdieu.ch\",\"description\":\"Testament, Patientenverf\u00fcgung und Vorsorgeauftrag\",\"publisher\":{\"@id\":\"https:\\\/\\\/www.deinadieu.ch\\\/it\\\/#organization\"},\"potentialAction\":[{\"@type\":\"SearchAction\",\"target\":{\"@type\":\"EntryPoint\",\"urlTemplate\":\"https:\\\/\\\/www.deinadieu.ch\\\/it\\\/?s={search_term_string}\"},\"query-input\":{\"@type\":\"PropertyValueSpecification\",\"valueRequired\":true,\"valueName\":\"search_term_string\"}}],\"inLanguage\":\"it-IT\"},{\"@type\":\"Organization\",\"@id\":\"https:\\\/\\\/www.deinadieu.ch\\\/it\\\/#organization\",\"name\":\"EMNA Web GmbH\",\"url\":\"https:\\\/\\\/www.deinadieu.ch\\\/it\\\/\",\"logo\":{\"@type\":\"ImageObject\",\"inLanguage\":\"it-IT\",\"@id\":\"https:\\\/\\\/www.deinadieu.ch\\\/it\\\/#\\\/schema\\\/logo\\\/image\\\/\",\"url\":\"https:\\\/\\\/www.deinadieu.ch\\\/wp-content\\\/uploads\\\/2016\\\/01\\\/DeinAdieu_Logo.png\",\"contentUrl\":\"https:\\\/\\\/www.deinadieu.ch\\\/wp-content\\\/uploads\\\/2016\\\/01\\\/DeinAdieu_Logo.png\",\"width\":300,\"height\":117,\"caption\":\"EMNA Web GmbH\"},\"image\":{\"@id\":\"https:\\\/\\\/www.deinadieu.ch\\\/it\\\/#\\\/schema\\\/logo\\\/image\\\/\"},\"sameAs\":[\"https:\\\/\\\/www.facebook.com\\\/deinadieu\",\"https:\\\/\\\/x.com\\\/DeinAdieu\",\"https:\\\/\\\/www.instagram.com\\\/deinadieu\\\/\",\"https:\\\/\\\/www.linkedin.com\\\/company\\\/deinadieu.ch\"]}]}<\/script>","yoast_head_json":{"title":"Organizzazioni senza scopo di lucro: raccolta fondi e legati | DeinAdieu","description":"DeinAdieu gestisce un portale online con una vasta gamma di argomenti. Per noi sono quindi essenziali Partner forti.","robots":{"index":"index","follow":"follow","max-snippet":"max-snippet:-1","max-image-preview":"max-image-preview:large","max-video-preview":"max-video-preview:-1"},"canonical":"https:\/\/www.deinadieu.ch\/it\/organizzazioni-senza-scopo-di-lucro\/","og_locale":"it_IT","og_type":"article","og_title":"Organizzazioni senza scopo di lucro","og_description":"Raccolta fondi tramite eredit\u00e0 e legati In tutta la Svizzera vengono lasciati in eredit\u00e0 circa 95 Mrd di franchi all'anno (2019, NZZ). Questo potenziale","og_url":"https:\/\/www.deinadieu.ch\/it\/organizzazioni-senza-scopo-di-lucro\/","og_site_name":"DeinAdieu.ch","article_publisher":"https:\/\/www.facebook.com\/deinadieu","article_modified_time":"2023-10-06T14:55:03+00:00","og_image":[{"width":1280,"height":482,"url":"https:\/\/static.deinadieu.ch\/uploads\/2020\/07\/iStock-813460430-e1600435231398.jpg","type":"image\/jpeg"}],"twitter_card":"summary_large_image","twitter_site":"@DeinAdieu","twitter_misc":{"Est. reading time":"1 minute"},"schema":{"@context":"https:\/\/schema.org","@graph":[{"@type":"WebPage","@id":"https:\/\/www.deinadieu.ch\/it\/organizzazioni-senza-scopo-di-lucro\/","url":"https:\/\/www.deinadieu.ch\/it\/organizzazioni-senza-scopo-di-lucro\/","name":"Organizzazioni senza scopo di lucro: raccolta fondi e legati | DeinAdieu","isPartOf":{"@id":"https:\/\/www.deinadieu.ch\/it\/#website"},"primaryImageOfPage":{"@id":"https:\/\/www.deinadieu.ch\/it\/organizzazioni-senza-scopo-di-lucro\/#primaryimage"},"image":{"@id":"https:\/\/www.deinadieu.ch\/it\/organizzazioni-senza-scopo-di-lucro\/#primaryimage"},"thumbnailUrl":"https:\/\/www.deinadieu.ch\/wp-content\/uploads\/2020\/07\/iStock-813460430-e1600435231398.jpg","datePublished":"2020-09-14T14:45:47+00:00","dateModified":"2023-10-06T14:55:03+00:00","description":"DeinAdieu gestisce un portale online con una vasta gamma di argomenti. Per noi sono quindi essenziali Partner forti.","breadcrumb":{"@id":"https:\/\/www.deinadieu.ch\/it\/organizzazioni-senza-scopo-di-lucro\/#breadcrumb"},"inLanguage":"it-IT","potentialAction":[{"@type":"ReadAction","target":["https:\/\/www.deinadieu.ch\/it\/organizzazioni-senza-scopo-di-lucro\/"]}]},{"@type":"ImageObject","inLanguage":"it-IT","@id":"https:\/\/www.deinadieu.ch\/it\/organizzazioni-senza-scopo-di-lucro\/#primaryimage","url":"https:\/\/www.deinadieu.ch\/wp-content\/uploads\/2020\/07\/iStock-813460430-e1600435231398.jpg","contentUrl":"https:\/\/www.deinadieu.ch\/wp-content\/uploads\/2020\/07\/iStock-813460430-e1600435231398.jpg","width":1280,"height":482},{"@type":"BreadcrumbList","@id":"https:\/\/www.deinadieu.ch\/it\/organizzazioni-senza-scopo-di-lucro\/#breadcrumb","itemListElement":[{"@type":"ListItem","position":1,"name":"Home","item":"https:\/\/www.deinadieu.ch\/it\/deinadieu-dialog-und-serviceportal-zum-lebensende\/"},{"@type":"ListItem","position":2,"name":"Organizzazioni senza scopo di lucro"}]},{"@type":"WebSite","@id":"https:\/\/www.deinadieu.ch\/it\/#website","url":"https:\/\/www.deinadieu.ch\/it\/","name":"DeinAdieu.ch","description":"Testament, Patientenverf\u00fcgung und Vorsorgeauftrag","publisher":{"@id":"https:\/\/www.deinadieu.ch\/it\/#organization"},"potentialAction":[{"@type":"SearchAction","target":{"@type":"EntryPoint","urlTemplate":"https:\/\/www.deinadieu.ch\/it\/?s={search_term_string}"},"query-input":{"@type":"PropertyValueSpecification","valueRequired":true,"valueName":"search_term_string"}}],"inLanguage":"it-IT"},{"@type":"Organization","@id":"https:\/\/www.deinadieu.ch\/it\/#organization","name":"EMNA Web GmbH","url":"https:\/\/www.deinadieu.ch\/it\/","logo":{"@type":"ImageObject","inLanguage":"it-IT","@id":"https:\/\/www.deinadieu.ch\/it\/#\/schema\/logo\/image\/","url":"https:\/\/www.deinadieu.ch\/wp-content\/uploads\/2016\/01\/DeinAdieu_Logo.png","contentUrl":"https:\/\/www.deinadieu.ch\/wp-content\/uploads\/2016\/01\/DeinAdieu_Logo.png","width":300,"height":117,"caption":"EMNA Web GmbH"},"image":{"@id":"https:\/\/www.deinadieu.ch\/it\/#\/schema\/logo\/image\/"},"sameAs":["https:\/\/www.facebook.com\/deinadieu","https:\/\/x.com\/DeinAdieu","https:\/\/www.instagram.com\/deinadieu\/","https:\/\/www.linkedin.com\/company\/deinadieu.ch"]}]}},"_links":{"self":[{"href":"https:\/\/www.deinadieu.ch\/it\/wp-json\/wp\/v2\/pages\/25578","targetHints":{"allow":["GET"]}}],"collection":[{"href":"https:\/\/www.deinadieu.ch\/it\/wp-json\/wp\/v2\/pages"}],"about":[{"href":"https:\/\/www.deinadieu.ch\/it\/wp-json\/wp\/v2\/types\/page"}],"author":[{"embeddable":true,"href":"https:\/\/www.deinadieu.ch\/it\/wp-json\/wp\/v2\/users\/6026"}],"replies":[{"embeddable":true,"href":"https:\/\/www.deinadieu.ch\/it\/wp-json\/wp\/v2\/comments?post=25578"}],"version-history":[{"count":33,"href":"https:\/\/www.deinadieu.ch\/it\/wp-json\/wp\/v2\/pages\/25578\/revisions"}],"predecessor-version":[{"id":65594,"href":"https:\/\/www.deinadieu.ch\/it\/wp-json\/wp\/v2\/pages\/25578\/revisions\/65594"}],"wp:featuredmedia":[{"embeddable":true,"href":"https:\/\/www.deinadieu.ch\/it\/wp-json\/wp\/v2\/media\/25579"}],"wp:attachment":[{"href":"https:\/\/www.deinadieu.ch\/it\/wp-json\/wp\/v2\/media?parent=25578"}],"curies":[{"name":"wp","href":"https:\/\/api.w.org\/{rel}","templated":true}]}}