{"id":23143,"date":"2020-06-15T14:02:50","date_gmt":"2020-06-15T12:02:50","guid":{"rendered":"https:\/\/sta.deinadieu.ch\/eredita-legato\/"},"modified":"2024-07-10T16:44:09","modified_gmt":"2024-07-10T14:44:09","slug":"eredita-legato","status":"publish","type":"page","link":"https:\/\/www.deinadieu.ch\/it\/eredita-legato\/","title":{"rendered":"Eredit\u00e0 legato donazione"},"content":{"rendered":"\n<h2 class=\"wp-block-heading alignwide has-text-align-center\" id=\"h-erbschaft-legat-vermachtnis-oder-doch-eine-schenkung\">Eredit\u00e0, legato o una donazione?<\/h2>\n\n<div class=\"wp-block-columns alignwide is-layout-flex wp-container-core-columns-is-layout-66fad18a wp-block-columns-is-layout-flex\">\n<div class=\"wp-block-column is-layout-flow wp-block-column-is-layout-flow\">\n<div class=\"wp-block-create-block-deinadieu-cta-block\"><div class=\"inner\"><div class=\"image-container\"><img decoding=\"async\" src=\"https:\/\/www.deinadieu.ch\/wp-content\/uploads\/2020\/06\/179-3.svg\" class=\"icon\"><\/div><p class=\"heading\"><span>Eredit\u00e0<\/span><i><\/i><\/p><p class=\"text\"><span>Attraverso un&#8217;eredit\u00e0 una persona deceduta lascia alla comunione ereditaria una parte percentuale dei beni e dei debiti.<br><br><em><em>\u00ab\u2026 Hans riceve il 20% della quota a libera disposizione\u00bb <br> \u00abNomino Peter \u2026 come unico erede<\/em><\/em>\u00bb<\/span><i><\/i><\/p><a href=\"#erben\" class=\"btn btn-da\">Scoprire di pi\u00f9<\/a><\/div><\/div>\n<\/div>\n\n\n\n<div class=\"wp-block-column is-layout-flow wp-block-column-is-layout-flow\">\n<div class=\"wp-block-create-block-deinadieu-cta-block\"><div class=\"inner\"><div class=\"image-container\"><img decoding=\"async\" src=\"https:\/\/www.deinadieu.ch\/wp-content\/uploads\/2020\/06\/180-3.svg\" class=\"icon\"><\/div><p class=\"heading\"><span>Legato<\/span><i><\/i><\/p><p class=\"text\"><span>Con un legato, il beneficiario non entra a far parte della comunione ereditaria, ma riceve un importo fisso o determinati beni materiali.<br><br><em><em>\u00ab\u2026 riceve il mio orologio\u00bb o<br>riceve un legato di<br>CHF 10 000\u00bb<\/em><\/em><\/span><i><\/i><\/p><a href=\"#beguenstigungen\" class=\"btn btn-da\">Scoprire di pi\u00f9<\/a><\/div><\/div>\n<\/div>\n\n\n\n<div class=\"wp-block-column is-layout-flow wp-block-column-is-layout-flow\">\n<div class=\"wp-block-create-block-deinadieu-cta-block\"><div class=\"inner\"><div class=\"image-container\"><img decoding=\"async\" src=\"https:\/\/www.deinadieu.ch\/wp-content\/uploads\/2020\/06\/181-3.svg\" class=\"icon\"><\/div><p class=\"heading\"><span>Donazione<\/span><i><\/i><\/p><p class=\"text\"><span>Nel caso di una donazione, il donatore in vita lascia al donatario denaro o una cosa senza contraccambio.<br><br><em><em>\u00ab\u2026 Max dona a Kurt la sua collezione di francobolli\u00bb<\/em><\/em><\/span><i><\/i><\/p><a href=\"#pdf\" class=\"btn btn-da\">Scoprire di pi\u00f9<\/a><\/div><\/div>\n<\/div>\n<\/div>\n\n<div class=\"wp-block-group alignfull has-lightgrey-background-color has-background is-layout-constrained wp-container-core-group-is-layout-12e073d0 wp-block-group-is-layout-constrained\" style=\"margin-top:var(--wp--preset--spacing--80);margin-bottom:var(--wp--preset--spacing--80);padding-top:var(--wp--preset--spacing--70);padding-right:var(--wp--preset--spacing--50);padding-bottom:var(--wp--preset--spacing--70);padding-left:var(--wp--preset--spacing--50)\">\n<div class=\"wp-block-columns alignwide is-layout-flex wp-container-core-columns-is-layout-08a2a807 wp-block-columns-is-layout-flex\">\n<div class=\"wp-block-column is-vertically-aligned-top is-layout-flow wp-block-column-is-layout-flow\" style=\"flex-basis:66.66%\">\n<p class=\"has-large-font-size\" style=\"font-style:normal;font-weight:300;line-height:1.2\"><strong>Vi mostriamo chi potete favorire e come<\/strong><br\/>Facile e spiegato in modo comprensibile con esempi<\/p>\n\n\n\n<div id=\"erben\" class=\"wp-block-group is-nowrap is-layout-flex wp-container-core-group-is-layout-d90c9cc4 wp-block-group-is-layout-flex\" style=\"margin-bottom:var(--wp--preset--spacing--70)\">\n<figure class=\"wp-block-image size-full is-resized bg-da-default p-4 rounded-full\"><img decoding=\"async\" src=\"https:\/\/www.deinadieu.ch\/wp-content\/uploads\/2020\/06\/179-3.svg\" alt=\"\" class=\"wp-image-61232\" style=\"width:25px;height:25px\"\/><\/figure>\n\n\n\n<div class=\"wp-block-group is-layout-constrained wp-block-group-is-layout-constrained\">\n<h2 class=\"wp-block-heading\" id=\"h-erbschaft\"><strong>Eredit\u00e0<\/strong><\/h2>\n\n\n\n<p>Quando una persona muore, lascia dei beni (complessivamente anche \u00absuccessione\u00bb). Tale eredit\u00e0 pu\u00f2 essere ottenuta come erede legale o istituito. Gli eredi legali sono, ad esempio, i figli o il coniuge del defunto. Gli eredi istituiti sono nominati dal defunto nel testamento o nel contratto successorio. Tutti gli eredi diventano parte della comunione ereditaria e acquisiscono quindi diritti e doveri. Come erede si ha diritto ad una determinata quota della successione, a seconda con quanti altri eredi bisogna condividere. Tuttavia, si acquiscono anche i debiti del defunto.<\/p>\n\n\n\n<p>Esempio 1:<br\/><em>Theodor \u00e8 single e non ha figli. Ha una nipote, con la quale non ha quasi alcun contatto. Theodor ha sostenuto la protezione degli animali per tutta la vita e si sente saldamente attaccato agli animali. Se Theodor non facesse nulla, sua nipote sarebbe l&#8217;unica erede legale a ricevere la sua successione. Theodor decide quindi di sistemare la sua successione con un testamento e di trasferire i suoi beni, inclusa una villa a Zurigo, all&#8217;associazione per la protezione degli animali di sua scelta. Combina l&#8217;eredit\u00e0 con la condizione che l&#8217;associazione deve garantire che il suo gatto sia sempre ben curato fino alla sua morte.<\/em><\/p>\n<\/div>\n<\/div>\n\n\n\n<div id=\"beguenstigungen\" class=\"wp-block-group is-nowrap is-layout-flex wp-container-core-group-is-layout-d90c9cc4 wp-block-group-is-layout-flex\" style=\"margin-bottom:var(--wp--preset--spacing--70)\">\n<figure class=\"wp-block-image size-full is-resized bg-da-default p-4 rounded-full\"><img decoding=\"async\" src=\"https:\/\/www.deinadieu.ch\/wp-content\/uploads\/2020\/06\/180-3.svg\" alt=\"\" class=\"wp-image-61303\" style=\"width:25px;height:25px\"\/><\/figure>\n\n\n\n<div class=\"wp-block-group is-layout-constrained wp-block-group-is-layout-constrained\">\n<h2 class=\"wp-block-heading\" id=\"h-legat-vermachtnis\"><strong>Legato<\/strong><\/h2>\n\n\n\n<p>Nel caso di un legato, il legatario non entra a far parte della comunione ereditaria. Il legatario ha nei confronti della comunione ereditaria il diritto di rivendicazione su un oggetto specifico (ad es. un dipinto) o una somma specifica della successione (ad es. 10&#8217;000 CHF). Un legatario non acquisisce i debiti del defunto.<\/p>\n\n\n\n<p>Esempio 2:<br\/><em>Anton ha una figlia e una moglie. Poich\u00e9 ha sostenuto per tutta la vita un&#8217;associazione di beneficenza per bambini (senza scopo di lucro) e i bambini gli stanno molto a cuore, vorrebbe tenerne conto. Chiede consiglio all&#8217;avvocato M\u00fcller. M\u00fcller propone di considerare l&#8217;organizzazione caritatevole attraverso un lascito\/legato. In questo modo pu\u00f2 assegnare all&#8217;organizzazione no profit un determinato importo (ad es. 20&#8217;000 CHF) della sua successione. Tuttavia, l&#8217;organizzazione caritatevole non riceve alcuno status ereditario e non pu\u00f2 interferire con la figlia e la moglie nella divisione dell&#8217;eredit\u00e0. Ha diritto solo alla rivendicazione di 20&#8217;000 CHF. In questo modo, Anton pu\u00f2 sostenere i bambini svantaggiati anche oltre la morte.<\/em><\/p>\n<\/div>\n<\/div>\n\n\n\n<div id=\"pdf\" class=\"wp-block-group is-nowrap is-layout-flex wp-container-core-group-is-layout-6695fb7f wp-block-group-is-layout-flex\" style=\"margin-bottom:var(--wp--preset--spacing--70)\">\n<figure class=\"wp-block-image size-full is-resized bg-da-default p-4 rounded-full\"><img decoding=\"async\" src=\"https:\/\/www.deinadieu.ch\/wp-content\/uploads\/2020\/06\/181-3.svg\" alt=\"\" class=\"wp-image-61260\" style=\"width:25px;height:25px\"\/><\/figure>\n\n\n\n<div class=\"wp-block-group is-layout-constrained wp-block-group-is-layout-constrained\">\n<h2 class=\"wp-block-heading\" id=\"h-schenkung\"><strong>Donazione<\/strong><\/h2>\n\n\n\n<p>Nel caso di una donazione, il donatore lascia al donatario una cosa o denaro durante la sua vita. Di solito viene stipulato un contratto di donazione in cui vengono elencate le parti. La donazione differisce dall&#8217;eredit\u00e0 anche per il fatto che al donatario non viene assegnata la posizione di erede.<\/p>\n\n\n\n<p>Esempio 3:<br\/><em>Ida \u00e8 vedova e ha una sorella benestante. Tuttavia, quest&#8217;ultima si occupa poco di lei. Ida viene curata da molti anni dalla sua vicina, Charlotte. Ida ha anche molto in comune con il terzo mondo: con il suo defunto marito &#8211; un impiegato diplomatico dell&#8217;DFAE &#8211; viaggiava spesso in questa parte del mondo. Ida decide di donare gran parte dei suoi beni alla vicina Charlotte e ad un&#8217;organizzazione no profit nel campo degli aiuti allo sviluppo per il terzo mondo. Lo fa attraverso un contratto di donazione scritto durante la sua vita.<\/em><\/p>\n<\/div>\n<\/div>\n<\/div>\n\n\n\n<div class=\"wp-block-column is-layout-flow wp-block-column-is-layout-flow\" style=\"flex-basis:33.33%\">\n<div class=\"wp-block-group has-border-color has-da-default-border-color is-layout-constrained wp-container-core-group-is-layout-5587f2d9 wp-block-group-is-layout-constrained\" style=\"border-width:1px;border-radius:1rem;padding-top:var(--wp--preset--spacing--70);padding-right:var(--wp--preset--spacing--70);padding-bottom:var(--wp--preset--spacing--60);padding-left:var(--wp--preset--spacing--70)\">\n<p><strong>Considerare ora un&#8217;organizzazione umanitaria o una persona attraverso un legato<\/strong><\/p>\n\n\n\n<ul class=\"is-style-check-green wp-block-list\">\n<li>Calcolare quota a libera disposizione<\/li>\n\n\n\n<li>Prendere in considerazione una persona o organizzazione umanitaria<\/li>\n\n\n\n<li>In tre passi al testamento gratuito<\/li>\n<\/ul>\n\n\n\n<div class=\"wp-block-buttons is-layout-flex wp-block-buttons-is-layout-flex\">\n<div class=\"wp-block-button aligncenter\"><a class=\"wp-block-button__link wp-element-button\" href=\"https:\/\/app.deinadieu.ch\/testament\">Creare ora un testamento con legato<\/a><\/div>\n<\/div>\n<\/div>\n<\/div>\n<\/div>\n<\/div>\n\n<h2 class=\"wp-block-heading alignwide\">Domande frequenti<\/h2>\n\n<div class=\"wp-block-create-block-deinadieu-faq-block alignwide\" style=\"background-color:;color:\"><div class=\"container\">\n<div class=\"wp-block-create-block-deinadieu-faq-item\"><div class=\"inner\"><p class=\"title\" style=\"color:\"><span>Qual \u00e8 la differenza tra un legato e una disposizione che disciplina la divisione della propriet\u00e0?<\/span><i><\/i><\/p><p class=\"text\" style=\"color:\">Sono sinonimi. Si parla di una disposizione che disciplina la divisione della propriet\u00e0 quando una persona \u00e8 sia erede che legatario, ma il legato non \u00e8 stato chiaramente designato come legato provvisorio nel testamento (nel qual caso l&#8217;erede riceverebbe il legato in aggiunta alla sua quota ereditaria; tuttavia, il diritto legale deve essere comunque rispettato e non pu\u00f2 essere aggirato in questo modo). Nel caso di una disposizione che disciplina la divisione della propriet\u00e0, la persona non riceve il legato in aggiunta alla sua quota ereditaria, ma il primo sar\u00e0 detratto dal secondo.<\/p><\/div><\/div>\n\n\n\n<div class=\"wp-block-create-block-deinadieu-faq-item\"><div class=\"inner\"><p class=\"title\" style=\"color:\"><span>Cosa distingue eredi e legatari (nel caso di eredit\u00e0 o legato)?<\/span><i><\/i><\/p><p class=\"text\" style=\"color:\">L&#8217;erede diventa parte della comunione ereditaria. Il legatario non diventa parte della comunione ereditaria e ha solo il diritto di rivendicazione nei confronti della comunione ereditaria. Gli eredi, invece, acquisiscono una vasta gamma di diritti e doveri. \u00c8 cos\u00ec che acquisiscono anche i debiti del defunto.<\/p><\/div><\/div>\n\n\n\n<div class=\"wp-block-create-block-deinadieu-faq-item\"><div class=\"inner\"><p class=\"title\" style=\"color:\"><span>Di quale parte della successione posso disporre liberamente?<\/span><i><\/i><\/p><p class=\"text\" style=\"color:\">La cosiddetta \u00abquota a libera disposizione\u00bb viene determinata detraendo tutte le porzioni legittime dalla successione. Se c\u2019\u00e8 un coniuge e un figlio (porzioni legittime \u00bc), la quota a libera disposizione \u00e8 \u00bd. Con questa parte il defunto pu\u00f2 fare quello che vuole. Questa quota pu\u00f2 essere assegnata ad un\u2019organizzazione no profit affidabile, ad esempio.<\/p><\/div><\/div>\n\n\n\n<div class=\"wp-block-create-block-deinadieu-faq-item\"><div class=\"inner\"><p class=\"title\" style=\"color:\"><span>Cosa \u00e8 pi\u00f9 adatto per una donazione a un&#8217;organizzazione di beneficenza (eredit\u00e0 o lascito)?<\/span><i><\/i><\/p><p class=\"text\" style=\"color:\">Ci\u00f2 dipende naturalmente dalla situazione individuale. In linea di principio, un legato incide meno sugli eredi, poich\u00e9 esiste un solo diritto di rivendicazione su una cosa o una somma. Il legatario non pu\u00f2 interferire nella comunione ereditaria e non ha voce in capitolo di divisione. Se, d&#8217;altra parte, si vuole lasciare in eredit\u00e0 gran parte dei propri beni ad un&#8217;organizzazione senza scopo di lucro o persino gli interi beni ad un singolo erede, la posizione di erede \u00e8 pi\u00f9 adatta. Inoltre, gli obblighi possono essere imposti agli eredi al momento della successione (si veda l&#8217;esempio 1).<\/p><\/div><\/div>\n\n\n\n<div class=\"wp-block-create-block-deinadieu-faq-item\"><div class=\"inner\"><p class=\"title\" style=\"color:\"><span>Come posso nominare un erede o fare un legato?<\/span><i><\/i><\/p><p class=\"text\" style=\"color:\">Ci\u00f2 avviene attraverso una disposizione di ultima volont\u00e0, ovvero un testamento o un contratto successorio. Devono assolutamente essere rispettati i rispettivi requisiti di validit\u00e0.<\/p><\/div><\/div>\n\n\n\n<div class=\"wp-block-create-block-deinadieu-faq-item\"><div class=\"inner\"><p class=\"title\" style=\"color:\"><span>Come posso evitare che mio padre regali tutto il suo patrimonio durante la sua vita?<\/span><i><\/i><\/p><p class=\"text\" style=\"color:\">Gli eredi legali (discendenti, genitori, fratelli ecc.) hanno diritto di collazione. Le donazioni agli eredi legali che superano gli usuali regali di circostanza devono essere compensate dal destinatario, a meno che egli non sia stato espressamente esentato dall&#8217;obbligo di compensazione (devono essere rispettate le porzioni legittime).<\/p><\/div><\/div>\n<\/div><\/div>\n\n<div class=\"wp-block-buttons alignwide is-layout-flex wp-block-buttons-is-layout-flex\" style=\"margin-top:var(--wp--preset--spacing--70);margin-bottom:var(--wp--preset--spacing--70)\">\n<div class=\"wp-block-button\"><a class=\"wp-block-button__link wp-element-button\" href=\"https:\/\/www.deinadieu.ch\/faq\">Tutte le domande frequenti<\/a><\/div>\n<\/div>\n","protected":false},"excerpt":{"rendered":"<p>Eredit\u00e0, legato o una donazione? Vi mostriamo chi potete favorire e comeFacile e spiegato in modo comprensibile con esempi Eredit\u00e0 Quando una persona muore, lascia dei beni (complessivamente anche \u00absuccessione\u00bb). Tale eredit\u00e0 pu\u00f2 essere ottenuta come erede legale o istituito. Gli eredi legali sono, ad esempio, i figli o il coniuge del defunto. Gli eredi [&hellip;]<\/p>\n","protected":false},"author":4939,"featured_media":0,"parent":0,"menu_order":0,"comment_status":"closed","ping_status":"closed","template":"","meta":{"_acf_changed":false,"footnotes":""},"class_list":["post-23143","page","type-page","status-publish","hentry"],"acf":[],"yoast_head":"<title>Creare un testamento con legato o donazione | DeinAdieu<\/title>\n<meta name=\"description\" content=\"I termini eredit\u00e0, legato e donazione spiegati semplicemente. Considerate ora un&#039;organizzazione o una persona attraverso un legato.\" \/>\n<meta name=\"robots\" content=\"index, follow, max-snippet:-1, max-image-preview:large, max-video-preview:-1\" \/>\n<link rel=\"canonical\" href=\"https:\/\/www.deinadieu.ch\/it\/eredita-legato\/\" \/>\n<meta property=\"og:locale\" content=\"it_IT\" \/>\n<meta property=\"og:type\" content=\"article\" \/>\n<meta property=\"og:title\" content=\"Eredit\u00e0 legato donazione\" \/>\n<meta property=\"og:description\" content=\"Eredit\u00e0, legato o una donazione? Eredit\u00e0Attraverso un&#039;eredit\u00e0 una persona deceduta lascia alla comunione ereditaria una parte percentuale dei beni e dei\" \/>\n<meta property=\"og:url\" content=\"https:\/\/www.deinadieu.ch\/it\/eredita-legato\/\" \/>\n<meta property=\"og:site_name\" content=\"DeinAdieu.ch\" \/>\n<meta property=\"article:publisher\" content=\"https:\/\/www.facebook.com\/deinadieu\" \/>\n<meta property=\"article:modified_time\" content=\"2024-07-10T14:44:09+00:00\" \/>\n<meta property=\"og:image\" content=\"https:\/\/static.deinadieu.ch\/uploads\/2020\/06\/179-3.svg\" \/>\n<meta name=\"twitter:card\" content=\"summary_large_image\" \/>\n<meta name=\"twitter:site\" content=\"@DeinAdieu\" \/>\n<meta name=\"twitter:label1\" content=\"Est. reading time\" \/>\n\t<meta name=\"twitter:data1\" content=\"8 minutes\" \/>\n<script type=\"application\/ld+json\" class=\"yoast-schema-graph\">{\"@context\":\"https:\\\/\\\/schema.org\",\"@graph\":[{\"@type\":\"WebPage\",\"@id\":\"https:\\\/\\\/www.deinadieu.ch\\\/it\\\/eredita-legato\\\/\",\"url\":\"https:\\\/\\\/www.deinadieu.ch\\\/it\\\/eredita-legato\\\/\",\"name\":\"Creare un testamento con legato o donazione | DeinAdieu\",\"isPartOf\":{\"@id\":\"https:\\\/\\\/www.deinadieu.ch\\\/it\\\/#website\"},\"primaryImageOfPage\":{\"@id\":\"https:\\\/\\\/www.deinadieu.ch\\\/it\\\/eredita-legato\\\/#primaryimage\"},\"image\":{\"@id\":\"https:\\\/\\\/www.deinadieu.ch\\\/it\\\/eredita-legato\\\/#primaryimage\"},\"thumbnailUrl\":\"https:\\\/\\\/www.deinadieu.ch\\\/wp-content\\\/uploads\\\/2020\\\/06\\\/179-3.svg\",\"datePublished\":\"2020-06-15T12:02:50+00:00\",\"dateModified\":\"2024-07-10T14:44:09+00:00\",\"description\":\"I termini eredit\u00e0, legato e donazione spiegati semplicemente. Considerate ora un'organizzazione o una persona attraverso un legato.\",\"breadcrumb\":{\"@id\":\"https:\\\/\\\/www.deinadieu.ch\\\/it\\\/eredita-legato\\\/#breadcrumb\"},\"inLanguage\":\"it-IT\",\"potentialAction\":[{\"@type\":\"ReadAction\",\"target\":[\"https:\\\/\\\/www.deinadieu.ch\\\/it\\\/eredita-legato\\\/\"]}]},{\"@type\":\"ImageObject\",\"inLanguage\":\"it-IT\",\"@id\":\"https:\\\/\\\/www.deinadieu.ch\\\/it\\\/eredita-legato\\\/#primaryimage\",\"url\":\"https:\\\/\\\/www.deinadieu.ch\\\/wp-content\\\/uploads\\\/2020\\\/06\\\/179-3.svg\",\"contentUrl\":\"https:\\\/\\\/www.deinadieu.ch\\\/wp-content\\\/uploads\\\/2020\\\/06\\\/179-3.svg\"},{\"@type\":\"BreadcrumbList\",\"@id\":\"https:\\\/\\\/www.deinadieu.ch\\\/it\\\/eredita-legato\\\/#breadcrumb\",\"itemListElement\":[{\"@type\":\"ListItem\",\"position\":1,\"name\":\"Home\",\"item\":\"https:\\\/\\\/www.deinadieu.ch\\\/it\\\/deinadieu-dialog-und-serviceportal-zum-lebensende\\\/\"},{\"@type\":\"ListItem\",\"position\":2,\"name\":\"Eredit\u00e0 legato donazione\"}]},{\"@type\":\"WebSite\",\"@id\":\"https:\\\/\\\/www.deinadieu.ch\\\/it\\\/#website\",\"url\":\"https:\\\/\\\/www.deinadieu.ch\\\/it\\\/\",\"name\":\"DeinAdieu.ch\",\"description\":\"Testament, Patientenverf\u00fcgung und Vorsorgeauftrag\",\"publisher\":{\"@id\":\"https:\\\/\\\/www.deinadieu.ch\\\/it\\\/#organization\"},\"potentialAction\":[{\"@type\":\"SearchAction\",\"target\":{\"@type\":\"EntryPoint\",\"urlTemplate\":\"https:\\\/\\\/www.deinadieu.ch\\\/it\\\/?s={search_term_string}\"},\"query-input\":{\"@type\":\"PropertyValueSpecification\",\"valueRequired\":true,\"valueName\":\"search_term_string\"}}],\"inLanguage\":\"it-IT\"},{\"@type\":\"Organization\",\"@id\":\"https:\\\/\\\/www.deinadieu.ch\\\/it\\\/#organization\",\"name\":\"EMNA Web GmbH\",\"url\":\"https:\\\/\\\/www.deinadieu.ch\\\/it\\\/\",\"logo\":{\"@type\":\"ImageObject\",\"inLanguage\":\"it-IT\",\"@id\":\"https:\\\/\\\/www.deinadieu.ch\\\/it\\\/#\\\/schema\\\/logo\\\/image\\\/\",\"url\":\"https:\\\/\\\/www.deinadieu.ch\\\/wp-content\\\/uploads\\\/2016\\\/01\\\/DeinAdieu_Logo.png\",\"contentUrl\":\"https:\\\/\\\/www.deinadieu.ch\\\/wp-content\\\/uploads\\\/2016\\\/01\\\/DeinAdieu_Logo.png\",\"width\":300,\"height\":117,\"caption\":\"EMNA Web GmbH\"},\"image\":{\"@id\":\"https:\\\/\\\/www.deinadieu.ch\\\/it\\\/#\\\/schema\\\/logo\\\/image\\\/\"},\"sameAs\":[\"https:\\\/\\\/www.facebook.com\\\/deinadieu\",\"https:\\\/\\\/x.com\\\/DeinAdieu\",\"https:\\\/\\\/www.instagram.com\\\/deinadieu\\\/\",\"https:\\\/\\\/www.linkedin.com\\\/company\\\/deinadieu.ch\"]}]}<\/script>","yoast_head_json":{"title":"Creare un testamento con legato o donazione | DeinAdieu","description":"I termini eredit\u00e0, legato e donazione spiegati semplicemente. Considerate ora un'organizzazione o una persona attraverso un legato.","robots":{"index":"index","follow":"follow","max-snippet":"max-snippet:-1","max-image-preview":"max-image-preview:large","max-video-preview":"max-video-preview:-1"},"canonical":"https:\/\/www.deinadieu.ch\/it\/eredita-legato\/","og_locale":"it_IT","og_type":"article","og_title":"Eredit\u00e0 legato donazione","og_description":"Eredit\u00e0, legato o una donazione? Eredit\u00e0Attraverso un'eredit\u00e0 una persona deceduta lascia alla comunione ereditaria una parte percentuale dei beni e dei","og_url":"https:\/\/www.deinadieu.ch\/it\/eredita-legato\/","og_site_name":"DeinAdieu.ch","article_publisher":"https:\/\/www.facebook.com\/deinadieu","article_modified_time":"2024-07-10T14:44:09+00:00","og_image":[{"url":"https:\/\/static.deinadieu.ch\/uploads\/2020\/06\/179-3.svg","type":"","width":"","height":""}],"twitter_card":"summary_large_image","twitter_site":"@DeinAdieu","twitter_misc":{"Est. reading time":"8 minutes"},"schema":{"@context":"https:\/\/schema.org","@graph":[{"@type":"WebPage","@id":"https:\/\/www.deinadieu.ch\/it\/eredita-legato\/","url":"https:\/\/www.deinadieu.ch\/it\/eredita-legato\/","name":"Creare un testamento con legato o donazione | DeinAdieu","isPartOf":{"@id":"https:\/\/www.deinadieu.ch\/it\/#website"},"primaryImageOfPage":{"@id":"https:\/\/www.deinadieu.ch\/it\/eredita-legato\/#primaryimage"},"image":{"@id":"https:\/\/www.deinadieu.ch\/it\/eredita-legato\/#primaryimage"},"thumbnailUrl":"https:\/\/www.deinadieu.ch\/wp-content\/uploads\/2020\/06\/179-3.svg","datePublished":"2020-06-15T12:02:50+00:00","dateModified":"2024-07-10T14:44:09+00:00","description":"I termini eredit\u00e0, legato e donazione spiegati semplicemente. Considerate ora un'organizzazione o una persona attraverso un legato.","breadcrumb":{"@id":"https:\/\/www.deinadieu.ch\/it\/eredita-legato\/#breadcrumb"},"inLanguage":"it-IT","potentialAction":[{"@type":"ReadAction","target":["https:\/\/www.deinadieu.ch\/it\/eredita-legato\/"]}]},{"@type":"ImageObject","inLanguage":"it-IT","@id":"https:\/\/www.deinadieu.ch\/it\/eredita-legato\/#primaryimage","url":"https:\/\/www.deinadieu.ch\/wp-content\/uploads\/2020\/06\/179-3.svg","contentUrl":"https:\/\/www.deinadieu.ch\/wp-content\/uploads\/2020\/06\/179-3.svg"},{"@type":"BreadcrumbList","@id":"https:\/\/www.deinadieu.ch\/it\/eredita-legato\/#breadcrumb","itemListElement":[{"@type":"ListItem","position":1,"name":"Home","item":"https:\/\/www.deinadieu.ch\/it\/deinadieu-dialog-und-serviceportal-zum-lebensende\/"},{"@type":"ListItem","position":2,"name":"Eredit\u00e0 legato donazione"}]},{"@type":"WebSite","@id":"https:\/\/www.deinadieu.ch\/it\/#website","url":"https:\/\/www.deinadieu.ch\/it\/","name":"DeinAdieu.ch","description":"Testament, Patientenverf\u00fcgung und Vorsorgeauftrag","publisher":{"@id":"https:\/\/www.deinadieu.ch\/it\/#organization"},"potentialAction":[{"@type":"SearchAction","target":{"@type":"EntryPoint","urlTemplate":"https:\/\/www.deinadieu.ch\/it\/?s={search_term_string}"},"query-input":{"@type":"PropertyValueSpecification","valueRequired":true,"valueName":"search_term_string"}}],"inLanguage":"it-IT"},{"@type":"Organization","@id":"https:\/\/www.deinadieu.ch\/it\/#organization","name":"EMNA Web GmbH","url":"https:\/\/www.deinadieu.ch\/it\/","logo":{"@type":"ImageObject","inLanguage":"it-IT","@id":"https:\/\/www.deinadieu.ch\/it\/#\/schema\/logo\/image\/","url":"https:\/\/www.deinadieu.ch\/wp-content\/uploads\/2016\/01\/DeinAdieu_Logo.png","contentUrl":"https:\/\/www.deinadieu.ch\/wp-content\/uploads\/2016\/01\/DeinAdieu_Logo.png","width":300,"height":117,"caption":"EMNA Web GmbH"},"image":{"@id":"https:\/\/www.deinadieu.ch\/it\/#\/schema\/logo\/image\/"},"sameAs":["https:\/\/www.facebook.com\/deinadieu","https:\/\/x.com\/DeinAdieu","https:\/\/www.instagram.com\/deinadieu\/","https:\/\/www.linkedin.com\/company\/deinadieu.ch"]}]}},"_links":{"self":[{"href":"https:\/\/www.deinadieu.ch\/it\/wp-json\/wp\/v2\/pages\/23143","targetHints":{"allow":["GET"]}}],"collection":[{"href":"https:\/\/www.deinadieu.ch\/it\/wp-json\/wp\/v2\/pages"}],"about":[{"href":"https:\/\/www.deinadieu.ch\/it\/wp-json\/wp\/v2\/types\/page"}],"author":[{"embeddable":true,"href":"https:\/\/www.deinadieu.ch\/it\/wp-json\/wp\/v2\/users\/4939"}],"replies":[{"embeddable":true,"href":"https:\/\/www.deinadieu.ch\/it\/wp-json\/wp\/v2\/comments?post=23143"}],"version-history":[{"count":11,"href":"https:\/\/www.deinadieu.ch\/it\/wp-json\/wp\/v2\/pages\/23143\/revisions"}],"predecessor-version":[{"id":66702,"href":"https:\/\/www.deinadieu.ch\/it\/wp-json\/wp\/v2\/pages\/23143\/revisions\/66702"}],"wp:attachment":[{"href":"https:\/\/www.deinadieu.ch\/it\/wp-json\/wp\/v2\/media?parent=23143"}],"curies":[{"name":"wp","href":"https:\/\/api.w.org\/{rel}","templated":true}]}}