{"id":23084,"date":"2020-06-15T14:02:49","date_gmt":"2020-06-15T12:02:49","guid":{"rendered":"https:\/\/sta.deinadieu.ch\/testamento\/"},"modified":"2025-11-29T12:24:29","modified_gmt":"2025-11-29T11:24:29","slug":"testamento","status":"publish","type":"page","link":"https:\/\/www.deinadieu.ch\/it\/testamento\/","title":{"rendered":"Testamento"},"content":{"rendered":"\n<h2 class=\"wp-block-heading has-text-align-center\" id=\"h-wie-verfasse-ich-ein-testament\">Come creo un testamento?<\/h2>\n\n<div class=\"wp-block-columns alignwide is-layout-flex wp-container-core-columns-is-layout-66fad18a wp-block-columns-is-layout-flex\">\n<div class=\"wp-block-column is-layout-flow wp-block-column-is-layout-flow\">\n<div class=\"wp-block-create-block-deinadieu-cta-block\"><div class=\"inner\"><div class=\"image-container\"><img decoding=\"async\" src=\"https:\/\/www.deinadieu.ch\/wp-content\/uploads\/2023\/01\/sliders-up_white_100x100.svg\" class=\"icon\"><\/div><p class=\"heading\"><span>Registrare eredi<\/span><i><\/i><\/p><p class=\"text\"><span>Registrate tutti gli eredi legali nel nostro strumento: coniuge e parenti di sangue. \u00c8 anche possibile tenere conto dei conoscenti e delle organizzazioni &#8211; questi sono gli eredi istituiti.<br><br>\u00ab<em>\u2026 mio figlio Peter \u00e8 un erede legale\u00bb o \u00ab\u2026 la mia migliore amica Regula \u00e8 un\u2019erede istituita<\/em>\u00bb<\/span><i><\/i><\/p><a href=\"#erben\" class=\"btn btn-da\">Scoprire di pi\u00f9<\/a><\/div><\/div>\n<\/div>\n\n\n\n<div class=\"wp-block-column is-layout-flow wp-block-column-is-layout-flow\">\n<div class=\"wp-block-create-block-deinadieu-cta-block\"><div class=\"inner\"><div class=\"image-container\"><img decoding=\"async\" src=\"https:\/\/www.deinadieu.ch\/wp-content\/uploads\/2023\/01\/file-heart_white_100x100.svg\" class=\"icon\"><\/div><p class=\"heading\"><span>Stabilire le agevolazioni<\/span><i><\/i><\/p><p class=\"text\"><span>Determinate nel nostro strumento chi dovrebbe ricevere quale quota della vostra successione. Le porzioni legittime vengono automaticamente protette.<br><br><em>\u00ab\u2026 metto mio figlio al minimo \u2013 deve ricevere solo la porzione legittima\u00bb o \u00ab<\/em>\u2026<em> mia moglie Jasmin deve ottenere la quota a libera disposizione<\/em>\u00bb<\/span><i><\/i><\/p><a href=\"#beguenstigungen\" class=\"btn btn-da\">Scoprire di pi\u00f9<\/a><\/div><\/div>\n<\/div>\n\n\n\n<div class=\"wp-block-column is-layout-flow wp-block-column-is-layout-flow\">\n<div class=\"wp-block-create-block-deinadieu-cta-block\"><div class=\"inner\"><div class=\"image-container\"><img decoding=\"async\" src=\"https:\/\/www.deinadieu.ch\/wp-content\/uploads\/2023\/01\/file-pdf_white_100x100.svg\" class=\"icon\"><\/div><p class=\"heading\"><span>Trascrivere e depositare modello<\/span><i><\/i><\/p><p class=\"text\"><span>Trascrivete il vostro modello individuale a mano. Depositate il testamento. Depositate il testamento.<br><br><em>\u00ab\u2026 mia moglie sa esattamente dove trovare il mio testamento in caso di emergenza\u00bb o \u00ab\u2026 deposito il mio testamento dal mio avvocato di fiducia\u00bb o \u00ab\u2026 il mio testamento \u00e8 depositato presso il notaio<\/em>\u00bb<\/span><i><\/i><\/p><a href=\"#pdf\" class=\"btn btn-da\">Scoprire di pi\u00f9<\/a><\/div><\/div>\n<\/div>\n<\/div>\n\n<div class=\"wp-block-group alignfull has-lightgrey-background-color has-background is-layout-constrained wp-container-core-group-is-layout-12e073d0 wp-block-group-is-layout-constrained\" style=\"margin-top:var(--wp--preset--spacing--80);margin-bottom:var(--wp--preset--spacing--80);padding-top:var(--wp--preset--spacing--70);padding-right:var(--wp--preset--spacing--50);padding-bottom:var(--wp--preset--spacing--70);padding-left:var(--wp--preset--spacing--50)\">\n<div class=\"wp-block-columns alignwide is-layout-flex wp-container-core-columns-is-layout-08a2a807 wp-block-columns-is-layout-flex\">\n<div class=\"wp-block-column is-vertically-aligned-top is-layout-flow wp-block-column-is-layout-flow\" style=\"flex-basis:66.66%\">\n<p class=\"has-large-font-size\" style=\"font-style:normal;font-weight:300;line-height:1.2\"><strong>Come posso redigere un testamento gratuito<\/strong> secondo il diritto successorio svizzero?<\/p>\n\n\n\n<p><strong>Se non si redige un testamento o un contratto successorio, la successione verr\u00e0 distribuita in conformit\u00e0 con la successione legale.<\/strong> In alcune circostanze parte della successione pu\u00f2 andare allo stato. Con un testamento potete plasmare la vostra successione in base alle vostre idee. Al fine di prevenire conflitti, si raccomanda una regolazione ordinata anche in caso di eredit\u00e0 pi\u00f9 piccole.<\/p>\n\n\n\n<div style=\"height:2rem\" aria-hidden=\"true\" class=\"wp-block-spacer\"><\/div>\n\n\n\n<div id=\"erben\" class=\"wp-block-group is-nowrap is-layout-flex wp-container-core-group-is-layout-d90c9cc4 wp-block-group-is-layout-flex\" style=\"margin-bottom:var(--wp--preset--spacing--70)\">\n<figure class=\"wp-block-image size-full is-resized bg-da-default p-4 rounded-full\"><img decoding=\"async\" src=\"https:\/\/www.deinadieu.ch\/wp-content\/uploads\/2023\/01\/sliders-up_white.svg\" alt=\"\" class=\"wp-image-61232\" style=\"width:25px;height:25px\"\/><\/figure>\n\n\n\n<div class=\"wp-block-group is-layout-constrained wp-block-group-is-layout-constrained\">\n<h2 class=\"wp-block-heading\" id=\"h-erben-erfassen\"><strong>Registrare eredi<\/strong><\/h2>\n\n\n\n<p>Chi dovrebbe beneficiare della vostra successione? Prima di tutto, fate chiarezza sulla vostra parentela e le vostre relazioni familiari. Pensate chi volete beneficiare e se anche un&#8217;organizzazione non profit dovrebbe ricevere una quota della vostra eredit\u00e0. Per calcolare le porzioni legittime \u00e8 necessario registrare tutti gli eredi legali nel nostro strumento di testamento &#8211; con pochi clic del mouse. Gli eredi legali sono coniugi, partner registrati e consanguinei (cio\u00e8 genitori, nonni, figli ecc.). Solo allora potete considerare anche eredi non legali (i cosiddetti \u00aberedi istituiti\u00bb) come amici, conoscenti o organizzazioni.&#8221;<\/p>\n<\/div>\n<\/div>\n\n\n\n<div id=\"beguenstigungen\" class=\"wp-block-group is-nowrap is-layout-flex wp-container-core-group-is-layout-d90c9cc4 wp-block-group-is-layout-flex\" style=\"margin-bottom:var(--wp--preset--spacing--70)\">\n<figure class=\"wp-block-image size-full is-resized bg-da-default p-4 rounded-full\"><img decoding=\"async\" src=\"https:\/\/www.deinadieu.ch\/wp-content\/uploads\/2023\/01\/file-heart_white.svg\" alt=\"\" class=\"wp-image-61303\" style=\"width:25px;height:25px\"\/><\/figure>\n\n\n\n<div class=\"wp-block-group is-layout-constrained wp-block-group-is-layout-constrained\">\n<h2 class=\"wp-block-heading\" id=\"h-begunstigungen-festlegen\"><strong>Stabilire le agevolazioni<\/strong><\/h2>\n\n\n\n<p>Nel secondo passaggio, si determina chi degli eredi legali e istituiti dovrebbe ricevere quale quota. Nel primo diagramma, il nostro strumento mostra chi ricever\u00e0 quanto senza testamento, secondo l&#8217;eredit\u00e0 legale. Ora potete specificare i vostri desideri usando il nostro semplice metodo. Il nostro strumento vi aiuta a non dimenticare gli eredi con diritto a porzioni legittime o a violarne le parti legittime. I discendenti, ad esempio, ricevono sempre almeno il 50% della successione legale. \u00c8 possibile disporre sulla quota a libera disposizione &#8211; \u00e8 la parte dell&#8217;eredit\u00e0 che non \u00e8 soggetta alla protezione delle porzioni legittime. Se decidete di prendere in considerazione un&#8217;organizzazione, questa verr\u00e0 elencata come un legatario (<a href=\"https:\/\/www.deinadieu.ch\/it\/eredita-legato\/\" target=\"_blank\" rel=\"noreferrer noopener\">Che cos&#8217;\u00e8 un legato?<\/a>).<\/p>\n<\/div>\n<\/div>\n\n\n\n<div id=\"pdf\" class=\"wp-block-group is-nowrap is-layout-flex wp-container-core-group-is-layout-6695fb7f wp-block-group-is-layout-flex\" style=\"margin-bottom:var(--wp--preset--spacing--70)\">\n<figure class=\"wp-block-image size-full is-resized bg-da-default p-4 rounded-full\"><img decoding=\"async\" src=\"https:\/\/www.deinadieu.ch\/wp-content\/uploads\/2023\/01\/file-pdf-solid_white.svg\" alt=\"\" class=\"wp-image-61260\" style=\"width:25px;height:25px\"\/><\/figure>\n\n\n\n<div class=\"wp-block-group is-layout-constrained wp-block-group-is-layout-constrained\">\n<h2 class=\"wp-block-heading\" id=\"h-abschreiben-amp-hinterlegen\"><strong>Trascrivere e depositare<\/strong><\/h2>\n\n\n\n<p>Nel terzo passaggio, il modello di testamento viene ora elaborato. Pu\u00f2 scaricare comodamente il modello del suo testamento in formato PDF e studiarlo con calma. Ora \u00e8 importante trascrivere manualmente il vostro testamento dal modello. La vostra disposizione testamentaria deve essere assolutamente scritta a mano dall&#8217;inizio alla fine. Solo cos\u00ec \u00e8 valida. Depositate il vostro testamento da una persona di fiducia, un avvocato o al vostro comune del vostro luogo di residenza o in uno degli uffici da quest&#8217;ultimo nominati.<\/p>\n<\/div>\n<\/div>\n<\/div>\n\n\n\n<div class=\"wp-block-column is-layout-flow wp-block-column-is-layout-flow\" style=\"flex-basis:33.33%\">\n<div class=\"wp-block-group has-border-color has-da-default-border-color is-layout-constrained wp-container-core-group-is-layout-5587f2d9 wp-block-group-is-layout-constrained\" style=\"border-width:1px;border-radius:1rem;padding-top:var(--wp--preset--spacing--70);padding-right:var(--wp--preset--spacing--70);padding-bottom:var(--wp--preset--spacing--60);padding-left:var(--wp--preset--spacing--70)\">\n<p><strong>In tre passi<\/strong><br\/><strong>al modello di testamento gratuito!<\/strong><\/p>\n\n\n\n<ul class=\"wp-block-list is-style-check-green\">\n<li>Modello di testamento adattato alla vostra situazione<\/li>\n\n\n\n<li>Creare un testamento in tre passaggi<\/li>\n\n\n\n<li>La successione legale e le porzioni legittime sono visibili<\/li>\n<\/ul>\n\n\n\n<div class=\"wp-block-buttons is-layout-flex wp-block-buttons-is-layout-flex\">\n<div class=\"wp-block-button aligncenter\"><a class=\"wp-block-button__link wp-element-button\" href=\"https:\/\/app.deinadieu.ch\/testament\">Creare un testamento gratuitamente<\/a><\/div>\n<\/div>\n<\/div>\n<\/div>\n<\/div>\n<\/div>\n\n<h2 class=\"wp-block-heading alignwide\" id=\"h-haufig-gestellte-fragen\">Domande frequenti<\/h2>\n\n<div class=\"wp-block-create-block-deinadieu-faq-block alignwide\" style=\"background-color:;color:\"><div class=\"container\">\n<div class=\"wp-block-create-block-deinadieu-faq-item\"><div class=\"inner\"><p class=\"title\" style=\"color:\"><span>Quali tipi di testamento ci sono?<\/span><i><\/i><\/p><p class=\"text\" style=\"color:\">Ci sono il testamento scritto a mano, il testamento in forma pubblica e il testamento orale (anche testamento d&#8217;urgenza). Tutti e tre i tipi sono regolati nel codice civile. Il testamento scritto a mano deve essere scritto dal defunto interamente a mano (compresa l&#8217;indicazione di anno, mese e giorno della stesura) e deve essere firmato. Il testamento in forma pubblica \u00e8 redatto con la partecipazione di due testimoni da un notaio o da un altro pubblico ufficiale (a seconda del diritto cantonale). Se il defunto \u00e8 impossibilitato da circostanze straordinarie (ad es. pericolo di morte imminente) ad utilizzare una delle altre forme di disposizione testamentaria, \u00e8 autorizzato a redigere una disposizione testamentaria orale (testamento d&#8217;emergenza). Questo tipo di testamento perde il suo effetto 14 giorni dopo la cessazione della circostanza straordinaria o mantiene il suo effetto se la circostanza straordinaria perdura.<\/p><\/div><\/div>\n\n\n\n<div class=\"wp-block-create-block-deinadieu-faq-item\"><div class=\"inner\"><p class=\"title\" style=\"color:\"><span>Che tipo di testamento fa per me?<\/span><i><\/i><\/p><p class=\"text\" style=\"color:\">Di solito il testamento scritto a mano \u00e8 sufficiente. Nel caso di successioni ereditarie complesse o in caso di dubbi sulla capacit\u00e0 di discernimento del defunto al momento della realizzazione, pu\u00f2 essere utile un testamento in forma pubblica &#8211; con un chiarimento precedente della capacit\u00e0 di discernimento. Altrimenti, i testamenti scritti a mano e quelli in forma pubblica sono equivalenti. Gli atti notarili non sono &#8220;pi\u00f9&#8221; validi. In caso di dubbi, consultare un esperto.<\/p><\/div><\/div>\n\n\n\n<div class=\"wp-block-create-block-deinadieu-faq-item\"><div class=\"inner\"><p class=\"title\" style=\"color:\"><span>Quando un testamento non \u00e8 valido?<\/span><i><\/i><\/p><p class=\"text\" style=\"color:\">Il codice civile elenca i quattro possibili motivi di invalidit\u00e0: vizio di forma (ad es. testamento non scritto a mano), incapacit\u00e0 di discernimento al momento della realizzazione, vizio della volont\u00e0 (ad es. minaccia o inganno) e illegalit\u00e0 o immoralit\u00e0.<\/p><\/div><\/div>\n\n\n\n<div class=\"wp-block-create-block-deinadieu-faq-item\"><div class=\"inner\"><p class=\"title\" style=\"color:\"><span>Posso disporre liberamente della mia successione nel mio testamento?<\/span><i><\/i><\/p><p class=\"text\" style=\"color:\">S\u00ec e no. Potete disporre liberamente della quota a libera disposizione. Gli eredi a cui spetta una porzione legittima godono di un certo livello di protezione. Dovreste osservare le porzioni legittime dei vostri figli e del vostro coniuge in modo che non ci possano essere controversie. La parte che va oltre queste porzioni legittime \u00e8 libera. Ad esempio, potete lasciarlo in eredit\u00e0 a un&#8217;organizzazione affidabile o lasciarlo a chiunque. Potete trovare ulteriori informazioni su varie organizzazioni sul nostro sito Web. Puoi anche calcolare la quota disponibile utilizzando la procedura guidata per il testamento online.<\/p><\/div><\/div>\n\n\n\n<div class=\"wp-block-create-block-deinadieu-faq-item\"><div class=\"inner\"><p class=\"title\" style=\"color:\"><span>I coniugi possono elaborare un testamento comune?<\/span><i><\/i><\/p><p class=\"text\" style=\"color:\">No. La legge svizzera sul diritto successorio non riconosce questa forma. Poich\u00e9 il testamento scritto a mano deve essere scritto interamente a mano, questo \u00e8 escluso. Se i coniugi vogliono regolare congiuntamente la propria successione, devono farlo attraverso un contratto successorio con un notaio o un altro pubblico ufficiale.<\/p><\/div><\/div>\n\n\n\n<div class=\"wp-block-create-block-deinadieu-faq-item\"><div class=\"inner\"><p class=\"title\" style=\"color:\"><span>Che cos&#8217;\u00e8 un contratto successorio? In cosa differisce dal testamento?<\/span><i><\/i><\/p><p class=\"text\" style=\"color:\">Oltre al testamento, un contratto successorio \u00e8 un&#8217;altra disposizione a causa di morte. A differenza del testamento, il contratto successorio \u00e8 concordato contrattualmente tra il defunto e gli eredi. Con il consenso degli eredi si possono anche evitare porzioni legittime. Il contratto successorio deve sempre essere autenticato e non pu\u00f2 essere modificato unilateralmente<\/p><\/div><\/div>\n\n\n\n<div class=\"wp-block-create-block-deinadieu-faq-item\"><div class=\"inner\"><p class=\"title\" style=\"color:\"><span>Perch\u00e9 alcuni testatori nominano un esecutore testamentario?<\/span><i><\/i><\/p><p class=\"text\" style=\"color:\">Una divisione ereditaria basata su un testamento non \u00e8 sempre armoniosa. La gelosia o i sentimenti feriti in precedenza a volte rendono difficile una divisione funzionale dell&#8217;eredit\u00e0. Al fine di evitare controversie nella gestione dell&#8217;eredit\u00e0, \u00e8 possibile nominare nel testamento un esecutore testamentario. Egli garantisce che la vostra ultima volont\u00e0 sia eseguita come desiderate e che gli eredi siano liberati da questo compito. L&#8217;esecutore testamentario dovrebbe godere della fiducia degli eredi ed essere imparziale &#8211; spesso avvocati o notai sono chiamati a farlo. Gli esecutori testamentari hanno i seguenti compiti: identificazione degli eredi, creazione di un inventario della successione, amministrazione della successione, pagamento dei debiti, gestione dell&#8217;eredit\u00e0, preparazione della divisione ereditaria e procedimento con il consenso di tutti gli eredi.<\/p><\/div><\/div>\n<\/div><\/div>\n\n<div class=\"wp-block-buttons alignwide is-layout-flex wp-block-buttons-is-layout-flex\" style=\"margin-top:var(--wp--preset--spacing--70);margin-bottom:var(--wp--preset--spacing--70)\">\n<div class=\"wp-block-button\"><a class=\"wp-block-button__link wp-element-button\" href=\"https:\/\/www.deinadieu.ch\/faq-category\/testament-erben\/\">Tutte le domande frequenti<\/a><\/div>\n<\/div>\n","protected":false},"excerpt":{"rendered":"<p>Come creo un testamento? Come posso redigere un testamento gratuito secondo il diritto successorio svizzero? Se non si redige un testamento o un contratto successorio, la successione verr\u00e0 distribuita in conformit\u00e0 con la successione legale. In alcune circostanze parte della successione pu\u00f2 andare allo stato. Con un testamento potete plasmare la vostra successione in base [&hellip;]<\/p>\n","protected":false},"author":4939,"featured_media":0,"parent":0,"menu_order":0,"comment_status":"closed","ping_status":"closed","template":"","meta":{"_acf_changed":false,"footnotes":""},"class_list":["post-23084","page","type-page","status-publish","hentry"],"acf":[],"yoast_head":"<title>Scrivere un testamento olografo svizzero - Assistente al testamento | DeinAdieu<\/title>\n<meta name=\"description\" content=\"Redigete il vostro testamento gratuitamente: invece di usare un modello, potete inserire i dati rilevanti direttamente nel nostro assistente al testamento.\" \/>\n<meta name=\"robots\" content=\"index, follow, max-snippet:-1, max-image-preview:large, max-video-preview:-1\" \/>\n<link rel=\"canonical\" href=\"https:\/\/www.deinadieu.ch\/it\/testamento\/\" \/>\n<meta property=\"og:locale\" content=\"it_IT\" \/>\n<meta property=\"og:type\" content=\"article\" \/>\n<meta property=\"og:title\" content=\"Testamento\" \/>\n<meta property=\"og:description\" content=\"Come creo un testamento? Registrare erediRegistrate tutti gli eredi legali nel nostro strumento: coniuge e parenti di sangue. \u00c8 anche possibile tenere\" \/>\n<meta property=\"og:url\" content=\"https:\/\/www.deinadieu.ch\/it\/testamento\/\" \/>\n<meta property=\"og:site_name\" content=\"DeinAdieu.ch\" \/>\n<meta property=\"article:publisher\" content=\"https:\/\/www.facebook.com\/deinadieu\" \/>\n<meta property=\"article:modified_time\" content=\"2025-11-29T11:24:29+00:00\" \/>\n<meta property=\"og:image\" content=\"https:\/\/static.deinadieu.ch\/uploads\/2023\/01\/sliders-up_white_100x100.svg\" \/>\n<meta name=\"twitter:card\" content=\"summary_large_image\" \/>\n<meta name=\"twitter:site\" content=\"@DeinAdieu\" \/>\n<meta name=\"twitter:label1\" content=\"Est. reading time\" \/>\n\t<meta name=\"twitter:data1\" content=\"8 minutes\" \/>\n<script type=\"application\/ld+json\" class=\"yoast-schema-graph\">{\"@context\":\"https:\\\/\\\/schema.org\",\"@graph\":[{\"@type\":\"WebPage\",\"@id\":\"https:\\\/\\\/www.deinadieu.ch\\\/it\\\/testamento\\\/\",\"url\":\"https:\\\/\\\/www.deinadieu.ch\\\/it\\\/testamento\\\/\",\"name\":\"Scrivere un testamento olografo svizzero - Assistente al testamento | DeinAdieu\",\"isPartOf\":{\"@id\":\"https:\\\/\\\/www.deinadieu.ch\\\/it\\\/#website\"},\"primaryImageOfPage\":{\"@id\":\"https:\\\/\\\/www.deinadieu.ch\\\/it\\\/testamento\\\/#primaryimage\"},\"image\":{\"@id\":\"https:\\\/\\\/www.deinadieu.ch\\\/it\\\/testamento\\\/#primaryimage\"},\"thumbnailUrl\":\"https:\\\/\\\/www.deinadieu.ch\\\/wp-content\\\/uploads\\\/2023\\\/01\\\/sliders-up_white_100x100.svg\",\"datePublished\":\"2020-06-15T12:02:49+00:00\",\"dateModified\":\"2025-11-29T11:24:29+00:00\",\"description\":\"Redigete il vostro testamento gratuitamente: invece di usare un modello, potete inserire i dati rilevanti direttamente nel nostro assistente al testamento.\",\"breadcrumb\":{\"@id\":\"https:\\\/\\\/www.deinadieu.ch\\\/it\\\/testamento\\\/#breadcrumb\"},\"inLanguage\":\"it-IT\",\"potentialAction\":[{\"@type\":\"ReadAction\",\"target\":[\"https:\\\/\\\/www.deinadieu.ch\\\/it\\\/testamento\\\/\"]}]},{\"@type\":\"ImageObject\",\"inLanguage\":\"it-IT\",\"@id\":\"https:\\\/\\\/www.deinadieu.ch\\\/it\\\/testamento\\\/#primaryimage\",\"url\":\"https:\\\/\\\/www.deinadieu.ch\\\/wp-content\\\/uploads\\\/2023\\\/01\\\/sliders-up_white_100x100.svg\",\"contentUrl\":\"https:\\\/\\\/www.deinadieu.ch\\\/wp-content\\\/uploads\\\/2023\\\/01\\\/sliders-up_white_100x100.svg\"},{\"@type\":\"BreadcrumbList\",\"@id\":\"https:\\\/\\\/www.deinadieu.ch\\\/it\\\/testamento\\\/#breadcrumb\",\"itemListElement\":[{\"@type\":\"ListItem\",\"position\":1,\"name\":\"Home\",\"item\":\"https:\\\/\\\/www.deinadieu.ch\\\/it\\\/deinadieu-dialog-und-serviceportal-zum-lebensende\\\/\"},{\"@type\":\"ListItem\",\"position\":2,\"name\":\"Testamento\"}]},{\"@type\":\"WebSite\",\"@id\":\"https:\\\/\\\/www.deinadieu.ch\\\/it\\\/#website\",\"url\":\"https:\\\/\\\/www.deinadieu.ch\\\/it\\\/\",\"name\":\"DeinAdieu.ch\",\"description\":\"Testament, Patientenverf\u00fcgung und Vorsorgeauftrag\",\"publisher\":{\"@id\":\"https:\\\/\\\/www.deinadieu.ch\\\/it\\\/#organization\"},\"potentialAction\":[{\"@type\":\"SearchAction\",\"target\":{\"@type\":\"EntryPoint\",\"urlTemplate\":\"https:\\\/\\\/www.deinadieu.ch\\\/it\\\/?s={search_term_string}\"},\"query-input\":{\"@type\":\"PropertyValueSpecification\",\"valueRequired\":true,\"valueName\":\"search_term_string\"}}],\"inLanguage\":\"it-IT\"},{\"@type\":\"Organization\",\"@id\":\"https:\\\/\\\/www.deinadieu.ch\\\/it\\\/#organization\",\"name\":\"EMNA Web GmbH\",\"url\":\"https:\\\/\\\/www.deinadieu.ch\\\/it\\\/\",\"logo\":{\"@type\":\"ImageObject\",\"inLanguage\":\"it-IT\",\"@id\":\"https:\\\/\\\/www.deinadieu.ch\\\/it\\\/#\\\/schema\\\/logo\\\/image\\\/\",\"url\":\"https:\\\/\\\/www.deinadieu.ch\\\/wp-content\\\/uploads\\\/2016\\\/01\\\/DeinAdieu_Logo.png\",\"contentUrl\":\"https:\\\/\\\/www.deinadieu.ch\\\/wp-content\\\/uploads\\\/2016\\\/01\\\/DeinAdieu_Logo.png\",\"width\":300,\"height\":117,\"caption\":\"EMNA Web GmbH\"},\"image\":{\"@id\":\"https:\\\/\\\/www.deinadieu.ch\\\/it\\\/#\\\/schema\\\/logo\\\/image\\\/\"},\"sameAs\":[\"https:\\\/\\\/www.facebook.com\\\/deinadieu\",\"https:\\\/\\\/x.com\\\/DeinAdieu\",\"https:\\\/\\\/www.instagram.com\\\/deinadieu\\\/\",\"https:\\\/\\\/www.linkedin.com\\\/company\\\/deinadieu.ch\"]}]}<\/script>","yoast_head_json":{"title":"Scrivere un testamento olografo svizzero - Assistente al testamento | DeinAdieu","description":"Redigete il vostro testamento gratuitamente: invece di usare un modello, potete inserire i dati rilevanti direttamente nel nostro assistente al testamento.","robots":{"index":"index","follow":"follow","max-snippet":"max-snippet:-1","max-image-preview":"max-image-preview:large","max-video-preview":"max-video-preview:-1"},"canonical":"https:\/\/www.deinadieu.ch\/it\/testamento\/","og_locale":"it_IT","og_type":"article","og_title":"Testamento","og_description":"Come creo un testamento? Registrare erediRegistrate tutti gli eredi legali nel nostro strumento: coniuge e parenti di sangue. \u00c8 anche possibile tenere","og_url":"https:\/\/www.deinadieu.ch\/it\/testamento\/","og_site_name":"DeinAdieu.ch","article_publisher":"https:\/\/www.facebook.com\/deinadieu","article_modified_time":"2025-11-29T11:24:29+00:00","og_image":[{"url":"https:\/\/static.deinadieu.ch\/uploads\/2023\/01\/sliders-up_white_100x100.svg","type":"","width":"","height":""}],"twitter_card":"summary_large_image","twitter_site":"@DeinAdieu","twitter_misc":{"Est. reading time":"8 minutes"},"schema":{"@context":"https:\/\/schema.org","@graph":[{"@type":"WebPage","@id":"https:\/\/www.deinadieu.ch\/it\/testamento\/","url":"https:\/\/www.deinadieu.ch\/it\/testamento\/","name":"Scrivere un testamento olografo svizzero - Assistente al testamento | DeinAdieu","isPartOf":{"@id":"https:\/\/www.deinadieu.ch\/it\/#website"},"primaryImageOfPage":{"@id":"https:\/\/www.deinadieu.ch\/it\/testamento\/#primaryimage"},"image":{"@id":"https:\/\/www.deinadieu.ch\/it\/testamento\/#primaryimage"},"thumbnailUrl":"https:\/\/www.deinadieu.ch\/wp-content\/uploads\/2023\/01\/sliders-up_white_100x100.svg","datePublished":"2020-06-15T12:02:49+00:00","dateModified":"2025-11-29T11:24:29+00:00","description":"Redigete il vostro testamento gratuitamente: invece di usare un modello, potete inserire i dati rilevanti direttamente nel nostro assistente al testamento.","breadcrumb":{"@id":"https:\/\/www.deinadieu.ch\/it\/testamento\/#breadcrumb"},"inLanguage":"it-IT","potentialAction":[{"@type":"ReadAction","target":["https:\/\/www.deinadieu.ch\/it\/testamento\/"]}]},{"@type":"ImageObject","inLanguage":"it-IT","@id":"https:\/\/www.deinadieu.ch\/it\/testamento\/#primaryimage","url":"https:\/\/www.deinadieu.ch\/wp-content\/uploads\/2023\/01\/sliders-up_white_100x100.svg","contentUrl":"https:\/\/www.deinadieu.ch\/wp-content\/uploads\/2023\/01\/sliders-up_white_100x100.svg"},{"@type":"BreadcrumbList","@id":"https:\/\/www.deinadieu.ch\/it\/testamento\/#breadcrumb","itemListElement":[{"@type":"ListItem","position":1,"name":"Home","item":"https:\/\/www.deinadieu.ch\/it\/deinadieu-dialog-und-serviceportal-zum-lebensende\/"},{"@type":"ListItem","position":2,"name":"Testamento"}]},{"@type":"WebSite","@id":"https:\/\/www.deinadieu.ch\/it\/#website","url":"https:\/\/www.deinadieu.ch\/it\/","name":"DeinAdieu.ch","description":"Testament, Patientenverf\u00fcgung und Vorsorgeauftrag","publisher":{"@id":"https:\/\/www.deinadieu.ch\/it\/#organization"},"potentialAction":[{"@type":"SearchAction","target":{"@type":"EntryPoint","urlTemplate":"https:\/\/www.deinadieu.ch\/it\/?s={search_term_string}"},"query-input":{"@type":"PropertyValueSpecification","valueRequired":true,"valueName":"search_term_string"}}],"inLanguage":"it-IT"},{"@type":"Organization","@id":"https:\/\/www.deinadieu.ch\/it\/#organization","name":"EMNA Web GmbH","url":"https:\/\/www.deinadieu.ch\/it\/","logo":{"@type":"ImageObject","inLanguage":"it-IT","@id":"https:\/\/www.deinadieu.ch\/it\/#\/schema\/logo\/image\/","url":"https:\/\/www.deinadieu.ch\/wp-content\/uploads\/2016\/01\/DeinAdieu_Logo.png","contentUrl":"https:\/\/www.deinadieu.ch\/wp-content\/uploads\/2016\/01\/DeinAdieu_Logo.png","width":300,"height":117,"caption":"EMNA Web GmbH"},"image":{"@id":"https:\/\/www.deinadieu.ch\/it\/#\/schema\/logo\/image\/"},"sameAs":["https:\/\/www.facebook.com\/deinadieu","https:\/\/x.com\/DeinAdieu","https:\/\/www.instagram.com\/deinadieu\/","https:\/\/www.linkedin.com\/company\/deinadieu.ch"]}]}},"_links":{"self":[{"href":"https:\/\/www.deinadieu.ch\/it\/wp-json\/wp\/v2\/pages\/23084","targetHints":{"allow":["GET"]}}],"collection":[{"href":"https:\/\/www.deinadieu.ch\/it\/wp-json\/wp\/v2\/pages"}],"about":[{"href":"https:\/\/www.deinadieu.ch\/it\/wp-json\/wp\/v2\/types\/page"}],"author":[{"embeddable":true,"href":"https:\/\/www.deinadieu.ch\/it\/wp-json\/wp\/v2\/users\/4939"}],"replies":[{"embeddable":true,"href":"https:\/\/www.deinadieu.ch\/it\/wp-json\/wp\/v2\/comments?post=23084"}],"version-history":[{"count":16,"href":"https:\/\/www.deinadieu.ch\/it\/wp-json\/wp\/v2\/pages\/23084\/revisions"}],"predecessor-version":[{"id":74603,"href":"https:\/\/www.deinadieu.ch\/it\/wp-json\/wp\/v2\/pages\/23084\/revisions\/74603"}],"wp:attachment":[{"href":"https:\/\/www.deinadieu.ch\/it\/wp-json\/wp\/v2\/media?parent=23084"}],"curies":[{"name":"wp","href":"https:\/\/api.w.org\/{rel}","templated":true}]}}