{"id":60782,"date":"2016-05-27T12:42:32","date_gmt":"2016-05-27T10:42:32","guid":{"rendered":"https:\/\/www.deinadieu.ch\/bulletin-dinformation\/"},"modified":"2022-11-21T14:39:27","modified_gmt":"2022-11-21T13:39:27","slug":"bulletin-dinformation","status":"publish","type":"page","link":"https:\/\/www.deinadieu.ch\/fr\/bulletin-dinformation\/","title":{"rendered":"Bulletin d&#8217;information"},"content":{"rendered":"\n<!--Zoho Campaigns Web-Optin Form's Header Code Starts Here-->\n\n<script type=\"text\/javascript\" src=\"https:\/\/emna.maillist-manage.eu\/js\/optin.min.js\" onload=\"setupSF('sf7ec11e541fee18e103fa31b9d6ed09f56a73058460b2a736','ZCFORMVIEW',false,'light',false,'0')\"><\/script>\n<script type=\"text\/javascript\">\n\tfunction runOnFormSubmit_sf7ec11e541fee18e103fa31b9d6ed09f56a73058460b2a736(th){\n\t\t\/*Before submit, if you want to trigger your event, \"include your code here\"*\/\n\t};\n<\/script>\n\n<style>\n::-webkit-input-placeholder {\n    color: rgb(62, 62, 62)\n}\n<\/style>\n\n<!--Zoho Campaigns Web-Optin Form's Header Code Ends Here--><!--Zoho Campaigns Web-Optin Form Starts Here-->\n\n<div id=\"sf7ec11e541fee18e103fa31b9d6ed09f56a73058460b2a736\" data-type=\"signupform\" style=\"opacity: 1;\">\n\t<div id=\"customForm\">\n\t\t<div name=\"SIGNUP_BODY\" changeitem=\"BG_IMAGE\" style=\"position: relative; font-family: Arial; background-color: rgb(255, 255, 255); margin: auto; overflow: hidden; width: 322px; height: 411px\">\n\t\t\t<div changeitem=\"ELEGANTFORM_IMAGE\" style=\"width: 100%; height: 100%; position: absolute; bottom: 0\">\n\t\t\t\t<img style=\"width: 100%; height: 100%; position: relative; visibility: hidden\"\/>\n\t\t\t<\/div>\n\t\t\t<div style=\"text-align: center; width: 100%; float: left; margin-top: 115px; position: relative; z-index: 2\">\n\t\t\t\t<div style=\"position:relative;\">\n\t\t\t\t\t<div id=\"Zc_SignupSuccess\" style=\"display:none;position:absolute;margin-left:4%;width:90%;background-color: white; padding: 3px; border: 3px solid rgb(194, 225, 154); margin-top: 10px;margin-bottom:10px;word-break:break-all\">\n\t\t\t\t\t\t<table width=\"100%\" cellpadding=\"0\" cellspacing=\"0\" border=\"0\">\n\t\t\t\t\t\t\t<tbody>\n\t\t\t\t\t\t\t\t<tr>\n\t\t\t\t\t\t\t\t\t<td width=\"10%\">\n\t\t\t\t\t\t\t\t\t\t<img decoding=\"async\" class=\"successicon\" src=\"https:\/\/emna.maillist-manage.eu\/images\/challangeiconenable.jpg\" align=\"absmiddle\"\/>\n\t\t\t\t\t\t\t\t\t<\/td>\n\t\t\t\t\t\t\t\t\t<td>\n\t\t\t\t\t\t\t\t\t\t<span id=\"signupSuccessMsg\" style=\"color: rgb(73, 140, 132); font-family: sans-serif; font-size: 14px;word-break:break-word\"> Thank you for Signing Up<\/span>\n\t\t\t\t\t\t\t\t\t<\/td>\n\t\t\t\t\t\t\t\t<\/tr>\n\t\t\t\t\t\t\t<\/tbody>\n\t\t\t\t\t\t<\/table>\n\t\t\t\t\t<\/div>\n\t\t\t\t<\/div>\n\t\t\t\t<form method=\"POST\" id=\"zcampaignOptinForm\" style=\"margin: 0px; width: 100%; color: rgb(255, 255, 255)\" action=\"https:\/\/maillist-manage.eu\/weboptin.zc\" target=\"_zcSignup\">\n\t\t\t\t\t<div style=\"background-color: rgb(255, 235, 232); padding: 10px; color: rgb(210, 0, 0); font-size: 11px; border: 1px solid rgb(255, 217, 211); opacity: 1; position: absolute; width: 80%; margin: 20px 10%; box-shadow: rgb(27, 27, 27) 0px 5px 12px 0px; margin: -50px 10%; z-index: 2; box-sizing: border-box; display: none\" id=\"errorMsgDiv\">Veuillez corriger le(s) champ(s) marqu\u00e9(s) ci-dessous.<\/div>\n\t\t\t\t\t<div style=\"font-size: 18px; font-family:  \" poppins=\"\" sans-serif=\"\" font-weight:=\"\" bold=\"\" color:=\"\" rgb=\"\" line-height:=\"\" text-align:=\"\" center=\"\" margin:=\"\" width:=\"\" float:=\"\" left=\"\">Bulletin d&#8217;information<\/div>\n\t\t\t\t\t<div style=\"font-size: 14px; font-family:  \" poppins=\"\" sans-serif=\"\" font-weight:=\"\" normal=\"\" color:=\"\" rgb=\"\" float:=\"\" left=\"\" text-align:=\"\" center=\"\" width:=\"\" margin:=\"\">Nous vous remercions de votre int\u00e9r\u00eat.<\/div>\n\t\t\t\t\t<div style=\"position: relative; width: 230px; height: 40px; margin-bottom: 20px; display: inline-block\">\n\t\t\t\t\t\t<input type=\"text\" style=\"border: 1px solid rgb(188, 188, 188); outline: none; border-radius: 15px; background-color: transparent; width: 100%; height: 100%; color: rgb(136, 136, 136); font-family:  \" poppins=\"\" sans-serif=\"\" text-align:=\"\" left=\"\" padding:=\"\" placeholder=\"Nom\" changeitem=\"SIGNUP_FORM_FIELD\" name=\"FIRSTNAME\" id=\"FIRSTNAME\"\/>\n\t\t\t\t\t<\/div>\n\t\t\t\t\t<div style=\"text-align: center; width: 230px; height: 40px; margin: auto; margin-bottom: 20px\">\n\t\t\t\t\t\t<div id=\"Zc_SignupSuccess\" style=\"position: absolute; width: 87%; background-color: white; padding: 3px; border: 3px solid rgb(194, 225, 154); margin-bottom: 10px; word-break: break-all; opacity: 1; display: none\">\n\t\t\t\t\t\t\t<div style=\"width: 20px; padding: 5px; display: table-cell\">\n\t\t\t\t\t\t\t\t<img decoding=\"async\" class=\"successicon\" src=\"https:\/\/campaigns.zoho.com\/images\/challangeiconenable.jpg\" style=\"width: 20px\"\/>\n\t\t\t\t\t\t\t<\/div>\n\t\t\t\t\t\t\t<div style=\"display: table-cell\">\n\t\t\t\t\t\t\t\t<span id=\"signupSuccessMsg\" style=\"color: rgb(73, 140, 132); font-family: sans-serif; font-size: 14px; line-height: 30px; display: block\"><\/span>\n\t\t\t\t\t\t\t<\/div>\n\t\t\t\t\t\t<\/div>\n\t\t\t\t\t\t<input placeholder=\"Adresse \u00e9lectronique\" changeitem=\"SIGNUP_FORM_FIELD\" name=\"CONTACT_EMAIL\" id=\"EMBED_FORM_EMAIL_LABEL\" type=\"text\" style=\"border: 1px solid rgb(188, 188, 188); outline: none; border-radius: 15px; background-color: transparent; width: 100%; height: 100%; color: rgb(136, 136, 136); font-family:  \" poppins=\"\" sans-serif=\"\" text-align:=\"\" left=\"\" padding:=\"\"\/>\n\t\t\t\t\t<\/div>\n\t\t\t\t\t<div style=\"position: relative; width: 230px; height: 42px; margin-top: 15px; display: inline-block\">\n\t\t\t\t\t\t<input type=\"button\" style=\"text-align: center; background-color: rgb(47, 31, 60); color: rgb(255, 255, 255); width: 100%; height: 100%; border-radius: 15px; border: 0px; cursor: pointer; outline: none; font-size: 14px; font-weight: bold; font-family: Poppins, Arial, sans-serif\" name=\"SIGNUP_SUBMIT_BUTTON\" id=\"zcWebOptin\" value=\"S'inscrire\"\/>\n\t\t\t\t\t<\/div>\n\t\t\t\t\t<input type=\"hidden\" id=\"fieldBorder\" value=\"\"\/>\n\t\t\t\t\t<input type=\"hidden\" id=\"submitType\" name=\"submitType\" value=\"optinCustomView\"\/>\n\t\t\t\t\t<input type=\"hidden\" id=\"emailReportId\" name=\"emailReportId\" value=\"\"\/>\n\t\t\t\t\t<input type=\"hidden\" id=\"formType\" name=\"formType\" value=\"QuickForm\"\/>\n\t\t\t\t\t<input type=\"hidden\" name=\"zx\" id=\"cmpZuid\" value=\"14ac0046ba\"\/>\n\t\t\t\t\t<input type=\"hidden\" name=\"zcvers\" value=\"2.0\"\/>\n\t\t\t\t\t<input type=\"hidden\" name=\"oldListIds\" id=\"allCheckedListIds\" value=\"\"\/>\n\t\t\t\t\t<input type=\"hidden\" id=\"mode\" name=\"mode\" value=\"OptinCreateView\"\/>\n\t\t\t\t\t<input type=\"hidden\" id=\"zcld\" name=\"zcld\" value=\"16aec27130c977\"\/>\n\t\t\t\t\t<input type=\"hidden\" id=\"document_domain\" value=\"\"\/>\n\t\t\t\t\t<input type=\"hidden\" id=\"zc_Url\" value=\"emna.maillist-manage.eu\"\/>\n\t\t\t\t\t<input type=\"hidden\" id=\"new_optin_response_in\" value=\"0\"\/>\n\t\t\t\t\t<input type=\"hidden\" id=\"duplicate_optin_response_in\" value=\"0\"\/>\n\t\t\t\t\t<input type=\"hidden\" name=\"zc_trackCode\" id=\"zc_trackCode\" value=\"ZCFORMVIEW\"\/>\n\t\t\t\t\t<input type=\"hidden\" id=\"zc_formIx\" name=\"zc_formIx\" value=\"7ec11e541fee18e103fa31b9d6ed09f56a73058460b2a736\"\/>\n\t\t\t\t\t<input type=\"hidden\" id=\"viewFrom\" value=\"URL_ACTION\"\/>\n\t\t\t\t\t<span style=\"display: none\" id=\"dt_CONTACT_EMAIL\">1,true,6,Kontakt-E-Mail,2<\/span>\n\t\t\t\t\t<span style=\"display: none\" id=\"dt_FIRSTNAME\">1,false,1,Vorname,2<\/span>\n\t\t\t\t\t<span style=\"display: none\" id=\"dt_LASTNAME\">1,false,1,Nachname,2<\/span>\n\t\t\t\t<\/form>\n\t\t\t<\/div>\n\t\t<\/div>\n\t<\/div>\n\t<img decoding=\"async\" src=\"https:\/\/emna.maillist-manage.eu\/images\/spacer.gif\" id=\"refImage\" onload=\"referenceSetter(this)\" style=\"display:none;\"\/>\n<\/div>\n<input type=\"hidden\" id=\"signupFormType\" value=\"QuickForm_Vertical\"\/>\n<div id=\"zcOptinOverLay\" oncontextmenu=\"return false\" style=\"display:none;text-align: center; background-color: rgb(0, 0, 0); opacity: 0.5; z-index: 100; position: fixed; width: 100%; top: 0px; left: 0px; height: 988px;\"><\/div>\n<div id=\"zcOptinSuccessPopup\" style=\"display:none;z-index: 9999;width: 800px; height: 40%;top: 84px;position: fixed; left: 26%;background-color: #FFFFFF;border-color: #E6E6E6; border-style: solid; border-width: 1px; box-shadow: 0 1px 10px #424242;padding: 35px;\">\n\t<span style=\"position: absolute;top: -16px;right:-14px;z-index:99999;cursor: pointer;\" id=\"closeSuccess\">\n\t\t<img decoding=\"async\" src=\"https:\/\/emna.maillist-manage.eu\/images\/videoclose.png\"\/>\n\t<\/span>\n\t<div id=\"zcOptinSuccessPanel\"><\/div>\n<\/div>\n\n<!--Zoho Campaigns Web-Optin Form Ends Here-->\n","protected":false},"excerpt":{"rendered":"<p>Thank you for Signing Up Veuillez corriger le(s) champ(s) marqu\u00e9(s) ci-dessous. Bulletin d&#8217;information Nous vous remercions de votre int\u00e9r\u00eat. 1,true,6,Kontakt-E-Mail,2 1,false,1,Vorname,2 1,false,1,Nachname,2<\/p>\n","protected":false},"author":4998,"featured_media":0,"parent":0,"menu_order":0,"comment_status":"closed","ping_status":"closed","template":"","meta":{"_acf_changed":false,"footnotes":""},"class_list":["post-60782","page","type-page","status-publish","hentry"],"acf":[],"yoast_head":"<title>Newsletter - Abonnez-vous \u00e0 notre newsletter !<\/title>\n<meta name=\"description\" content=\"DeinAdieu - Votre portail de dialogue et de services autour de la derni\u00e8re \u00e9tape de la vie. Abonnez-vous \u00e0 notre newsletter et restez inform\u00e9.\" \/>\n<meta name=\"robots\" content=\"index, follow, max-snippet:-1, max-image-preview:large, max-video-preview:-1\" \/>\n<link rel=\"canonical\" href=\"https:\/\/www.deinadieu.ch\/fr\/bulletin-dinformation\/\" \/>\n<meta property=\"og:locale\" content=\"fr_FR\" \/>\n<meta property=\"og:type\" content=\"article\" \/>\n<meta property=\"og:title\" content=\"Bulletin d&#039;information\" \/>\n<meta property=\"og:description\" content=\"Thank you for Signing Up Veuillez corriger le(s) champ(s) marqu\u00e9(s) ci-dessous. Bulletin d&#039;information Nous vous remercions de votre int\u00e9r\u00eat.\" \/>\n<meta property=\"og:url\" content=\"https:\/\/www.deinadieu.ch\/fr\/bulletin-dinformation\/\" \/>\n<meta property=\"og:site_name\" content=\"DeinAdieu.ch\" \/>\n<meta property=\"article:publisher\" content=\"https:\/\/www.facebook.com\/deinadieu\" \/>\n<meta property=\"article:modified_time\" content=\"2022-11-21T13:39:27+00:00\" \/>\n<meta property=\"og:image\" content=\"https:\/\/emna.maillist-manage.eu\/images\/challangeiconenable.jpg\" \/>\n<meta name=\"twitter:card\" content=\"summary_large_image\" \/>\n<meta name=\"twitter:site\" content=\"@DeinAdieu\" \/>\n<script type=\"application\/ld+json\" class=\"yoast-schema-graph\">{\"@context\":\"https:\\\/\\\/schema.org\",\"@graph\":[{\"@type\":\"WebPage\",\"@id\":\"https:\\\/\\\/www.deinadieu.ch\\\/fr\\\/bulletin-dinformation\\\/\",\"url\":\"https:\\\/\\\/www.deinadieu.ch\\\/fr\\\/bulletin-dinformation\\\/\",\"name\":\"Newsletter - Abonnez-vous \u00e0 notre newsletter !\",\"isPartOf\":{\"@id\":\"https:\\\/\\\/www.deinadieu.ch\\\/fr\\\/#website\"},\"primaryImageOfPage\":{\"@id\":\"https:\\\/\\\/www.deinadieu.ch\\\/fr\\\/bulletin-dinformation\\\/#primaryimage\"},\"image\":{\"@id\":\"https:\\\/\\\/www.deinadieu.ch\\\/fr\\\/bulletin-dinformation\\\/#primaryimage\"},\"thumbnailUrl\":\"https:\\\/\\\/emna.maillist-manage.eu\\\/images\\\/challangeiconenable.jpg\",\"datePublished\":\"2016-05-27T10:42:32+00:00\",\"dateModified\":\"2022-11-21T13:39:27+00:00\",\"description\":\"DeinAdieu - Votre portail de dialogue et de services autour de la derni\u00e8re \u00e9tape de la vie. Abonnez-vous \u00e0 notre newsletter et restez inform\u00e9.\",\"breadcrumb\":{\"@id\":\"https:\\\/\\\/www.deinadieu.ch\\\/fr\\\/bulletin-dinformation\\\/#breadcrumb\"},\"inLanguage\":\"fr-FR\",\"potentialAction\":[{\"@type\":\"ReadAction\",\"target\":[\"https:\\\/\\\/www.deinadieu.ch\\\/fr\\\/bulletin-dinformation\\\/\"]}]},{\"@type\":\"ImageObject\",\"inLanguage\":\"fr-FR\",\"@id\":\"https:\\\/\\\/www.deinadieu.ch\\\/fr\\\/bulletin-dinformation\\\/#primaryimage\",\"url\":\"https:\\\/\\\/emna.maillist-manage.eu\\\/images\\\/challangeiconenable.jpg\",\"contentUrl\":\"https:\\\/\\\/emna.maillist-manage.eu\\\/images\\\/challangeiconenable.jpg\"},{\"@type\":\"BreadcrumbList\",\"@id\":\"https:\\\/\\\/www.deinadieu.ch\\\/fr\\\/bulletin-dinformation\\\/#breadcrumb\",\"itemListElement\":[{\"@type\":\"ListItem\",\"position\":1,\"name\":\"Home\",\"item\":\"https:\\\/\\\/www.deinadieu.ch\\\/fr\\\/deinadieu-dialog-und-serviceportal-zum-lebensende\\\/\"},{\"@type\":\"ListItem\",\"position\":2,\"name\":\"Bulletin d&#8217;information\"}]},{\"@type\":\"WebSite\",\"@id\":\"https:\\\/\\\/www.deinadieu.ch\\\/fr\\\/#website\",\"url\":\"https:\\\/\\\/www.deinadieu.ch\\\/fr\\\/\",\"name\":\"DeinAdieu.ch\",\"description\":\"Testament, Patientenverf\u00fcgung und Vorsorgeauftrag\",\"publisher\":{\"@id\":\"https:\\\/\\\/www.deinadieu.ch\\\/fr\\\/#organization\"},\"potentialAction\":[{\"@type\":\"SearchAction\",\"target\":{\"@type\":\"EntryPoint\",\"urlTemplate\":\"https:\\\/\\\/www.deinadieu.ch\\\/fr\\\/?s={search_term_string}\"},\"query-input\":{\"@type\":\"PropertyValueSpecification\",\"valueRequired\":true,\"valueName\":\"search_term_string\"}}],\"inLanguage\":\"fr-FR\"},{\"@type\":\"Organization\",\"@id\":\"https:\\\/\\\/www.deinadieu.ch\\\/fr\\\/#organization\",\"name\":\"EMNA Web GmbH\",\"url\":\"https:\\\/\\\/www.deinadieu.ch\\\/fr\\\/\",\"logo\":{\"@type\":\"ImageObject\",\"inLanguage\":\"fr-FR\",\"@id\":\"https:\\\/\\\/www.deinadieu.ch\\\/fr\\\/#\\\/schema\\\/logo\\\/image\\\/\",\"url\":\"https:\\\/\\\/www.deinadieu.ch\\\/wp-content\\\/uploads\\\/2016\\\/01\\\/DeinAdieu_Logo.png\",\"contentUrl\":\"https:\\\/\\\/www.deinadieu.ch\\\/wp-content\\\/uploads\\\/2016\\\/01\\\/DeinAdieu_Logo.png\",\"width\":300,\"height\":117,\"caption\":\"EMNA Web GmbH\"},\"image\":{\"@id\":\"https:\\\/\\\/www.deinadieu.ch\\\/fr\\\/#\\\/schema\\\/logo\\\/image\\\/\"},\"sameAs\":[\"https:\\\/\\\/www.facebook.com\\\/deinadieu\",\"https:\\\/\\\/x.com\\\/DeinAdieu\",\"https:\\\/\\\/www.instagram.com\\\/deinadieu\\\/\",\"https:\\\/\\\/www.linkedin.com\\\/company\\\/deinadieu.ch\"]}]}<\/script>","yoast_head_json":{"title":"Newsletter - Abonnez-vous \u00e0 notre newsletter !","description":"DeinAdieu - Votre portail de dialogue et de services autour de la derni\u00e8re \u00e9tape de la vie. Abonnez-vous \u00e0 notre newsletter et restez inform\u00e9.","robots":{"index":"index","follow":"follow","max-snippet":"max-snippet:-1","max-image-preview":"max-image-preview:large","max-video-preview":"max-video-preview:-1"},"canonical":"https:\/\/www.deinadieu.ch\/fr\/bulletin-dinformation\/","og_locale":"fr_FR","og_type":"article","og_title":"Bulletin d'information","og_description":"Thank you for Signing Up Veuillez corriger le(s) champ(s) marqu\u00e9(s) ci-dessous. Bulletin d'information Nous vous remercions de votre int\u00e9r\u00eat.","og_url":"https:\/\/www.deinadieu.ch\/fr\/bulletin-dinformation\/","og_site_name":"DeinAdieu.ch","article_publisher":"https:\/\/www.facebook.com\/deinadieu","article_modified_time":"2022-11-21T13:39:27+00:00","og_image":[{"url":"https:\/\/emna.maillist-manage.eu\/images\/challangeiconenable.jpg","type":"","width":"","height":""}],"twitter_card":"summary_large_image","twitter_site":"@DeinAdieu","schema":{"@context":"https:\/\/schema.org","@graph":[{"@type":"WebPage","@id":"https:\/\/www.deinadieu.ch\/fr\/bulletin-dinformation\/","url":"https:\/\/www.deinadieu.ch\/fr\/bulletin-dinformation\/","name":"Newsletter - Abonnez-vous \u00e0 notre newsletter !","isPartOf":{"@id":"https:\/\/www.deinadieu.ch\/fr\/#website"},"primaryImageOfPage":{"@id":"https:\/\/www.deinadieu.ch\/fr\/bulletin-dinformation\/#primaryimage"},"image":{"@id":"https:\/\/www.deinadieu.ch\/fr\/bulletin-dinformation\/#primaryimage"},"thumbnailUrl":"https:\/\/emna.maillist-manage.eu\/images\/challangeiconenable.jpg","datePublished":"2016-05-27T10:42:32+00:00","dateModified":"2022-11-21T13:39:27+00:00","description":"DeinAdieu - Votre portail de dialogue et de services autour de la derni\u00e8re \u00e9tape de la vie. Abonnez-vous \u00e0 notre newsletter et restez inform\u00e9.","breadcrumb":{"@id":"https:\/\/www.deinadieu.ch\/fr\/bulletin-dinformation\/#breadcrumb"},"inLanguage":"fr-FR","potentialAction":[{"@type":"ReadAction","target":["https:\/\/www.deinadieu.ch\/fr\/bulletin-dinformation\/"]}]},{"@type":"ImageObject","inLanguage":"fr-FR","@id":"https:\/\/www.deinadieu.ch\/fr\/bulletin-dinformation\/#primaryimage","url":"https:\/\/emna.maillist-manage.eu\/images\/challangeiconenable.jpg","contentUrl":"https:\/\/emna.maillist-manage.eu\/images\/challangeiconenable.jpg"},{"@type":"BreadcrumbList","@id":"https:\/\/www.deinadieu.ch\/fr\/bulletin-dinformation\/#breadcrumb","itemListElement":[{"@type":"ListItem","position":1,"name":"Home","item":"https:\/\/www.deinadieu.ch\/fr\/deinadieu-dialog-und-serviceportal-zum-lebensende\/"},{"@type":"ListItem","position":2,"name":"Bulletin d&#8217;information"}]},{"@type":"WebSite","@id":"https:\/\/www.deinadieu.ch\/fr\/#website","url":"https:\/\/www.deinadieu.ch\/fr\/","name":"DeinAdieu.ch","description":"Testament, Patientenverf\u00fcgung und Vorsorgeauftrag","publisher":{"@id":"https:\/\/www.deinadieu.ch\/fr\/#organization"},"potentialAction":[{"@type":"SearchAction","target":{"@type":"EntryPoint","urlTemplate":"https:\/\/www.deinadieu.ch\/fr\/?s={search_term_string}"},"query-input":{"@type":"PropertyValueSpecification","valueRequired":true,"valueName":"search_term_string"}}],"inLanguage":"fr-FR"},{"@type":"Organization","@id":"https:\/\/www.deinadieu.ch\/fr\/#organization","name":"EMNA Web GmbH","url":"https:\/\/www.deinadieu.ch\/fr\/","logo":{"@type":"ImageObject","inLanguage":"fr-FR","@id":"https:\/\/www.deinadieu.ch\/fr\/#\/schema\/logo\/image\/","url":"https:\/\/www.deinadieu.ch\/wp-content\/uploads\/2016\/01\/DeinAdieu_Logo.png","contentUrl":"https:\/\/www.deinadieu.ch\/wp-content\/uploads\/2016\/01\/DeinAdieu_Logo.png","width":300,"height":117,"caption":"EMNA Web GmbH"},"image":{"@id":"https:\/\/www.deinadieu.ch\/fr\/#\/schema\/logo\/image\/"},"sameAs":["https:\/\/www.facebook.com\/deinadieu","https:\/\/x.com\/DeinAdieu","https:\/\/www.instagram.com\/deinadieu\/","https:\/\/www.linkedin.com\/company\/deinadieu.ch"]}]}},"_links":{"self":[{"href":"https:\/\/www.deinadieu.ch\/fr\/wp-json\/wp\/v2\/pages\/60782","targetHints":{"allow":["GET"]}}],"collection":[{"href":"https:\/\/www.deinadieu.ch\/fr\/wp-json\/wp\/v2\/pages"}],"about":[{"href":"https:\/\/www.deinadieu.ch\/fr\/wp-json\/wp\/v2\/types\/page"}],"author":[{"embeddable":true,"href":"https:\/\/www.deinadieu.ch\/fr\/wp-json\/wp\/v2\/users\/4998"}],"replies":[{"embeddable":true,"href":"https:\/\/www.deinadieu.ch\/fr\/wp-json\/wp\/v2\/comments?post=60782"}],"version-history":[{"count":3,"href":"https:\/\/www.deinadieu.ch\/fr\/wp-json\/wp\/v2\/pages\/60782\/revisions"}],"predecessor-version":[{"id":60785,"href":"https:\/\/www.deinadieu.ch\/fr\/wp-json\/wp\/v2\/pages\/60782\/revisions\/60785"}],"wp:attachment":[{"href":"https:\/\/www.deinadieu.ch\/fr\/wp-json\/wp\/v2\/media?parent=60782"}],"curies":[{"name":"wp","href":"https:\/\/api.w.org\/{rel}","templated":true}]}}