{"id":56690,"date":"2022-04-20T22:48:46","date_gmt":"2022-04-20T20:48:46","guid":{"rendered":"https:\/\/www.deinadieu.ch\/premiere-consultation-gratuite\/"},"modified":"2024-08-19T11:18:10","modified_gmt":"2024-08-19T09:18:10","slug":"premiere-consultation-gratuite","status":"publish","type":"page","link":"https:\/\/www.deinadieu.ch\/fr\/premiere-consultation-gratuite\/","title":{"rendered":"Premi\u00e8re consultation gratuite aupr\u00e8s de sp\u00e9cialistes en droit des successions"},"content":{"rendered":"\n<p class=\"has-text-align-center\">rendue possible par des organisations suisses \u00e0 but non lucratif<\/p>\n\n<h2 class=\"wp-block-heading\" id=\"h-wie-erhalte-ich-eine-kostenlose-beratung\">Comment obtenir une consultation gratuite ?<\/h2>\n\n<ol class=\"wp-block-list is-style-rounded\">\n<li>Choisissez une organisation d&#8217;utilit\u00e9 publique (facultatif)<\/li>\n\n\n\n<li>Fournissez des informations sur votre situation<\/li>\n\n\n\n<li>Demander une consultation<\/li>\n\n\n\n<li><a href=\"https:\/\/www.deinadieu.ch\/fr\/avocats\/\">Un(e) de nos avocat(e)s<\/a> vous contactera par t\u00e9l\u00e9phone pour les prochaines \u00e9tapes<\/li>\n<\/ol>\n\n<div style=\"height:40px\" aria-hidden=\"true\" class=\"wp-block-spacer\"><\/div>\n\n<div class=\"wp-block-buttons is-layout-flex wp-block-buttons-is-layout-flex\">\n<div class=\"wp-block-button\"><a class=\"wp-block-button__link wp-element-button\" href=\"https:\/\/app.deinadieu.ch\/consulting\" target=\"_blank\" rel=\"noreferrer noopener\">Organiser une consultation<\/a><\/div>\n<\/div>\n\n<div style=\"height:40px\" aria-hidden=\"true\" class=\"wp-block-spacer\"><\/div>\n\n<div class=\"wp-block-columns is-layout-flex wp-container-core-columns-is-layout-28f84493 wp-block-columns-is-layout-flex\">\n<div class=\"wp-block-column is-layout-flow wp-block-column-is-layout-flow\">\n<div class=\"wp-block-group has-background is-layout-flow wp-block-group-is-layout-flow\" style=\"background-color:#ecedee\">\n<h3 class=\"wp-block-heading\" id=\"h-was-beinhaltet-der-gutschein\">Ce que comprend le bon<\/h3>\n\n\n\n<ul class=\"wp-block-list\">\n<li>Premi\u00e8re consultation aupr\u00e8s d&#8217;avocat(e)s suisses<\/li>\n\n\n\n<li>Par t\u00e9l\u00e9phone ou par vid\u00e9ocall<\/li>\n\n\n\n<li>Examen de votre situation ou de votre testament<\/li>\n\n\n\n<li>Recommandations en mati\u00e8re de planification successorale<\/li>\n\n\n\n<li>D\u00e9p\u00f4t du testament &amp; ex\u00e9cution testamentaire en option<\/li>\n<\/ul>\n<\/div>\n<\/div>\n\n\n\n<div class=\"wp-block-column is-layout-flow wp-block-column-is-layout-flow\">\n<div class=\"wp-block-group has-background is-layout-flow wp-block-group-is-layout-flow\" style=\"background-color:#fae4ef\">\n<h3 class=\"wp-block-heading\" id=\"h-was-wird-mir-geschenkt\">Qu&#8217;est-ce qui m&#8217;est offert ?<\/h3>\n\n\n\n<div class=\"wp-block-columns are-vertically-aligned-center is-not-stacked-on-mobile is-layout-flex wp-container-core-columns-is-layout-28f84493 wp-block-columns-is-layout-flex\">\n<div class=\"wp-block-column is-vertically-aligned-center is-layout-flow wp-block-column-is-layout-flow\" style=\"flex-basis:25%\">\n<figure class=\"wp-block-image size-full\"><img decoding=\"async\" src=\"https:\/\/www.deinadieu.ch\/wp-content\/uploads\/2022\/11\/gift.svg\" alt=\"\" class=\"wp-image-60816\"\/><\/figure>\n<\/div>\n\n\n\n<div class=\"wp-block-column is-vertically-aligned-center is-layout-flow wp-block-column-is-layout-flow\" style=\"flex-basis:75%\">\n<p style=\"font-size:16px\">Conseil d&#8217;une valeur de 300 CHF<\/p>\n<\/div>\n<\/div>\n<\/div>\n<\/div>\n<\/div>\n\n<div style=\"height:100px\" aria-hidden=\"true\" class=\"wp-block-spacer\"><\/div>\n","protected":false},"excerpt":{"rendered":"<p>rendue possible par des organisations suisses \u00e0 but non lucratif Comment obtenir une consultation gratuite ? Ce que comprend le bon Qu&#8217;est-ce qui m&#8217;est offert ? Conseil d&#8217;une valeur de 300 CHF<\/p>\n","protected":false},"author":4939,"featured_media":0,"parent":0,"menu_order":0,"comment_status":"closed","ping_status":"closed","template":"","meta":{"_acf_changed":false,"footnotes":""},"class_list":["post-56690","page","type-page","status-publish","hentry"],"acf":[],"yoast_head":"<title>Premi\u00e8re consultation gratuite aupr\u00e8s de sp\u00e9cialistes en droit des successions | DeinAdieu.ch<\/title>\n<meta name=\"description\" content=\"DeinAdieu hilft rund um die Themen Vorsorge, Testament, Patientenverf\u00fcgung, Vorsorgeauftrag und testamentarische Ber\u00fccksichtigung eines Schweizer Hilfswerks.\" \/>\n<meta name=\"robots\" content=\"index, follow, max-snippet:-1, max-image-preview:large, max-video-preview:-1\" \/>\n<link rel=\"canonical\" href=\"https:\/\/www.deinadieu.ch\/fr\/premiere-consultation-gratuite\/\" \/>\n<meta property=\"og:locale\" content=\"fr_FR\" \/>\n<meta property=\"og:type\" content=\"article\" \/>\n<meta property=\"og:title\" content=\"Premi\u00e8re consultation gratuite aupr\u00e8s de sp\u00e9cialistes en droit des successions\" \/>\n<meta property=\"og:description\" content=\"rendue possible par des organisations suisses \u00e0 but non lucratif Comment obtenir une consultation gratuite ? Choisissez une organisation d&#039;utilit\u00e9\" \/>\n<meta property=\"og:url\" content=\"https:\/\/www.deinadieu.ch\/fr\/premiere-consultation-gratuite\/\" \/>\n<meta property=\"og:site_name\" content=\"DeinAdieu.ch\" \/>\n<meta property=\"article:publisher\" content=\"https:\/\/www.facebook.com\/deinadieu\" \/>\n<meta property=\"article:modified_time\" content=\"2024-08-19T09:18:10+00:00\" \/>\n<meta property=\"og:image\" content=\"https:\/\/static.deinadieu.ch\/uploads\/2022\/11\/gift.svg\" \/>\n<meta name=\"twitter:card\" content=\"summary_large_image\" \/>\n<meta name=\"twitter:site\" content=\"@DeinAdieu\" \/>\n<meta name=\"twitter:label1\" content=\"Est. reading time\" \/>\n\t<meta name=\"twitter:data1\" content=\"2 minutes\" \/>\n<script type=\"application\/ld+json\" class=\"yoast-schema-graph\">{\"@context\":\"https:\\\/\\\/schema.org\",\"@graph\":[{\"@type\":\"WebPage\",\"@id\":\"https:\\\/\\\/www.deinadieu.ch\\\/fr\\\/premiere-consultation-gratuite\\\/\",\"url\":\"https:\\\/\\\/www.deinadieu.ch\\\/fr\\\/premiere-consultation-gratuite\\\/\",\"name\":\"Premi\u00e8re consultation gratuite aupr\u00e8s de sp\u00e9cialistes en droit des successions | DeinAdieu.ch\",\"isPartOf\":{\"@id\":\"https:\\\/\\\/www.deinadieu.ch\\\/fr\\\/#website\"},\"primaryImageOfPage\":{\"@id\":\"https:\\\/\\\/www.deinadieu.ch\\\/fr\\\/premiere-consultation-gratuite\\\/#primaryimage\"},\"image\":{\"@id\":\"https:\\\/\\\/www.deinadieu.ch\\\/fr\\\/premiere-consultation-gratuite\\\/#primaryimage\"},\"thumbnailUrl\":\"https:\\\/\\\/www.deinadieu.ch\\\/wp-content\\\/uploads\\\/2022\\\/11\\\/gift.svg\",\"datePublished\":\"2022-04-20T20:48:46+00:00\",\"dateModified\":\"2024-08-19T09:18:10+00:00\",\"description\":\"DeinAdieu hilft rund um die Themen Vorsorge, Testament, Patientenverf\u00fcgung, Vorsorgeauftrag und testamentarische Ber\u00fccksichtigung eines Schweizer Hilfswerks.\",\"breadcrumb\":{\"@id\":\"https:\\\/\\\/www.deinadieu.ch\\\/fr\\\/premiere-consultation-gratuite\\\/#breadcrumb\"},\"inLanguage\":\"fr-FR\",\"potentialAction\":[{\"@type\":\"ReadAction\",\"target\":[\"https:\\\/\\\/www.deinadieu.ch\\\/fr\\\/premiere-consultation-gratuite\\\/\"]}]},{\"@type\":\"ImageObject\",\"inLanguage\":\"fr-FR\",\"@id\":\"https:\\\/\\\/www.deinadieu.ch\\\/fr\\\/premiere-consultation-gratuite\\\/#primaryimage\",\"url\":\"https:\\\/\\\/www.deinadieu.ch\\\/wp-content\\\/uploads\\\/2022\\\/11\\\/gift.svg\",\"contentUrl\":\"https:\\\/\\\/www.deinadieu.ch\\\/wp-content\\\/uploads\\\/2022\\\/11\\\/gift.svg\"},{\"@type\":\"BreadcrumbList\",\"@id\":\"https:\\\/\\\/www.deinadieu.ch\\\/fr\\\/premiere-consultation-gratuite\\\/#breadcrumb\",\"itemListElement\":[{\"@type\":\"ListItem\",\"position\":1,\"name\":\"Home\",\"item\":\"https:\\\/\\\/www.deinadieu.ch\\\/fr\\\/deinadieu-dialog-und-serviceportal-zum-lebensende\\\/\"},{\"@type\":\"ListItem\",\"position\":2,\"name\":\"Premi\u00e8re consultation gratuite aupr\u00e8s de sp\u00e9cialistes en droit des successions\"}]},{\"@type\":\"WebSite\",\"@id\":\"https:\\\/\\\/www.deinadieu.ch\\\/fr\\\/#website\",\"url\":\"https:\\\/\\\/www.deinadieu.ch\\\/fr\\\/\",\"name\":\"DeinAdieu.ch\",\"description\":\"Testament, Patientenverf\u00fcgung und Vorsorgeauftrag\",\"publisher\":{\"@id\":\"https:\\\/\\\/www.deinadieu.ch\\\/fr\\\/#organization\"},\"potentialAction\":[{\"@type\":\"SearchAction\",\"target\":{\"@type\":\"EntryPoint\",\"urlTemplate\":\"https:\\\/\\\/www.deinadieu.ch\\\/fr\\\/?s={search_term_string}\"},\"query-input\":{\"@type\":\"PropertyValueSpecification\",\"valueRequired\":true,\"valueName\":\"search_term_string\"}}],\"inLanguage\":\"fr-FR\"},{\"@type\":\"Organization\",\"@id\":\"https:\\\/\\\/www.deinadieu.ch\\\/fr\\\/#organization\",\"name\":\"EMNA Web GmbH\",\"url\":\"https:\\\/\\\/www.deinadieu.ch\\\/fr\\\/\",\"logo\":{\"@type\":\"ImageObject\",\"inLanguage\":\"fr-FR\",\"@id\":\"https:\\\/\\\/www.deinadieu.ch\\\/fr\\\/#\\\/schema\\\/logo\\\/image\\\/\",\"url\":\"https:\\\/\\\/www.deinadieu.ch\\\/wp-content\\\/uploads\\\/2016\\\/01\\\/DeinAdieu_Logo.png\",\"contentUrl\":\"https:\\\/\\\/www.deinadieu.ch\\\/wp-content\\\/uploads\\\/2016\\\/01\\\/DeinAdieu_Logo.png\",\"width\":300,\"height\":117,\"caption\":\"EMNA Web GmbH\"},\"image\":{\"@id\":\"https:\\\/\\\/www.deinadieu.ch\\\/fr\\\/#\\\/schema\\\/logo\\\/image\\\/\"},\"sameAs\":[\"https:\\\/\\\/www.facebook.com\\\/deinadieu\",\"https:\\\/\\\/x.com\\\/DeinAdieu\",\"https:\\\/\\\/www.instagram.com\\\/deinadieu\\\/\",\"https:\\\/\\\/www.linkedin.com\\\/company\\\/deinadieu.ch\"]}]}<\/script>","yoast_head_json":{"title":"Premi\u00e8re consultation gratuite aupr\u00e8s de sp\u00e9cialistes en droit des successions | DeinAdieu.ch","description":"DeinAdieu hilft rund um die Themen Vorsorge, Testament, Patientenverf\u00fcgung, Vorsorgeauftrag und testamentarische Ber\u00fccksichtigung eines Schweizer Hilfswerks.","robots":{"index":"index","follow":"follow","max-snippet":"max-snippet:-1","max-image-preview":"max-image-preview:large","max-video-preview":"max-video-preview:-1"},"canonical":"https:\/\/www.deinadieu.ch\/fr\/premiere-consultation-gratuite\/","og_locale":"fr_FR","og_type":"article","og_title":"Premi\u00e8re consultation gratuite aupr\u00e8s de sp\u00e9cialistes en droit des successions","og_description":"rendue possible par des organisations suisses \u00e0 but non lucratif Comment obtenir une consultation gratuite ? Choisissez une organisation d'utilit\u00e9","og_url":"https:\/\/www.deinadieu.ch\/fr\/premiere-consultation-gratuite\/","og_site_name":"DeinAdieu.ch","article_publisher":"https:\/\/www.facebook.com\/deinadieu","article_modified_time":"2024-08-19T09:18:10+00:00","og_image":[{"url":"https:\/\/static.deinadieu.ch\/uploads\/2022\/11\/gift.svg","type":"","width":"","height":""}],"twitter_card":"summary_large_image","twitter_site":"@DeinAdieu","twitter_misc":{"Est. reading time":"2 minutes"},"schema":{"@context":"https:\/\/schema.org","@graph":[{"@type":"WebPage","@id":"https:\/\/www.deinadieu.ch\/fr\/premiere-consultation-gratuite\/","url":"https:\/\/www.deinadieu.ch\/fr\/premiere-consultation-gratuite\/","name":"Premi\u00e8re consultation gratuite aupr\u00e8s de sp\u00e9cialistes en droit des successions | DeinAdieu.ch","isPartOf":{"@id":"https:\/\/www.deinadieu.ch\/fr\/#website"},"primaryImageOfPage":{"@id":"https:\/\/www.deinadieu.ch\/fr\/premiere-consultation-gratuite\/#primaryimage"},"image":{"@id":"https:\/\/www.deinadieu.ch\/fr\/premiere-consultation-gratuite\/#primaryimage"},"thumbnailUrl":"https:\/\/www.deinadieu.ch\/wp-content\/uploads\/2022\/11\/gift.svg","datePublished":"2022-04-20T20:48:46+00:00","dateModified":"2024-08-19T09:18:10+00:00","description":"DeinAdieu hilft rund um die Themen Vorsorge, Testament, Patientenverf\u00fcgung, Vorsorgeauftrag und testamentarische Ber\u00fccksichtigung eines Schweizer Hilfswerks.","breadcrumb":{"@id":"https:\/\/www.deinadieu.ch\/fr\/premiere-consultation-gratuite\/#breadcrumb"},"inLanguage":"fr-FR","potentialAction":[{"@type":"ReadAction","target":["https:\/\/www.deinadieu.ch\/fr\/premiere-consultation-gratuite\/"]}]},{"@type":"ImageObject","inLanguage":"fr-FR","@id":"https:\/\/www.deinadieu.ch\/fr\/premiere-consultation-gratuite\/#primaryimage","url":"https:\/\/www.deinadieu.ch\/wp-content\/uploads\/2022\/11\/gift.svg","contentUrl":"https:\/\/www.deinadieu.ch\/wp-content\/uploads\/2022\/11\/gift.svg"},{"@type":"BreadcrumbList","@id":"https:\/\/www.deinadieu.ch\/fr\/premiere-consultation-gratuite\/#breadcrumb","itemListElement":[{"@type":"ListItem","position":1,"name":"Home","item":"https:\/\/www.deinadieu.ch\/fr\/deinadieu-dialog-und-serviceportal-zum-lebensende\/"},{"@type":"ListItem","position":2,"name":"Premi\u00e8re consultation gratuite aupr\u00e8s de sp\u00e9cialistes en droit des successions"}]},{"@type":"WebSite","@id":"https:\/\/www.deinadieu.ch\/fr\/#website","url":"https:\/\/www.deinadieu.ch\/fr\/","name":"DeinAdieu.ch","description":"Testament, Patientenverf\u00fcgung und Vorsorgeauftrag","publisher":{"@id":"https:\/\/www.deinadieu.ch\/fr\/#organization"},"potentialAction":[{"@type":"SearchAction","target":{"@type":"EntryPoint","urlTemplate":"https:\/\/www.deinadieu.ch\/fr\/?s={search_term_string}"},"query-input":{"@type":"PropertyValueSpecification","valueRequired":true,"valueName":"search_term_string"}}],"inLanguage":"fr-FR"},{"@type":"Organization","@id":"https:\/\/www.deinadieu.ch\/fr\/#organization","name":"EMNA Web GmbH","url":"https:\/\/www.deinadieu.ch\/fr\/","logo":{"@type":"ImageObject","inLanguage":"fr-FR","@id":"https:\/\/www.deinadieu.ch\/fr\/#\/schema\/logo\/image\/","url":"https:\/\/www.deinadieu.ch\/wp-content\/uploads\/2016\/01\/DeinAdieu_Logo.png","contentUrl":"https:\/\/www.deinadieu.ch\/wp-content\/uploads\/2016\/01\/DeinAdieu_Logo.png","width":300,"height":117,"caption":"EMNA Web GmbH"},"image":{"@id":"https:\/\/www.deinadieu.ch\/fr\/#\/schema\/logo\/image\/"},"sameAs":["https:\/\/www.facebook.com\/deinadieu","https:\/\/x.com\/DeinAdieu","https:\/\/www.instagram.com\/deinadieu\/","https:\/\/www.linkedin.com\/company\/deinadieu.ch"]}]}},"_links":{"self":[{"href":"https:\/\/www.deinadieu.ch\/fr\/wp-json\/wp\/v2\/pages\/56690","targetHints":{"allow":["GET"]}}],"collection":[{"href":"https:\/\/www.deinadieu.ch\/fr\/wp-json\/wp\/v2\/pages"}],"about":[{"href":"https:\/\/www.deinadieu.ch\/fr\/wp-json\/wp\/v2\/types\/page"}],"author":[{"embeddable":true,"href":"https:\/\/www.deinadieu.ch\/fr\/wp-json\/wp\/v2\/users\/4939"}],"replies":[{"embeddable":true,"href":"https:\/\/www.deinadieu.ch\/fr\/wp-json\/wp\/v2\/comments?post=56690"}],"version-history":[{"count":9,"href":"https:\/\/www.deinadieu.ch\/fr\/wp-json\/wp\/v2\/pages\/56690\/revisions"}],"predecessor-version":[{"id":68319,"href":"https:\/\/www.deinadieu.ch\/fr\/wp-json\/wp\/v2\/pages\/56690\/revisions\/68319"}],"wp:attachment":[{"href":"https:\/\/www.deinadieu.ch\/fr\/wp-json\/wp\/v2\/media?parent=56690"}],"curies":[{"name":"wp","href":"https:\/\/api.w.org\/{rel}","templated":true}]}}