{"id":25758,"date":"2020-09-29T10:20:51","date_gmt":"2020-09-29T08:20:51","guid":{"rendered":"http:\/\/www.deinadieu.ch\/exemples-de-lettres-de-remerciements\/"},"modified":"2023-05-08T12:18:43","modified_gmt":"2023-05-08T10:18:43","slug":"exemples-de-lettres-de-remerciements","status":"publish","type":"page","link":"https:\/\/www.deinadieu.ch\/fr\/exemples-de-lettres-de-remerciements\/","title":{"rendered":"Exemples de lettres de remerciements"},"content":{"rendered":"\n<p>DeinAdieu vous propose ici quelques exemples de lettres de remerciements. Laissez-vous inspirer par les diff\u00e9rents exemples et r\u00e9digez votre texte personnel.<\/p>\n\n<div style=\"height:60px\" aria-hidden=\"true\" class=\"wp-block-spacer\"><\/div>\n\n<h2 class=\"wp-block-heading\" id=\"h-gedruckte-danksagungen-in-zeitungen\"><strong>Lettre de remerciements \u00e0 destination d\u2019un journal<\/strong><\/h2>\n\n<p><\/p>\n\n<div class=\"wp-block-columns is-layout-flex wp-container-core-columns-is-layout-28f84493 wp-block-columns-is-layout-flex\">\n<div class=\"wp-block-column is-layout-flow wp-block-column-is-layout-flow\" style=\"flex-basis:50%\">\n<div class=\"wp-block-group is-layout-flow wp-block-group-is-layout-flow\">\n<div class=\"wp-block-cover aligncenter is-light has-parallax box_info p-10 rounded-lg\"><span aria-hidden=\"true\" class=\"wp-block-cover__background has-background-dim-0 has-background-dim\"><\/span><div role=\"img\" class=\"wp-block-cover__image-background wp-image-24676 has-parallax\" style=\"background-position:50% 50%;background-image:url(http:\/\/www.deinadieu.ch\/wp-content\/uploads\/2020\/09\/anthony-delanoix-1lE3-DUBr_I-unsplash-square.jpg)\"><\/div><div class=\"wp-block-cover__inner-container is-layout-flow wp-block-cover-is-layout-flow\">\n<p class=\"has-black-color has-text-color\">La solidarit\u00e9 sinc\u00e8re et la grande sympathie que nous avons ressenti lorsque nous avons dit au revoir \u00e0<\/p>\n\n\n\n<p class=\"title text-lg font-semibold has-black-color has-text-color\"><strong>Anja M\u00fcller, 15.10.1970 \u2013 13. avril 2014<\/strong><\/p>\n\n\n\n<p class=\"has-black-color has-text-color\">nous ont submerg\u00e9. Tous ceux qui nous ont accompagn\u00e9s dans cette p\u00e9riode difficile nous donnent la force d&#8217;affronter cette perte douloureuse. Pour cela, nous vous sommes infiniment reconnaissants.<\/p>\n\n\n\n<p class=\"has-black-color has-text-color\">Pour cela, nous vous remercions du fond du c\u0153ur.<\/p>\n\n\n\n<p class=\"has-black-color has-text-color\"><strong>Thomas M\u00fcller et famille, mai 2014<\/strong><\/p>\n<\/div><\/div>\n<\/div>\n\n\n\n<div style=\"height:60px\" aria-hidden=\"true\" class=\"wp-block-spacer\"><\/div>\n<\/div>\n\n\n\n<div class=\"wp-block-column is-layout-flow wp-block-column-is-layout-flow\" style=\"flex-basis:50%\">\n<div class=\"wp-block-group is-layout-flow wp-block-group-is-layout-flow\">\n<div class=\"wp-block-cover aligncenter is-light has-parallax box_info p-10 rounded-lg\"><span aria-hidden=\"true\" class=\"wp-block-cover__background has-background-dim-0 has-background-dim\"><\/span><div role=\"img\" class=\"wp-block-cover__image-background wp-image-24676 has-parallax\" style=\"background-position:50% 50%;background-image:url(http:\/\/www.deinadieu.ch\/wp-content\/uploads\/2020\/09\/anthony-delanoix-1lE3-DUBr_I-unsplash-square.jpg)\"><\/div><div class=\"wp-block-cover__inner-container is-layout-flow wp-block-cover-is-layout-flow\">\n<p class=\"has-black-color has-text-color\">Nous tenons \u00e0 remercier tout le monde du fond du c\u0153ur pour la grande sympathie manifest\u00e9e lors de l&#8217;adieu \u00e0 notre ch\u00e8re Nani<\/p>\n\n\n\n<p class=\"title text-lg font-semibold has-black-color has-text-color\"><strong>Lina B\u00e4chler, 05.03.1929 \u2013 08.08.2013<\/strong><\/p>\n\n\n\n<p class=\"has-black-color has-text-color\">Merci!<\/p>\n\n\n\n<p class=\"has-black-color has-text-color\">Les nombreux mots bienveillants et les signes de solidarit\u00e9 nous ont beaucoup touch\u00e9.<\/p>\n\n\n\n<p class=\"has-black-color has-text-color\">Au nom de tous les proches<\/p>\n\n\n\n<p class=\"has-black-color has-text-color\"><strong>Marianne B\u00e4chler-M\u00fcggler<br\/>Goldbrunnen, ao\u00fbt 2013.<\/strong><\/p>\n<\/div><\/div>\n<\/div>\n<\/div>\n<\/div>\n\n<div class=\"wp-block-columns is-layout-flex wp-container-core-columns-is-layout-28f84493 wp-block-columns-is-layout-flex\">\n<div class=\"wp-block-column is-layout-flow wp-block-column-is-layout-flow\" style=\"flex-basis:50%\">\n<div class=\"wp-block-group is-layout-flow wp-block-group-is-layout-flow\">\n<div class=\"wp-block-cover aligncenter is-light has-parallax box_info p-10 rounded-lg\"><span aria-hidden=\"true\" class=\"wp-block-cover__background has-background-dim-0 has-background-dim\"><\/span><div role=\"img\" class=\"wp-block-cover__image-background wp-image-24676 has-parallax\" style=\"background-position:50% 50%;background-image:url(http:\/\/www.deinadieu.ch\/wp-content\/uploads\/2020\/09\/anthony-delanoix-1lE3-DUBr_I-unsplash-square.jpg)\"><\/div><div class=\"wp-block-cover__inner-container is-layout-flow wp-block-cover-is-layout-flow\">\n<p class=\"has-black-color has-text-color\">&#8220;La seule chose importante dans la vie, ce sont les traces d\u2019amour laiss\u00e9es derri\u00e8re soi lorsqu\u2019on se dit au revoir.&#8221; <br\/><em>ALBERT SCHWEITZER<\/em><\/p>\n\n\n\n<p class=\"title text-lg font-semibold has-black-color has-text-color\"><strong>Noah *19.12.2004 +6.02.2015<\/strong><\/p>\n\n\n\n<p class=\"has-black-color has-text-color\">Nous sommes submerg\u00e9s par l&#8217;\u00e9motion. Merci.<\/p>\n\n\n\n<p class=\"has-black-color has-text-color\">Personnel hospitalier et \u00e9quipe m\u00e9dicale du service C, H\u00f4pital cantonal de Fribourg<\/p>\n\n\n\n<p class=\"has-black-color has-text-color\">Pasteur N\u00e4geli pour les adieux dignes et ses paroles de r\u00e9confort<\/p>\n\n\n\n<p class=\"has-black-color has-text-color\">Classe 5c pour le magnifique bricolage et l&#8217;interpr\u00e9tation de la chanson<\/p>\n\n\n\n<p class=\"has-black-color has-text-color\">\u00c0 tous ceux qui ont pris part avec nous aux adieux et qui \u00e9taient \u00e0 nos c\u00f4t\u00e9s<\/p>\n\n\n\n<p class=\"has-black-color has-text-color\">Ir\u00e8ne, Louis, Sarah &amp; Leah<\/p>\n\n\n\n<p class=\"has-black-color has-text-color\">Famille Pahout<br\/>Gen\u00e8ve, f\u00e9vrier 2015<\/p>\n<\/div><\/div>\n<\/div>\n\n\n\n<div style=\"height:60px\" aria-hidden=\"true\" class=\"wp-block-spacer\"><\/div>\n<\/div>\n\n\n\n<div class=\"wp-block-column is-layout-flow wp-block-column-is-layout-flow\" style=\"flex-basis:50%\">\n<div class=\"wp-block-group is-layout-flow wp-block-group-is-layout-flow\"><\/div>\n<\/div>\n<\/div>\n\n<div class=\"wp-block-group is-layout-flow wp-block-group-is-layout-flow\">\n<div class=\"wp-block-group is-layout-flow wp-block-group-is-layout-flow\">\n<div class=\"wp-block-group is-layout-flow wp-block-group-is-layout-flow\"><\/div>\n<\/div>\n<\/div>\n\n<div style=\"height:100px\" aria-hidden=\"true\" class=\"wp-block-spacer\"><\/div>\n\n<div class=\"wp-block-columns is-layout-flex wp-container-core-columns-is-layout-28f84493 wp-block-columns-is-layout-flex\">\n<div class=\"wp-block-column is-layout-flow wp-block-column-is-layout-flow\" style=\"flex-basis:50%\">\n<h2 class=\"wp-block-heading\" id=\"h-gedruckte-karte-fur-den-massenversand\"><strong><strong>Carte imprim\u00e9e pour un envoi en masse<\/strong><\/strong><\/h2>\n\n\n\n<p><\/p>\n\n\n\n<div class=\"wp-block-group is-layout-flow wp-block-group-is-layout-flow\">\n<div class=\"wp-block-cover aligncenter is-light has-parallax box_info p-10 rounded-lg\"><span aria-hidden=\"true\" class=\"wp-block-cover__background has-background-dim-0 has-background-dim\"><\/span><div role=\"img\" class=\"wp-block-cover__image-background wp-image-24676 has-parallax\" style=\"background-position:50% 50%;background-image:url(http:\/\/www.deinadieu.ch\/wp-content\/uploads\/2020\/09\/anthony-delanoix-1lE3-DUBr_I-unsplash-square.jpg)\"><\/div><div class=\"wp-block-cover__inner-container is-layout-flow wp-block-cover-is-layout-flow\">\n<p class=\"has-black-color has-text-color\">Nous sommes tr\u00e8s reconnaissants d&#8217;avoir pu b\u00e9n\u00e9ficier de la plus profonde sympathie de tant de personnes dans les heures difficiles que nous venons de traverser en disant au revoir \u00e0 mon mari bien-aim\u00e9 et \u00e0 notre cher papa. Les signes de compassion extr\u00eamements touchants nous donnent le r\u00e9confort et la force n\u00e9cessaire pour faire face \u00e0 cette perte douloureuse. Nous tenons \u00e0 remercier tous ceux qui nous ont accompagn\u00e9 le long de ce chemin difficile.<\/p>\n<\/div><\/div>\n<\/div>\n\n\n\n<div style=\"height:60px\" aria-hidden=\"true\" class=\"wp-block-spacer\"><\/div>\n<\/div>\n\n\n\n<div class=\"wp-block-column is-layout-flow wp-block-column-is-layout-flow\" style=\"flex-basis:50%\">\n<h2 class=\"wp-block-heading\" id=\"h-personliche-zeilen-individuelle-danksagung\"><strong>Lignes personnelles \u2013 remerciements individuels<\/strong><\/h2>\n\n\n\n<p><\/p>\n\n\n\n<div class=\"wp-block-group is-layout-flow wp-block-group-is-layout-flow\">\n<div class=\"wp-block-cover aligncenter is-light has-parallax box_info p-10 rounded-lg\"><span aria-hidden=\"true\" class=\"wp-block-cover__background has-background-dim-0 has-background-dim\"><\/span><div role=\"img\" class=\"wp-block-cover__image-background wp-image-24676 has-parallax\" style=\"background-position:50% 50%;background-image:url(http:\/\/www.deinadieu.ch\/wp-content\/uploads\/2020\/09\/anthony-delanoix-1lE3-DUBr_I-unsplash-square.jpg)\"><\/div><div class=\"wp-block-cover__inner-container is-layout-flow wp-block-cover-is-layout-flow\">\n<p class=\"title text-lg font-semibold has-black-color has-text-color\">Ch\u00e8re Sandra, ch\u00e8re famille,<\/p>\n\n\n\n<p class=\"has-black-color has-text-color\">Je tiens \u00e0 vous remercier pour votre sympathie et votre soutien que vous nous avez manifest\u00e9 ces derniers temps. La p\u00e9riode qui a suivi la mort de notre m\u00e8re a \u00e9t\u00e9 difficile et nous a profond\u00e9ment choqu\u00e9. \u00catre assur\u00e9e d&#8217;avoir de bons amis \u00e0 ses c\u00f4t\u00e9s donne la force et le r\u00e9confort n\u00e9cessaire durant cette p\u00e9riode. Le fait que tu aies cuisin\u00e9 pour les enfants \u00e0 midi a repr\u00e9sent\u00e9 pour moi un grand soutien et un vrai soulagement. Je t&#8217;en suis infiniment reconnaissante. Je peux maintenant appr\u00e9hender sereinement l&#8217;avenir en gardant un souvenir \u00e9ternel de ma m\u00e8re.<\/p>\n\n\n\n<p class=\"has-black-color has-text-color\"><strong>Chaleureuses salutations, Marianne<\/strong><\/p>\n<\/div><\/div>\n<\/div>\n<\/div>\n<\/div>\n\n<div style=\"height:70px\" aria-hidden=\"true\" class=\"wp-block-spacer\"><\/div>\n\n<div style=\"height:100px\" aria-hidden=\"true\" class=\"wp-block-spacer\"><\/div>\n","protected":false},"excerpt":{"rendered":"<p>DeinAdieu vous propose ici quelques exemples de lettres de remerciements. Laissez-vous inspirer par les diff\u00e9rents exemples et r\u00e9digez votre texte personnel. Lettre de remerciements \u00e0 destination d\u2019un journal Carte imprim\u00e9e pour un envoi en masse Lignes personnelles \u2013 remerciements individuels<\/p>\n","protected":false},"author":6026,"featured_media":24900,"parent":0,"menu_order":0,"comment_status":"closed","ping_status":"closed","template":"","meta":{"_acf_changed":false,"footnotes":""},"class_list":["post-25758","page","type-page","status-publish","has-post-thumbnail","hentry"],"acf":[],"yoast_head":"<title>Lettre de remerciements suite \u00e0 un d\u00e9c\u00e8s - Exemples | DeinAdieu<\/title>\n<meta name=\"description\" content=\"Faites part de votre reconnaissance pour la sympathie exprim\u00e9e lors d&#039;un d\u00e9c\u00e8s avec une carte de remerciement. Voici quelques exemples pour vous inspirer.\" \/>\n<meta name=\"robots\" content=\"index, follow, max-snippet:-1, max-image-preview:large, max-video-preview:-1\" \/>\n<link rel=\"canonical\" href=\"https:\/\/www.deinadieu.ch\/fr\/exemples-de-lettres-de-remerciements\/\" \/>\n<meta property=\"og:locale\" content=\"fr_FR\" \/>\n<meta property=\"og:type\" content=\"article\" \/>\n<meta property=\"og:title\" content=\"Exemples de lettres de remerciements\" \/>\n<meta property=\"og:description\" content=\"DeinAdieu vous propose ici quelques exemples de lettres de remerciements. Laissez-vous inspirer par les diff\u00e9rents exemples et r\u00e9digez votre texte\" \/>\n<meta property=\"og:url\" content=\"https:\/\/www.deinadieu.ch\/fr\/exemples-de-lettres-de-remerciements\/\" \/>\n<meta property=\"og:site_name\" content=\"DeinAdieu.ch\" \/>\n<meta property=\"article:publisher\" content=\"https:\/\/www.facebook.com\/deinadieu\" \/>\n<meta property=\"article:modified_time\" content=\"2023-05-08T10:18:43+00:00\" \/>\n<meta property=\"og:image\" content=\"https:\/\/static.deinadieu.ch\/uploads\/2020\/09\/tom-the-photographer-ByqC3ko_sQY-unsplash-scaled.jpg\" \/>\n\t<meta property=\"og:image:width\" content=\"2560\" \/>\n\t<meta property=\"og:image:height\" content=\"1707\" \/>\n\t<meta property=\"og:image:type\" content=\"image\/jpeg\" \/>\n<meta name=\"twitter:card\" content=\"summary_large_image\" \/>\n<meta name=\"twitter:site\" content=\"@DeinAdieu\" \/>\n<meta name=\"twitter:label1\" content=\"Est. reading time\" \/>\n\t<meta name=\"twitter:data1\" content=\"2 minutes\" \/>\n<script type=\"application\/ld+json\" class=\"yoast-schema-graph\">{\"@context\":\"https:\\\/\\\/schema.org\",\"@graph\":[{\"@type\":\"WebPage\",\"@id\":\"https:\\\/\\\/www.deinadieu.ch\\\/fr\\\/exemples-de-lettres-de-remerciements\\\/\",\"url\":\"https:\\\/\\\/www.deinadieu.ch\\\/fr\\\/exemples-de-lettres-de-remerciements\\\/\",\"name\":\"Lettre de remerciements suite \u00e0 un d\u00e9c\u00e8s - Exemples | DeinAdieu\",\"isPartOf\":{\"@id\":\"https:\\\/\\\/www.deinadieu.ch\\\/fr\\\/#website\"},\"primaryImageOfPage\":{\"@id\":\"https:\\\/\\\/www.deinadieu.ch\\\/fr\\\/exemples-de-lettres-de-remerciements\\\/#primaryimage\"},\"image\":{\"@id\":\"https:\\\/\\\/www.deinadieu.ch\\\/fr\\\/exemples-de-lettres-de-remerciements\\\/#primaryimage\"},\"thumbnailUrl\":\"https:\\\/\\\/www.deinadieu.ch\\\/wp-content\\\/uploads\\\/2020\\\/09\\\/tom-the-photographer-ByqC3ko_sQY-unsplash-scaled.jpg\",\"datePublished\":\"2020-09-29T08:20:51+00:00\",\"dateModified\":\"2023-05-08T10:18:43+00:00\",\"description\":\"Faites part de votre reconnaissance pour la sympathie exprim\u00e9e lors d'un d\u00e9c\u00e8s avec une carte de remerciement. Voici quelques exemples pour vous inspirer.\",\"breadcrumb\":{\"@id\":\"https:\\\/\\\/www.deinadieu.ch\\\/fr\\\/exemples-de-lettres-de-remerciements\\\/#breadcrumb\"},\"inLanguage\":\"fr-FR\",\"potentialAction\":[{\"@type\":\"ReadAction\",\"target\":[\"https:\\\/\\\/www.deinadieu.ch\\\/fr\\\/exemples-de-lettres-de-remerciements\\\/\"]}]},{\"@type\":\"ImageObject\",\"inLanguage\":\"fr-FR\",\"@id\":\"https:\\\/\\\/www.deinadieu.ch\\\/fr\\\/exemples-de-lettres-de-remerciements\\\/#primaryimage\",\"url\":\"https:\\\/\\\/www.deinadieu.ch\\\/wp-content\\\/uploads\\\/2020\\\/09\\\/tom-the-photographer-ByqC3ko_sQY-unsplash-scaled.jpg\",\"contentUrl\":\"https:\\\/\\\/www.deinadieu.ch\\\/wp-content\\\/uploads\\\/2020\\\/09\\\/tom-the-photographer-ByqC3ko_sQY-unsplash-scaled.jpg\",\"width\":2560,\"height\":1707},{\"@type\":\"BreadcrumbList\",\"@id\":\"https:\\\/\\\/www.deinadieu.ch\\\/fr\\\/exemples-de-lettres-de-remerciements\\\/#breadcrumb\",\"itemListElement\":[{\"@type\":\"ListItem\",\"position\":1,\"name\":\"Home\",\"item\":\"https:\\\/\\\/www.deinadieu.ch\\\/fr\\\/deinadieu-dialog-und-serviceportal-zum-lebensende\\\/\"},{\"@type\":\"ListItem\",\"position\":2,\"name\":\"Exemples de lettres de remerciements\"}]},{\"@type\":\"WebSite\",\"@id\":\"https:\\\/\\\/www.deinadieu.ch\\\/fr\\\/#website\",\"url\":\"https:\\\/\\\/www.deinadieu.ch\\\/fr\\\/\",\"name\":\"DeinAdieu.ch\",\"description\":\"Testament, Patientenverf\u00fcgung und Vorsorgeauftrag\",\"publisher\":{\"@id\":\"https:\\\/\\\/www.deinadieu.ch\\\/fr\\\/#organization\"},\"potentialAction\":[{\"@type\":\"SearchAction\",\"target\":{\"@type\":\"EntryPoint\",\"urlTemplate\":\"https:\\\/\\\/www.deinadieu.ch\\\/fr\\\/?s={search_term_string}\"},\"query-input\":{\"@type\":\"PropertyValueSpecification\",\"valueRequired\":true,\"valueName\":\"search_term_string\"}}],\"inLanguage\":\"fr-FR\"},{\"@type\":\"Organization\",\"@id\":\"https:\\\/\\\/www.deinadieu.ch\\\/fr\\\/#organization\",\"name\":\"EMNA Web GmbH\",\"url\":\"https:\\\/\\\/www.deinadieu.ch\\\/fr\\\/\",\"logo\":{\"@type\":\"ImageObject\",\"inLanguage\":\"fr-FR\",\"@id\":\"https:\\\/\\\/www.deinadieu.ch\\\/fr\\\/#\\\/schema\\\/logo\\\/image\\\/\",\"url\":\"https:\\\/\\\/www.deinadieu.ch\\\/wp-content\\\/uploads\\\/2016\\\/01\\\/DeinAdieu_Logo.png\",\"contentUrl\":\"https:\\\/\\\/www.deinadieu.ch\\\/wp-content\\\/uploads\\\/2016\\\/01\\\/DeinAdieu_Logo.png\",\"width\":300,\"height\":117,\"caption\":\"EMNA Web GmbH\"},\"image\":{\"@id\":\"https:\\\/\\\/www.deinadieu.ch\\\/fr\\\/#\\\/schema\\\/logo\\\/image\\\/\"},\"sameAs\":[\"https:\\\/\\\/www.facebook.com\\\/deinadieu\",\"https:\\\/\\\/x.com\\\/DeinAdieu\",\"https:\\\/\\\/www.instagram.com\\\/deinadieu\\\/\",\"https:\\\/\\\/www.linkedin.com\\\/company\\\/deinadieu.ch\"]}]}<\/script>","yoast_head_json":{"title":"Lettre de remerciements suite \u00e0 un d\u00e9c\u00e8s - Exemples | DeinAdieu","description":"Faites part de votre reconnaissance pour la sympathie exprim\u00e9e lors d'un d\u00e9c\u00e8s avec une carte de remerciement. Voici quelques exemples pour vous inspirer.","robots":{"index":"index","follow":"follow","max-snippet":"max-snippet:-1","max-image-preview":"max-image-preview:large","max-video-preview":"max-video-preview:-1"},"canonical":"https:\/\/www.deinadieu.ch\/fr\/exemples-de-lettres-de-remerciements\/","og_locale":"fr_FR","og_type":"article","og_title":"Exemples de lettres de remerciements","og_description":"DeinAdieu vous propose ici quelques exemples de lettres de remerciements. Laissez-vous inspirer par les diff\u00e9rents exemples et r\u00e9digez votre texte","og_url":"https:\/\/www.deinadieu.ch\/fr\/exemples-de-lettres-de-remerciements\/","og_site_name":"DeinAdieu.ch","article_publisher":"https:\/\/www.facebook.com\/deinadieu","article_modified_time":"2023-05-08T10:18:43+00:00","og_image":[{"width":2560,"height":1707,"url":"https:\/\/static.deinadieu.ch\/uploads\/2020\/09\/tom-the-photographer-ByqC3ko_sQY-unsplash-scaled.jpg","type":"image\/jpeg"}],"twitter_card":"summary_large_image","twitter_site":"@DeinAdieu","twitter_misc":{"Est. reading time":"2 minutes"},"schema":{"@context":"https:\/\/schema.org","@graph":[{"@type":"WebPage","@id":"https:\/\/www.deinadieu.ch\/fr\/exemples-de-lettres-de-remerciements\/","url":"https:\/\/www.deinadieu.ch\/fr\/exemples-de-lettres-de-remerciements\/","name":"Lettre de remerciements suite \u00e0 un d\u00e9c\u00e8s - Exemples | DeinAdieu","isPartOf":{"@id":"https:\/\/www.deinadieu.ch\/fr\/#website"},"primaryImageOfPage":{"@id":"https:\/\/www.deinadieu.ch\/fr\/exemples-de-lettres-de-remerciements\/#primaryimage"},"image":{"@id":"https:\/\/www.deinadieu.ch\/fr\/exemples-de-lettres-de-remerciements\/#primaryimage"},"thumbnailUrl":"https:\/\/www.deinadieu.ch\/wp-content\/uploads\/2020\/09\/tom-the-photographer-ByqC3ko_sQY-unsplash-scaled.jpg","datePublished":"2020-09-29T08:20:51+00:00","dateModified":"2023-05-08T10:18:43+00:00","description":"Faites part de votre reconnaissance pour la sympathie exprim\u00e9e lors d'un d\u00e9c\u00e8s avec une carte de remerciement. Voici quelques exemples pour vous inspirer.","breadcrumb":{"@id":"https:\/\/www.deinadieu.ch\/fr\/exemples-de-lettres-de-remerciements\/#breadcrumb"},"inLanguage":"fr-FR","potentialAction":[{"@type":"ReadAction","target":["https:\/\/www.deinadieu.ch\/fr\/exemples-de-lettres-de-remerciements\/"]}]},{"@type":"ImageObject","inLanguage":"fr-FR","@id":"https:\/\/www.deinadieu.ch\/fr\/exemples-de-lettres-de-remerciements\/#primaryimage","url":"https:\/\/www.deinadieu.ch\/wp-content\/uploads\/2020\/09\/tom-the-photographer-ByqC3ko_sQY-unsplash-scaled.jpg","contentUrl":"https:\/\/www.deinadieu.ch\/wp-content\/uploads\/2020\/09\/tom-the-photographer-ByqC3ko_sQY-unsplash-scaled.jpg","width":2560,"height":1707},{"@type":"BreadcrumbList","@id":"https:\/\/www.deinadieu.ch\/fr\/exemples-de-lettres-de-remerciements\/#breadcrumb","itemListElement":[{"@type":"ListItem","position":1,"name":"Home","item":"https:\/\/www.deinadieu.ch\/fr\/deinadieu-dialog-und-serviceportal-zum-lebensende\/"},{"@type":"ListItem","position":2,"name":"Exemples de lettres de remerciements"}]},{"@type":"WebSite","@id":"https:\/\/www.deinadieu.ch\/fr\/#website","url":"https:\/\/www.deinadieu.ch\/fr\/","name":"DeinAdieu.ch","description":"Testament, Patientenverf\u00fcgung und Vorsorgeauftrag","publisher":{"@id":"https:\/\/www.deinadieu.ch\/fr\/#organization"},"potentialAction":[{"@type":"SearchAction","target":{"@type":"EntryPoint","urlTemplate":"https:\/\/www.deinadieu.ch\/fr\/?s={search_term_string}"},"query-input":{"@type":"PropertyValueSpecification","valueRequired":true,"valueName":"search_term_string"}}],"inLanguage":"fr-FR"},{"@type":"Organization","@id":"https:\/\/www.deinadieu.ch\/fr\/#organization","name":"EMNA Web GmbH","url":"https:\/\/www.deinadieu.ch\/fr\/","logo":{"@type":"ImageObject","inLanguage":"fr-FR","@id":"https:\/\/www.deinadieu.ch\/fr\/#\/schema\/logo\/image\/","url":"https:\/\/www.deinadieu.ch\/wp-content\/uploads\/2016\/01\/DeinAdieu_Logo.png","contentUrl":"https:\/\/www.deinadieu.ch\/wp-content\/uploads\/2016\/01\/DeinAdieu_Logo.png","width":300,"height":117,"caption":"EMNA Web GmbH"},"image":{"@id":"https:\/\/www.deinadieu.ch\/fr\/#\/schema\/logo\/image\/"},"sameAs":["https:\/\/www.facebook.com\/deinadieu","https:\/\/x.com\/DeinAdieu","https:\/\/www.instagram.com\/deinadieu\/","https:\/\/www.linkedin.com\/company\/deinadieu.ch"]}]}},"_links":{"self":[{"href":"https:\/\/www.deinadieu.ch\/fr\/wp-json\/wp\/v2\/pages\/25758","targetHints":{"allow":["GET"]}}],"collection":[{"href":"https:\/\/www.deinadieu.ch\/fr\/wp-json\/wp\/v2\/pages"}],"about":[{"href":"https:\/\/www.deinadieu.ch\/fr\/wp-json\/wp\/v2\/types\/page"}],"author":[{"embeddable":true,"href":"https:\/\/www.deinadieu.ch\/fr\/wp-json\/wp\/v2\/users\/6026"}],"replies":[{"embeddable":true,"href":"https:\/\/www.deinadieu.ch\/fr\/wp-json\/wp\/v2\/comments?post=25758"}],"version-history":[{"count":11,"href":"https:\/\/www.deinadieu.ch\/fr\/wp-json\/wp\/v2\/pages\/25758\/revisions"}],"predecessor-version":[{"id":63485,"href":"https:\/\/www.deinadieu.ch\/fr\/wp-json\/wp\/v2\/pages\/25758\/revisions\/63485"}],"wp:featuredmedia":[{"embeddable":true,"href":"https:\/\/www.deinadieu.ch\/fr\/wp-json\/wp\/v2\/media\/24900"}],"wp:attachment":[{"href":"https:\/\/www.deinadieu.ch\/fr\/wp-json\/wp\/v2\/media?parent=25758"}],"curies":[{"name":"wp","href":"https:\/\/api.w.org\/{rel}","templated":true}]}}