{"id":25533,"date":"2020-10-05T16:12:51","date_gmt":"2020-10-05T14:12:51","guid":{"rendered":"http:\/\/www.deinadieu.ch\/exemple-de-lettres-de-condoleances\/"},"modified":"2020-11-05T13:49:55","modified_gmt":"2020-11-05T12:49:55","slug":"exemple-de-lettres-de-condoleances","status":"publish","type":"page","link":"https:\/\/www.deinadieu.ch\/fr\/exemple-de-lettres-de-condoleances\/","title":{"rendered":"Exemple de lettres de condol\u00e9ances"},"content":{"rendered":"\n<p>DeinAdieu fournit ici quelques exemples de lettres de condol\u00e9ances. Laissez-vous inspirer par les diff\u00e9rents exemples et r\u00e9digez votre texte personnel.<\/p>\n\n\n\n<div style=\"height:60px\" aria-hidden=\"true\" class=\"wp-block-spacer\"><\/div>\n\n\n\n<div class=\"wp-block-columns is-layout-flex wp-container-core-columns-is-layout-28f84493 wp-block-columns-is-layout-flex\">\n<div class=\"wp-block-column is-layout-flow wp-block-column-is-layout-flow\" style=\"flex-basis:75%\">\n<h2 class=\"wp-block-heading\">Mort d&#8217;un(-e) coll\u00e8gue de travail &#8211; Entreprise<\/h2>\n\n\n\n<p><\/p>\n\n\n\n<div class=\"wp-block-group\"><div class=\"wp-block-group__inner-container is-layout-flow wp-block-group-is-layout-flow\">\n<div class=\"wp-block-cover aligncenter has-parallax box_info p-10 rounded-lg\" style=\"background-image:url(http:\/\/www.deinadieu.ch\/wp-content\/uploads\/2020\/09\/ornella-binni-C4X2hE91dow-unsplash-square-1.jpg)\"><div class=\"wp-block-cover__inner-container is-layout-flow wp-block-cover-is-layout-flow\">\n<p class=\"title text-lg font-semibold has-black-color has-text-color\">Cher Monsieur M\u00fcller,<\/p>\n\n\n\n<p class=\"has-black-color has-text-color\">C&#8217;est avec stupeur que nous avons appris la mort tragique de votre femme. Toute l&#8217;\u00e9quipe est constern\u00e9e par cet indicible \u00e9v\u00e9nement. Avec Anja, nous perdons une coll\u00e8gue extr\u00eamement comp\u00e9tente, mais aussi une coll\u00e8gue au grand c\u0153ur. Avec sa nature enjou\u00e9e, elle nous mettait toujours le sourire aux l\u00e8vres, m\u00eame si la charge de travail semblait parfois \u00eatre insurmontable. C&#8217;est ainsi que nous avons r\u00e9ussi \u00e0 traverser des p\u00e9riodes difficiles et \u00e0 respecter des d\u00e9lais importants. Nous nous souviendrons de votre femme et de son attitude positive.<\/p>\n\n\n\n<p class=\"has-black-color has-text-color\">Avec nos sinc\u00e8res condol\u00e9ances<\/p>\n\n\n\n<p class=\"has-black-color has-text-color\">Au nom de tous les coll\u00e8gues, Ivo Eggenberger<\/p>\n\n\n\n<p class=\"has-black-color has-text-color\"><strong>ArtDeco Graphic Designs<\/strong><\/p>\n<\/div><\/div>\n<\/div><\/div>\n\n\n\n<div style=\"height:35px\" aria-hidden=\"true\" class=\"wp-block-spacer\"><\/div>\n<\/div>\n<\/div>\n\n\n\n<div class=\"wp-block-columns is-layout-flex wp-container-core-columns-is-layout-28f84493 wp-block-columns-is-layout-flex\">\n<div class=\"wp-block-column is-layout-flow wp-block-column-is-layout-flow\" style=\"flex-basis:75%\">\n<h2 class=\"wp-block-heading\">Mort d&#8217;une grand-m\u00e8re &#8211; d&#8217;une copine<\/h2>\n\n\n\n<p><\/p>\n\n\n\n<div class=\"wp-block-group\"><div class=\"wp-block-group__inner-container is-layout-flow wp-block-group-is-layout-flow\">\n<div class=\"wp-block-cover aligncenter has-parallax box_info p-10 rounded-lg\" style=\"background-image:url(http:\/\/www.deinadieu.ch\/wp-content\/uploads\/2020\/09\/ornella-binni-C4X2hE91dow-unsplash-square-1.jpg)\"><div class=\"wp-block-cover__inner-container is-layout-flow wp-block-cover-is-layout-flow\">\n<p class=\"title text-lg font-semibold has-black-color has-text-color\">Ch\u00e8re Marianne,<\/p>\n\n\n\n<p class=\"has-black-color has-text-color\">\u00e0 l&#8217;occasion du d\u00e9c\u00e8s de ta ch\u00e8re m\u00e8re, nous te pr\u00e9sentons notre sinc\u00e8re compassion. M\u00eame si nous ne l&#8217;avons connue que bri\u00e8vement, nous nous souviendrons d&#8217;elle comme d&#8217;une personne joyeuse. Elle avait la r\u00e9putation, dans tout le village, d&#8217;\u00eatre toujours \u00e0 l&#8217;\u00e9coute des autres. Nous savons \u00e0 quel point tu \u00e9tais proche d&#8217;elle. M\u00eame si aucune consolation pour cette perte douloureuse ne semble possible, sache que le souvenir d&#8217;une personne merveilleuse demeurera.<\/p>\n\n\n\n<p class=\"has-black-color has-text-color\">Si nous pouvons faire quelque chose pour vous, fais-le nous savoir.<\/p>\n\n\n\n<p class=\"has-black-color has-text-color\">Nos plus sinc\u00e8res condol\u00e9ances<\/p>\n\n\n\n<p class=\"has-black-color has-text-color\"><strong>Sandra et Famille<\/strong><\/p>\n<\/div><\/div>\n\n\n\n<div style=\"height:35px\" aria-hidden=\"true\" class=\"wp-block-spacer\"><\/div>\n<\/div><\/div>\n<\/div>\n<\/div>\n\n\n\n<div class=\"wp-block-columns is-layout-flex wp-container-core-columns-is-layout-28f84493 wp-block-columns-is-layout-flex\">\n<div class=\"wp-block-column is-layout-flow wp-block-column-is-layout-flow\" style=\"flex-basis:75%\">\n<h2 class=\"wp-block-heading\">Mort d&#8217;un enfant &#8211; Etablissement scolaire, recteur<\/h2>\n\n\n\n<p><\/p>\n\n\n\n<div class=\"wp-block-group\"><div class=\"wp-block-group__inner-container is-layout-flow wp-block-group-is-layout-flow\">\n<div class=\"wp-block-cover aligncenter has-parallax box_info p-10 rounded-lg\" style=\"background-image:url(http:\/\/www.deinadieu.ch\/wp-content\/uploads\/2020\/09\/ornella-binni-C4X2hE91dow-unsplash-square-1.jpg)\"><div class=\"wp-block-cover__inner-container is-layout-flow wp-block-cover-is-layout-flow\">\n<p class=\"title text-lg font-semibold has-black-color has-text-color\">Ch\u00e8re famille Sch\u00f6nenberger,<\/p>\n\n\n\n<p class=\"has-black-color has-text-color\">C&#8217;est avec une profonde stupeur que nous avons appris hier que Noah nous a quitt\u00e9s pour toujours. Ce coup du sort est incompr\u00e9hensible et infiniment triste. Nous avons toujours connu Noah comme un gar\u00e7on rayonnant dans toute la classe. Malgr\u00e9 sa maladie, il est rest\u00e9 lui-m\u00eame et avec son attitude positive, il nous a toujours donn\u00e9 l&#8217;espoir qu&#8217;il se r\u00e9tablirait. S&#8217;il n&#8217;avait pas \u00e9t\u00e9 touch\u00e9 par sa maladie, il n&#8217;aurait certainement pas \u00e9t\u00e9 possible de remarquer contre quoi il avait d\u00fb se battre dans sa vie encore si jeune. Il laissera un vide certain dans la classe 5c.<\/p>\n\n\n\n<p class=\"has-black-color has-text-color\">Nous tenons \u00e0 vous exprimer nos plus sinc\u00e8res condol\u00e9ances pour cette grande perte et vous souhaitons de tout c\u0153ur d&#8217;\u00eatre forts dans cette p\u00e9riode difficile.<\/p>\n\n\n\n<p class=\"has-black-color has-text-color\"><strong>Au nom de la classe 5c et de l&#8217;\u00e9cole primaire de Sch\u00f6negg, Paul Sutter, recteur.<\/strong><\/p>\n<\/div><\/div>\n<\/div><\/div>\n\n\n\n<div style=\"height:35px\" aria-hidden=\"true\" class=\"wp-block-spacer\"><\/div>\n\n\n\n<p><\/p>\n<\/div>\n<\/div>\n\n\n\n<div class=\"wp-block-columns is-layout-flex wp-container-core-columns-is-layout-28f84493 wp-block-columns-is-layout-flex\">\n<div class=\"wp-block-column is-layout-flow wp-block-column-is-layout-flow\" style=\"flex-basis:75%\">\n<h2 class=\"wp-block-heading\">Mort d&#8217;un mari &#8211; Voisin<\/h2>\n\n\n\n<p><\/p>\n\n\n\n<div class=\"wp-block-group\"><div class=\"wp-block-group__inner-container is-layout-flow wp-block-group-is-layout-flow\">\n<div class=\"wp-block-cover aligncenter has-parallax box_info p-10 rounded-lg\" style=\"background-image:url(http:\/\/www.deinadieu.ch\/wp-content\/uploads\/2020\/09\/ornella-binni-C4X2hE91dow-unsplash-square-1.jpg)\"><div class=\"wp-block-cover__inner-container is-layout-flow wp-block-cover-is-layout-flow\">\n<p class=\"title text-lg font-semibold has-black-color has-text-color\">Ch\u00e8re Silvia,<\/p>\n\n\n\n<p class=\"has-black-color has-text-color\">C&#8217;est avec une grande tristesse que nous avons appris la mort inattendue de Pius. Nous sommes stup\u00e9faits qu&#8217;il ait \u00e9t\u00e9 arrach\u00e9 \u00e0 la vie si soudainement. Nous ne pouvons que deviner la douleur que vous et les enfants ressentez face \u00e0 cette mort tragique. Aucun mot de consolation n&#8217;existe pour offrir du r\u00e9confort. Pius \u00e9tait plus qu&#8217;un simple voisin, \u00e0 chaque coup de main n\u00e9cessaire, il se pr\u00e9cipitait pour aider et il avait les bons outils . Nous nous souviendrons toujours de sa nature bienveillante.<\/p>\n\n\n\n<p class=\"has-black-color has-text-color\">Pour la p\u00e9riode \u00e0 venir, nous te souhaitons \u00e0 toi et aux enfants de pouvoir dire au revoir avec beaucoup de force et avec toute la puissance n\u00e9cessaire afin de pouvoir continuer \u00e0 avancer sur votre propre voie.<\/p>\n\n\n\n<p class=\"has-black-color has-text-color\">Avec un souvenir chaleureux et une salutation paisible<\/p>\n\n\n\n<p class=\"has-black-color has-text-color\"><strong>Jeanette &amp; Peter<\/strong><\/p>\n<\/div><\/div>\n<\/div><\/div>\n\n\n\n<div style=\"height:35px\" aria-hidden=\"true\" class=\"wp-block-spacer\"><\/div>\n\n\n\n<p><\/p>\n<\/div>\n<\/div>\n\n\n\n<div style=\"height:100px\" aria-hidden=\"true\" class=\"wp-block-spacer\"><\/div>\n","protected":false},"excerpt":{"rendered":"<p>DeinAdieu fournit ici quelques exemples de lettres de condol\u00e9ances. Laissez-vous inspirer par les diff\u00e9rents exemples et r\u00e9digez votre texte personnel. Mort d&#8217;un(-e) coll\u00e8gue de travail &#8211; Entreprise Mort d&#8217;une grand-m\u00e8re &#8211; d&#8217;une copine Mort d&#8217;un enfant &#8211; Etablissement scolaire, recteur Mort d&#8217;un mari &#8211; Voisin<\/p>\n","protected":false},"author":6026,"featured_media":24792,"parent":0,"menu_order":0,"comment_status":"closed","ping_status":"closed","template":"","meta":{"_acf_changed":false,"footnotes":""},"class_list":["post-25533","page","type-page","status-publish","has-post-thumbnail","hentry"],"acf":[],"yoast_head":"<title>Lettres de condol\u00e9ances - exemples et mod\u00e8les | DeinAdieu.ch<\/title>\n<meta name=\"description\" content=\"Exprimez vos condol\u00e9ances \u00e0 l&#039;aide d&#039;une formule appropri\u00e9e. Vous trouverez ici des exemples qui vous inspireront pour \u00e9crire votre lettre de condol\u00e9ances personnelle.\" \/>\n<meta name=\"robots\" content=\"index, follow, max-snippet:-1, max-image-preview:large, max-video-preview:-1\" \/>\n<link rel=\"canonical\" href=\"https:\/\/www.deinadieu.ch\/fr\/exemple-de-lettres-de-condoleances\/\" \/>\n<meta property=\"og:locale\" content=\"fr_FR\" \/>\n<meta property=\"og:type\" content=\"article\" \/>\n<meta property=\"og:title\" content=\"Exemple de lettres de condol\u00e9ances\" \/>\n<meta property=\"og:description\" content=\"DeinAdieu fournit ici quelques exemples de lettres de condol\u00e9ances. Laissez-vous inspirer par les diff\u00e9rents exemples et r\u00e9digez votre texte personnel.\" \/>\n<meta property=\"og:url\" content=\"https:\/\/www.deinadieu.ch\/fr\/exemple-de-lettres-de-condoleances\/\" \/>\n<meta property=\"og:site_name\" content=\"DeinAdieu.ch\" \/>\n<meta property=\"article:publisher\" content=\"https:\/\/www.facebook.com\/deinadieu\" \/>\n<meta property=\"article:modified_time\" content=\"2020-11-05T12:49:55+00:00\" \/>\n<meta property=\"og:image\" content=\"https:\/\/static.deinadieu.ch\/uploads\/2020\/09\/kristian-strand-p8gzCnZf39k-unsplash-scaled.jpg\" \/>\n\t<meta property=\"og:image:width\" content=\"2560\" \/>\n\t<meta property=\"og:image:height\" content=\"1706\" \/>\n\t<meta property=\"og:image:type\" content=\"image\/jpeg\" \/>\n<meta name=\"twitter:card\" content=\"summary_large_image\" \/>\n<meta name=\"twitter:site\" content=\"@DeinAdieu\" \/>\n<meta name=\"twitter:label1\" content=\"Est. reading time\" \/>\n\t<meta name=\"twitter:data1\" content=\"3 minutes\" \/>\n<script type=\"application\/ld+json\" class=\"yoast-schema-graph\">{\"@context\":\"https:\\\/\\\/schema.org\",\"@graph\":[{\"@type\":\"WebPage\",\"@id\":\"https:\\\/\\\/www.deinadieu.ch\\\/fr\\\/exemple-de-lettres-de-condoleances\\\/\",\"url\":\"https:\\\/\\\/www.deinadieu.ch\\\/fr\\\/exemple-de-lettres-de-condoleances\\\/\",\"name\":\"Lettres de condol\u00e9ances - exemples et mod\u00e8les | DeinAdieu.ch\",\"isPartOf\":{\"@id\":\"https:\\\/\\\/www.deinadieu.ch\\\/fr\\\/#website\"},\"primaryImageOfPage\":{\"@id\":\"https:\\\/\\\/www.deinadieu.ch\\\/fr\\\/exemple-de-lettres-de-condoleances\\\/#primaryimage\"},\"image\":{\"@id\":\"https:\\\/\\\/www.deinadieu.ch\\\/fr\\\/exemple-de-lettres-de-condoleances\\\/#primaryimage\"},\"thumbnailUrl\":\"https:\\\/\\\/www.deinadieu.ch\\\/wp-content\\\/uploads\\\/2020\\\/09\\\/kristian-strand-p8gzCnZf39k-unsplash-scaled.jpg\",\"datePublished\":\"2020-10-05T14:12:51+00:00\",\"dateModified\":\"2020-11-05T12:49:55+00:00\",\"description\":\"Exprimez vos condol\u00e9ances \u00e0 l'aide d'une formule appropri\u00e9e. Vous trouverez ici des exemples qui vous inspireront pour \u00e9crire votre lettre de condol\u00e9ances personnelle.\",\"breadcrumb\":{\"@id\":\"https:\\\/\\\/www.deinadieu.ch\\\/fr\\\/exemple-de-lettres-de-condoleances\\\/#breadcrumb\"},\"inLanguage\":\"fr-FR\",\"potentialAction\":[{\"@type\":\"ReadAction\",\"target\":[\"https:\\\/\\\/www.deinadieu.ch\\\/fr\\\/exemple-de-lettres-de-condoleances\\\/\"]}]},{\"@type\":\"ImageObject\",\"inLanguage\":\"fr-FR\",\"@id\":\"https:\\\/\\\/www.deinadieu.ch\\\/fr\\\/exemple-de-lettres-de-condoleances\\\/#primaryimage\",\"url\":\"https:\\\/\\\/www.deinadieu.ch\\\/wp-content\\\/uploads\\\/2020\\\/09\\\/kristian-strand-p8gzCnZf39k-unsplash-scaled.jpg\",\"contentUrl\":\"https:\\\/\\\/www.deinadieu.ch\\\/wp-content\\\/uploads\\\/2020\\\/09\\\/kristian-strand-p8gzCnZf39k-unsplash-scaled.jpg\",\"width\":2560,\"height\":1706},{\"@type\":\"BreadcrumbList\",\"@id\":\"https:\\\/\\\/www.deinadieu.ch\\\/fr\\\/exemple-de-lettres-de-condoleances\\\/#breadcrumb\",\"itemListElement\":[{\"@type\":\"ListItem\",\"position\":1,\"name\":\"Home\",\"item\":\"https:\\\/\\\/www.deinadieu.ch\\\/fr\\\/deinadieu-dialog-und-serviceportal-zum-lebensende\\\/\"},{\"@type\":\"ListItem\",\"position\":2,\"name\":\"Exemple de lettres de condol\u00e9ances\"}]},{\"@type\":\"WebSite\",\"@id\":\"https:\\\/\\\/www.deinadieu.ch\\\/fr\\\/#website\",\"url\":\"https:\\\/\\\/www.deinadieu.ch\\\/fr\\\/\",\"name\":\"DeinAdieu.ch\",\"description\":\"Testament, Patientenverf\u00fcgung und Vorsorgeauftrag\",\"publisher\":{\"@id\":\"https:\\\/\\\/www.deinadieu.ch\\\/fr\\\/#organization\"},\"potentialAction\":[{\"@type\":\"SearchAction\",\"target\":{\"@type\":\"EntryPoint\",\"urlTemplate\":\"https:\\\/\\\/www.deinadieu.ch\\\/fr\\\/?s={search_term_string}\"},\"query-input\":{\"@type\":\"PropertyValueSpecification\",\"valueRequired\":true,\"valueName\":\"search_term_string\"}}],\"inLanguage\":\"fr-FR\"},{\"@type\":\"Organization\",\"@id\":\"https:\\\/\\\/www.deinadieu.ch\\\/fr\\\/#organization\",\"name\":\"EMNA Web GmbH\",\"url\":\"https:\\\/\\\/www.deinadieu.ch\\\/fr\\\/\",\"logo\":{\"@type\":\"ImageObject\",\"inLanguage\":\"fr-FR\",\"@id\":\"https:\\\/\\\/www.deinadieu.ch\\\/fr\\\/#\\\/schema\\\/logo\\\/image\\\/\",\"url\":\"https:\\\/\\\/www.deinadieu.ch\\\/wp-content\\\/uploads\\\/2016\\\/01\\\/DeinAdieu_Logo.png\",\"contentUrl\":\"https:\\\/\\\/www.deinadieu.ch\\\/wp-content\\\/uploads\\\/2016\\\/01\\\/DeinAdieu_Logo.png\",\"width\":300,\"height\":117,\"caption\":\"EMNA Web GmbH\"},\"image\":{\"@id\":\"https:\\\/\\\/www.deinadieu.ch\\\/fr\\\/#\\\/schema\\\/logo\\\/image\\\/\"},\"sameAs\":[\"https:\\\/\\\/www.facebook.com\\\/deinadieu\",\"https:\\\/\\\/x.com\\\/DeinAdieu\",\"https:\\\/\\\/www.instagram.com\\\/deinadieu\\\/\",\"https:\\\/\\\/www.linkedin.com\\\/company\\\/deinadieu.ch\"]}]}<\/script>","yoast_head_json":{"title":"Lettres de condol\u00e9ances - exemples et mod\u00e8les | DeinAdieu.ch","description":"Exprimez vos condol\u00e9ances \u00e0 l'aide d'une formule appropri\u00e9e. Vous trouverez ici des exemples qui vous inspireront pour \u00e9crire votre lettre de condol\u00e9ances personnelle.","robots":{"index":"index","follow":"follow","max-snippet":"max-snippet:-1","max-image-preview":"max-image-preview:large","max-video-preview":"max-video-preview:-1"},"canonical":"https:\/\/www.deinadieu.ch\/fr\/exemple-de-lettres-de-condoleances\/","og_locale":"fr_FR","og_type":"article","og_title":"Exemple de lettres de condol\u00e9ances","og_description":"DeinAdieu fournit ici quelques exemples de lettres de condol\u00e9ances. Laissez-vous inspirer par les diff\u00e9rents exemples et r\u00e9digez votre texte personnel.","og_url":"https:\/\/www.deinadieu.ch\/fr\/exemple-de-lettres-de-condoleances\/","og_site_name":"DeinAdieu.ch","article_publisher":"https:\/\/www.facebook.com\/deinadieu","article_modified_time":"2020-11-05T12:49:55+00:00","og_image":[{"width":2560,"height":1706,"url":"https:\/\/static.deinadieu.ch\/uploads\/2020\/09\/kristian-strand-p8gzCnZf39k-unsplash-scaled.jpg","type":"image\/jpeg"}],"twitter_card":"summary_large_image","twitter_site":"@DeinAdieu","twitter_misc":{"Est. reading time":"3 minutes"},"schema":{"@context":"https:\/\/schema.org","@graph":[{"@type":"WebPage","@id":"https:\/\/www.deinadieu.ch\/fr\/exemple-de-lettres-de-condoleances\/","url":"https:\/\/www.deinadieu.ch\/fr\/exemple-de-lettres-de-condoleances\/","name":"Lettres de condol\u00e9ances - exemples et mod\u00e8les | DeinAdieu.ch","isPartOf":{"@id":"https:\/\/www.deinadieu.ch\/fr\/#website"},"primaryImageOfPage":{"@id":"https:\/\/www.deinadieu.ch\/fr\/exemple-de-lettres-de-condoleances\/#primaryimage"},"image":{"@id":"https:\/\/www.deinadieu.ch\/fr\/exemple-de-lettres-de-condoleances\/#primaryimage"},"thumbnailUrl":"https:\/\/www.deinadieu.ch\/wp-content\/uploads\/2020\/09\/kristian-strand-p8gzCnZf39k-unsplash-scaled.jpg","datePublished":"2020-10-05T14:12:51+00:00","dateModified":"2020-11-05T12:49:55+00:00","description":"Exprimez vos condol\u00e9ances \u00e0 l'aide d'une formule appropri\u00e9e. Vous trouverez ici des exemples qui vous inspireront pour \u00e9crire votre lettre de condol\u00e9ances personnelle.","breadcrumb":{"@id":"https:\/\/www.deinadieu.ch\/fr\/exemple-de-lettres-de-condoleances\/#breadcrumb"},"inLanguage":"fr-FR","potentialAction":[{"@type":"ReadAction","target":["https:\/\/www.deinadieu.ch\/fr\/exemple-de-lettres-de-condoleances\/"]}]},{"@type":"ImageObject","inLanguage":"fr-FR","@id":"https:\/\/www.deinadieu.ch\/fr\/exemple-de-lettres-de-condoleances\/#primaryimage","url":"https:\/\/www.deinadieu.ch\/wp-content\/uploads\/2020\/09\/kristian-strand-p8gzCnZf39k-unsplash-scaled.jpg","contentUrl":"https:\/\/www.deinadieu.ch\/wp-content\/uploads\/2020\/09\/kristian-strand-p8gzCnZf39k-unsplash-scaled.jpg","width":2560,"height":1706},{"@type":"BreadcrumbList","@id":"https:\/\/www.deinadieu.ch\/fr\/exemple-de-lettres-de-condoleances\/#breadcrumb","itemListElement":[{"@type":"ListItem","position":1,"name":"Home","item":"https:\/\/www.deinadieu.ch\/fr\/deinadieu-dialog-und-serviceportal-zum-lebensende\/"},{"@type":"ListItem","position":2,"name":"Exemple de lettres de condol\u00e9ances"}]},{"@type":"WebSite","@id":"https:\/\/www.deinadieu.ch\/fr\/#website","url":"https:\/\/www.deinadieu.ch\/fr\/","name":"DeinAdieu.ch","description":"Testament, Patientenverf\u00fcgung und Vorsorgeauftrag","publisher":{"@id":"https:\/\/www.deinadieu.ch\/fr\/#organization"},"potentialAction":[{"@type":"SearchAction","target":{"@type":"EntryPoint","urlTemplate":"https:\/\/www.deinadieu.ch\/fr\/?s={search_term_string}"},"query-input":{"@type":"PropertyValueSpecification","valueRequired":true,"valueName":"search_term_string"}}],"inLanguage":"fr-FR"},{"@type":"Organization","@id":"https:\/\/www.deinadieu.ch\/fr\/#organization","name":"EMNA Web GmbH","url":"https:\/\/www.deinadieu.ch\/fr\/","logo":{"@type":"ImageObject","inLanguage":"fr-FR","@id":"https:\/\/www.deinadieu.ch\/fr\/#\/schema\/logo\/image\/","url":"https:\/\/www.deinadieu.ch\/wp-content\/uploads\/2016\/01\/DeinAdieu_Logo.png","contentUrl":"https:\/\/www.deinadieu.ch\/wp-content\/uploads\/2016\/01\/DeinAdieu_Logo.png","width":300,"height":117,"caption":"EMNA Web GmbH"},"image":{"@id":"https:\/\/www.deinadieu.ch\/fr\/#\/schema\/logo\/image\/"},"sameAs":["https:\/\/www.facebook.com\/deinadieu","https:\/\/x.com\/DeinAdieu","https:\/\/www.instagram.com\/deinadieu\/","https:\/\/www.linkedin.com\/company\/deinadieu.ch"]}]}},"_links":{"self":[{"href":"https:\/\/www.deinadieu.ch\/fr\/wp-json\/wp\/v2\/pages\/25533","targetHints":{"allow":["GET"]}}],"collection":[{"href":"https:\/\/www.deinadieu.ch\/fr\/wp-json\/wp\/v2\/pages"}],"about":[{"href":"https:\/\/www.deinadieu.ch\/fr\/wp-json\/wp\/v2\/types\/page"}],"author":[{"embeddable":true,"href":"https:\/\/www.deinadieu.ch\/fr\/wp-json\/wp\/v2\/users\/6026"}],"replies":[{"embeddable":true,"href":"https:\/\/www.deinadieu.ch\/fr\/wp-json\/wp\/v2\/comments?post=25533"}],"version-history":[{"count":3,"href":"https:\/\/www.deinadieu.ch\/fr\/wp-json\/wp\/v2\/pages\/25533\/revisions"}],"predecessor-version":[{"id":26703,"href":"https:\/\/www.deinadieu.ch\/fr\/wp-json\/wp\/v2\/pages\/25533\/revisions\/26703"}],"wp:featuredmedia":[{"embeddable":true,"href":"https:\/\/www.deinadieu.ch\/fr\/wp-json\/wp\/v2\/media\/24792"}],"wp:attachment":[{"href":"https:\/\/www.deinadieu.ch\/fr\/wp-json\/wp\/v2\/media?parent=25533"}],"curies":[{"name":"wp","href":"https:\/\/api.w.org\/{rel}","templated":true}]}}