{"id":23789,"date":"2017-06-22T09:28:59","date_gmt":"2017-06-22T07:28:59","guid":{"rendered":"http:\/\/www.deinadieu.ch\/contrats-modeles-de-lettres\/"},"modified":"2024-11-15T18:11:21","modified_gmt":"2024-11-15T17:11:21","slug":"contrats-modeles-de-lettres","status":"publish","type":"page","link":"https:\/\/www.deinadieu.ch\/fr\/contrats-modeles-de-lettres\/","title":{"rendered":"Contrats &amp; lettres types"},"content":{"rendered":"\n<h1 class=\"wp-block-heading\" id=\"h-vertrage-amp-vorlagen\">Contrats &amp; mod\u00e8les<\/h1>\n\n<p>DeinAdieu propose <strong>le plus grand centre de t\u00e9l\u00e9chargement gratuit de Suisse<\/strong> avec des mod\u00e8les de contrats, des directives anticip\u00e9es, des lettres types et des clauses juridiques. Tous les documents sont disponibles gratuitement.<\/p>\n","protected":false},"excerpt":{"rendered":"<p>Contrats &amp; mod\u00e8les DeinAdieu propose le plus grand centre de t\u00e9l\u00e9chargement gratuit de Suisse avec des mod\u00e8les de contrats, des directives anticip\u00e9es, des lettres types et des clauses juridiques. Tous les documents sont disponibles gratuitement.<\/p>\n","protected":false},"author":4998,"featured_media":0,"parent":0,"menu_order":0,"comment_status":"closed","ping_status":"closed","template":"page-templates\/page-download-center.php","meta":{"_acf_changed":false,"footnotes":""},"class_list":["post-23789","page","type-page","status-publish","hentry"],"acf":[],"yoast_head":"<title>Contrats et check-lists en cas de d\u00e9c\u00e8s | DeinAdieu<\/title>\n<meta name=\"description\" content=\"DeinAdieu propose le plus grand centre de t\u00e9l\u00e9chargement gratuit de Suisse avec des mod\u00e8les de contrats, des directives anticip\u00e9es, des lettres types et des clauses juridiques.\" \/>\n<meta name=\"robots\" content=\"index, follow, max-snippet:-1, max-image-preview:large, max-video-preview:-1\" \/>\n<link rel=\"canonical\" href=\"https:\/\/www.deinadieu.ch\/fr\/contrats-modeles-de-lettres\/\" \/>\n<meta property=\"og:locale\" content=\"fr_FR\" \/>\n<meta property=\"og:type\" content=\"article\" \/>\n<meta property=\"og:title\" content=\"Contrats &amp; lettres types\" \/>\n<meta property=\"og:description\" content=\"Contrats &amp; mod\u00e8les DeinAdieu propose le plus grand centre de t\u00e9l\u00e9chargement gratuit de Suisse avec des mod\u00e8les de contrats, des directives anticip\u00e9es,\" \/>\n<meta property=\"og:url\" content=\"https:\/\/www.deinadieu.ch\/fr\/contrats-modeles-de-lettres\/\" \/>\n<meta property=\"og:site_name\" content=\"DeinAdieu.ch\" \/>\n<meta property=\"article:publisher\" content=\"https:\/\/www.facebook.com\/deinadieu\" \/>\n<meta property=\"article:modified_time\" content=\"2024-11-15T17:11:21+00:00\" \/>\n<meta name=\"twitter:card\" content=\"summary_large_image\" \/>\n<meta name=\"twitter:site\" content=\"@DeinAdieu\" \/>\n<meta name=\"twitter:label1\" content=\"Est. reading time\" \/>\n\t<meta name=\"twitter:data1\" content=\"1 minute\" \/>\n<script type=\"application\/ld+json\" class=\"yoast-schema-graph\">{\"@context\":\"https:\\\/\\\/schema.org\",\"@graph\":[{\"@type\":\"WebPage\",\"@id\":\"https:\\\/\\\/www.deinadieu.ch\\\/fr\\\/contrats-modeles-de-lettres\\\/\",\"url\":\"https:\\\/\\\/www.deinadieu.ch\\\/fr\\\/contrats-modeles-de-lettres\\\/\",\"name\":\"Contrats et check-lists en cas de d\u00e9c\u00e8s | DeinAdieu\",\"isPartOf\":{\"@id\":\"https:\\\/\\\/www.deinadieu.ch\\\/fr\\\/#website\"},\"datePublished\":\"2017-06-22T07:28:59+00:00\",\"dateModified\":\"2024-11-15T17:11:21+00:00\",\"description\":\"DeinAdieu propose le plus grand centre de t\u00e9l\u00e9chargement gratuit de Suisse avec des mod\u00e8les de contrats, des directives anticip\u00e9es, des lettres types et des clauses juridiques.\",\"breadcrumb\":{\"@id\":\"https:\\\/\\\/www.deinadieu.ch\\\/fr\\\/contrats-modeles-de-lettres\\\/#breadcrumb\"},\"inLanguage\":\"fr-FR\",\"potentialAction\":[{\"@type\":\"ReadAction\",\"target\":[\"https:\\\/\\\/www.deinadieu.ch\\\/fr\\\/contrats-modeles-de-lettres\\\/\"]}]},{\"@type\":\"BreadcrumbList\",\"@id\":\"https:\\\/\\\/www.deinadieu.ch\\\/fr\\\/contrats-modeles-de-lettres\\\/#breadcrumb\",\"itemListElement\":[{\"@type\":\"ListItem\",\"position\":1,\"name\":\"Home\",\"item\":\"https:\\\/\\\/www.deinadieu.ch\\\/fr\\\/deinadieu-dialog-und-serviceportal-zum-lebensende\\\/\"},{\"@type\":\"ListItem\",\"position\":2,\"name\":\"Contrats &amp; lettres types\"}]},{\"@type\":\"WebSite\",\"@id\":\"https:\\\/\\\/www.deinadieu.ch\\\/fr\\\/#website\",\"url\":\"https:\\\/\\\/www.deinadieu.ch\\\/fr\\\/\",\"name\":\"DeinAdieu.ch\",\"description\":\"Testament, Patientenverf\u00fcgung und Vorsorgeauftrag\",\"publisher\":{\"@id\":\"https:\\\/\\\/www.deinadieu.ch\\\/fr\\\/#organization\"},\"potentialAction\":[{\"@type\":\"SearchAction\",\"target\":{\"@type\":\"EntryPoint\",\"urlTemplate\":\"https:\\\/\\\/www.deinadieu.ch\\\/fr\\\/?s={search_term_string}\"},\"query-input\":{\"@type\":\"PropertyValueSpecification\",\"valueRequired\":true,\"valueName\":\"search_term_string\"}}],\"inLanguage\":\"fr-FR\"},{\"@type\":\"Organization\",\"@id\":\"https:\\\/\\\/www.deinadieu.ch\\\/fr\\\/#organization\",\"name\":\"EMNA Web GmbH\",\"url\":\"https:\\\/\\\/www.deinadieu.ch\\\/fr\\\/\",\"logo\":{\"@type\":\"ImageObject\",\"inLanguage\":\"fr-FR\",\"@id\":\"https:\\\/\\\/www.deinadieu.ch\\\/fr\\\/#\\\/schema\\\/logo\\\/image\\\/\",\"url\":\"https:\\\/\\\/www.deinadieu.ch\\\/wp-content\\\/uploads\\\/2016\\\/01\\\/DeinAdieu_Logo.png\",\"contentUrl\":\"https:\\\/\\\/www.deinadieu.ch\\\/wp-content\\\/uploads\\\/2016\\\/01\\\/DeinAdieu_Logo.png\",\"width\":300,\"height\":117,\"caption\":\"EMNA Web GmbH\"},\"image\":{\"@id\":\"https:\\\/\\\/www.deinadieu.ch\\\/fr\\\/#\\\/schema\\\/logo\\\/image\\\/\"},\"sameAs\":[\"https:\\\/\\\/www.facebook.com\\\/deinadieu\",\"https:\\\/\\\/x.com\\\/DeinAdieu\",\"https:\\\/\\\/www.instagram.com\\\/deinadieu\\\/\",\"https:\\\/\\\/www.linkedin.com\\\/company\\\/deinadieu.ch\"]}]}<\/script>","yoast_head_json":{"title":"Contrats et check-lists en cas de d\u00e9c\u00e8s | DeinAdieu","description":"DeinAdieu propose le plus grand centre de t\u00e9l\u00e9chargement gratuit de Suisse avec des mod\u00e8les de contrats, des directives anticip\u00e9es, des lettres types et des clauses juridiques.","robots":{"index":"index","follow":"follow","max-snippet":"max-snippet:-1","max-image-preview":"max-image-preview:large","max-video-preview":"max-video-preview:-1"},"canonical":"https:\/\/www.deinadieu.ch\/fr\/contrats-modeles-de-lettres\/","og_locale":"fr_FR","og_type":"article","og_title":"Contrats &amp; lettres types","og_description":"Contrats &amp; mod\u00e8les DeinAdieu propose le plus grand centre de t\u00e9l\u00e9chargement gratuit de Suisse avec des mod\u00e8les de contrats, des directives anticip\u00e9es,","og_url":"https:\/\/www.deinadieu.ch\/fr\/contrats-modeles-de-lettres\/","og_site_name":"DeinAdieu.ch","article_publisher":"https:\/\/www.facebook.com\/deinadieu","article_modified_time":"2024-11-15T17:11:21+00:00","twitter_card":"summary_large_image","twitter_site":"@DeinAdieu","twitter_misc":{"Est. reading time":"1 minute"},"schema":{"@context":"https:\/\/schema.org","@graph":[{"@type":"WebPage","@id":"https:\/\/www.deinadieu.ch\/fr\/contrats-modeles-de-lettres\/","url":"https:\/\/www.deinadieu.ch\/fr\/contrats-modeles-de-lettres\/","name":"Contrats et check-lists en cas de d\u00e9c\u00e8s | DeinAdieu","isPartOf":{"@id":"https:\/\/www.deinadieu.ch\/fr\/#website"},"datePublished":"2017-06-22T07:28:59+00:00","dateModified":"2024-11-15T17:11:21+00:00","description":"DeinAdieu propose le plus grand centre de t\u00e9l\u00e9chargement gratuit de Suisse avec des mod\u00e8les de contrats, des directives anticip\u00e9es, des lettres types et des clauses juridiques.","breadcrumb":{"@id":"https:\/\/www.deinadieu.ch\/fr\/contrats-modeles-de-lettres\/#breadcrumb"},"inLanguage":"fr-FR","potentialAction":[{"@type":"ReadAction","target":["https:\/\/www.deinadieu.ch\/fr\/contrats-modeles-de-lettres\/"]}]},{"@type":"BreadcrumbList","@id":"https:\/\/www.deinadieu.ch\/fr\/contrats-modeles-de-lettres\/#breadcrumb","itemListElement":[{"@type":"ListItem","position":1,"name":"Home","item":"https:\/\/www.deinadieu.ch\/fr\/deinadieu-dialog-und-serviceportal-zum-lebensende\/"},{"@type":"ListItem","position":2,"name":"Contrats &amp; lettres types"}]},{"@type":"WebSite","@id":"https:\/\/www.deinadieu.ch\/fr\/#website","url":"https:\/\/www.deinadieu.ch\/fr\/","name":"DeinAdieu.ch","description":"Testament, Patientenverf\u00fcgung und Vorsorgeauftrag","publisher":{"@id":"https:\/\/www.deinadieu.ch\/fr\/#organization"},"potentialAction":[{"@type":"SearchAction","target":{"@type":"EntryPoint","urlTemplate":"https:\/\/www.deinadieu.ch\/fr\/?s={search_term_string}"},"query-input":{"@type":"PropertyValueSpecification","valueRequired":true,"valueName":"search_term_string"}}],"inLanguage":"fr-FR"},{"@type":"Organization","@id":"https:\/\/www.deinadieu.ch\/fr\/#organization","name":"EMNA Web GmbH","url":"https:\/\/www.deinadieu.ch\/fr\/","logo":{"@type":"ImageObject","inLanguage":"fr-FR","@id":"https:\/\/www.deinadieu.ch\/fr\/#\/schema\/logo\/image\/","url":"https:\/\/www.deinadieu.ch\/wp-content\/uploads\/2016\/01\/DeinAdieu_Logo.png","contentUrl":"https:\/\/www.deinadieu.ch\/wp-content\/uploads\/2016\/01\/DeinAdieu_Logo.png","width":300,"height":117,"caption":"EMNA Web GmbH"},"image":{"@id":"https:\/\/www.deinadieu.ch\/fr\/#\/schema\/logo\/image\/"},"sameAs":["https:\/\/www.facebook.com\/deinadieu","https:\/\/x.com\/DeinAdieu","https:\/\/www.instagram.com\/deinadieu\/","https:\/\/www.linkedin.com\/company\/deinadieu.ch"]}]}},"_links":{"self":[{"href":"https:\/\/www.deinadieu.ch\/fr\/wp-json\/wp\/v2\/pages\/23789","targetHints":{"allow":["GET"]}}],"collection":[{"href":"https:\/\/www.deinadieu.ch\/fr\/wp-json\/wp\/v2\/pages"}],"about":[{"href":"https:\/\/www.deinadieu.ch\/fr\/wp-json\/wp\/v2\/types\/page"}],"author":[{"embeddable":true,"href":"https:\/\/www.deinadieu.ch\/fr\/wp-json\/wp\/v2\/users\/4998"}],"replies":[{"embeddable":true,"href":"https:\/\/www.deinadieu.ch\/fr\/wp-json\/wp\/v2\/comments?post=23789"}],"version-history":[{"count":5,"href":"https:\/\/www.deinadieu.ch\/fr\/wp-json\/wp\/v2\/pages\/23789\/revisions"}],"predecessor-version":[{"id":68764,"href":"https:\/\/www.deinadieu.ch\/fr\/wp-json\/wp\/v2\/pages\/23789\/revisions\/68764"}],"wp:attachment":[{"href":"https:\/\/www.deinadieu.ch\/fr\/wp-json\/wp\/v2\/media?parent=23789"}],"curies":[{"name":"wp","href":"https:\/\/api.w.org\/{rel}","templated":true}]}}