{"id":23482,"date":"2019-05-02T10:05:00","date_gmt":"2019-05-02T08:05:00","guid":{"rendered":"http:\/\/www.deinadieu.ch\/oeuvres-de-bienfaisance\/"},"modified":"2024-10-29T09:17:59","modified_gmt":"2024-10-29T08:17:59","slug":"oeuvres-de-bienfaisance","status":"publish","type":"page","link":"https:\/\/www.deinadieu.ch\/fr\/oeuvres-de-bienfaisance\/","title":{"rendered":"Organisations d&#8217;utilit\u00e9 publique"},"content":{"rendered":"\n<h2 class=\"wp-block-heading\" id=\"h-testamentsspende-fur-gemeinnutzige-organisationen\">Donation testamentaire \u00e0 des organisations d&#8217;utilit\u00e9 publique<\/h2>\n\n<p>En incluant des organisations d&#8217;utilit\u00e9 publique dans votre testament, vous pouvez faire en sorte que vos valeurs et vos objectifs perdurent apr\u00e8s votre d\u00e9c\u00e8s. Ces \u0153uvres d&#8217;entraide s&#8217;engagent pour le bien-\u00eatre des animaux, des hommes et de l&#8217;environnement. Apportez une contribution importante \u00e0 la r\u00e9alisation de ces objectifs en faisant un <strong>legs<\/strong> ou une <strong>donation testamentaire<\/strong>.  <\/p>\n\n<p>S\u00e9lectionnez l&#8217;organisation souhait\u00e9e et cliquez sur \u00ab \u00c9tablir un mod\u00e8le de testament \u00bb pour lancer l&#8217;assistant testamentaire.<\/p>\n\n<div style=\"height:20px\" aria-hidden=\"true\" class=\"wp-block-spacer\"><\/div>\n","protected":false},"excerpt":{"rendered":"<p>Donation testamentaire \u00e0 des organisations d&#8217;utilit\u00e9 publique En incluant des organisations d&#8217;utilit\u00e9 publique dans votre testament, vous pouvez faire en sorte que vos valeurs et vos objectifs perdurent apr\u00e8s votre d\u00e9c\u00e8s. Ces \u0153uvres d&#8217;entraide s&#8217;engagent pour le bien-\u00eatre des animaux, des hommes et de l&#8217;environnement. Apportez une contribution importante \u00e0 la r\u00e9alisation de ces objectifs [&hellip;]<\/p>\n","protected":false},"author":4939,"featured_media":23460,"parent":0,"menu_order":0,"comment_status":"closed","ping_status":"closed","template":"page-templates\/page-ngo-profile.php","meta":{"_acf_changed":false,"footnotes":""},"class_list":["post-23482","page","type-page","status-publish","has-post-thumbnail","hentry"],"acf":[],"yoast_head":"<title>\u0152uvres d&#039;entraide : trouver des organisations d&#039;utilit\u00e9 publique | DeinAdieu<\/title>\n<meta name=\"description\" content=\"Vous trouverez ici une liste d&#039;organisations d&#039;utilit\u00e9 publique et d&#039;\u0153uvres d&#039;entraide certifi\u00e9es en Suisse pour les dons ou les donations testamentaires.\" \/>\n<meta name=\"robots\" content=\"index, follow, max-snippet:-1, max-image-preview:large, max-video-preview:-1\" \/>\n<link rel=\"canonical\" href=\"https:\/\/www.deinadieu.ch\/fr\/oeuvres-de-bienfaisance\/\" \/>\n<meta property=\"og:locale\" content=\"fr_FR\" \/>\n<meta property=\"og:type\" content=\"article\" \/>\n<meta property=\"og:title\" content=\"Organisations d&#039;utilit\u00e9 publique\" \/>\n<meta property=\"og:description\" content=\"Donation testamentaire \u00e0 des organisations d&#039;utilit\u00e9 publique En incluant des organisations d&#039;utilit\u00e9 publique dans votre testament, vous pouvez faire en\" \/>\n<meta property=\"og:url\" content=\"https:\/\/www.deinadieu.ch\/fr\/oeuvres-de-bienfaisance\/\" \/>\n<meta property=\"og:site_name\" content=\"DeinAdieu.ch\" \/>\n<meta property=\"article:publisher\" content=\"https:\/\/www.facebook.com\/deinadieu\" \/>\n<meta property=\"article:modified_time\" content=\"2024-10-29T08:17:59+00:00\" \/>\n<meta property=\"og:image\" content=\"https:\/\/static.deinadieu.ch\/uploads\/2019\/05\/ngo_banner.jpg\" \/>\n\t<meta property=\"og:image:width\" content=\"1329\" \/>\n\t<meta property=\"og:image:height\" content=\"536\" \/>\n\t<meta property=\"og:image:type\" content=\"image\/jpeg\" \/>\n<meta name=\"twitter:card\" content=\"summary_large_image\" \/>\n<meta name=\"twitter:site\" content=\"@DeinAdieu\" \/>\n<script type=\"application\/ld+json\" class=\"yoast-schema-graph\">{\"@context\":\"https:\\\/\\\/schema.org\",\"@graph\":[{\"@type\":\"WebPage\",\"@id\":\"https:\\\/\\\/www.deinadieu.ch\\\/fr\\\/oeuvres-de-bienfaisance\\\/\",\"url\":\"https:\\\/\\\/www.deinadieu.ch\\\/fr\\\/oeuvres-de-bienfaisance\\\/\",\"name\":\"\u0152uvres d'entraide : trouver des organisations d'utilit\u00e9 publique | DeinAdieu\",\"isPartOf\":{\"@id\":\"https:\\\/\\\/www.deinadieu.ch\\\/fr\\\/#website\"},\"primaryImageOfPage\":{\"@id\":\"https:\\\/\\\/www.deinadieu.ch\\\/fr\\\/oeuvres-de-bienfaisance\\\/#primaryimage\"},\"image\":{\"@id\":\"https:\\\/\\\/www.deinadieu.ch\\\/fr\\\/oeuvres-de-bienfaisance\\\/#primaryimage\"},\"thumbnailUrl\":\"https:\\\/\\\/www.deinadieu.ch\\\/wp-content\\\/uploads\\\/2019\\\/05\\\/ngo_banner.jpg\",\"datePublished\":\"2019-05-02T08:05:00+00:00\",\"dateModified\":\"2024-10-29T08:17:59+00:00\",\"description\":\"Vous trouverez ici une liste d'organisations d'utilit\u00e9 publique et d'\u0153uvres d'entraide certifi\u00e9es en Suisse pour les dons ou les donations testamentaires.\",\"breadcrumb\":{\"@id\":\"https:\\\/\\\/www.deinadieu.ch\\\/fr\\\/oeuvres-de-bienfaisance\\\/#breadcrumb\"},\"inLanguage\":\"fr-FR\",\"potentialAction\":[{\"@type\":\"ReadAction\",\"target\":[\"https:\\\/\\\/www.deinadieu.ch\\\/fr\\\/oeuvres-de-bienfaisance\\\/\"]}]},{\"@type\":\"ImageObject\",\"inLanguage\":\"fr-FR\",\"@id\":\"https:\\\/\\\/www.deinadieu.ch\\\/fr\\\/oeuvres-de-bienfaisance\\\/#primaryimage\",\"url\":\"https:\\\/\\\/www.deinadieu.ch\\\/wp-content\\\/uploads\\\/2019\\\/05\\\/ngo_banner.jpg\",\"contentUrl\":\"https:\\\/\\\/www.deinadieu.ch\\\/wp-content\\\/uploads\\\/2019\\\/05\\\/ngo_banner.jpg\",\"width\":1329,\"height\":536},{\"@type\":\"BreadcrumbList\",\"@id\":\"https:\\\/\\\/www.deinadieu.ch\\\/fr\\\/oeuvres-de-bienfaisance\\\/#breadcrumb\",\"itemListElement\":[{\"@type\":\"ListItem\",\"position\":1,\"name\":\"Home\",\"item\":\"https:\\\/\\\/www.deinadieu.ch\\\/fr\\\/deinadieu-dialog-und-serviceportal-zum-lebensende\\\/\"},{\"@type\":\"ListItem\",\"position\":2,\"name\":\"Organisations d&#8217;utilit\u00e9 publique\"}]},{\"@type\":\"WebSite\",\"@id\":\"https:\\\/\\\/www.deinadieu.ch\\\/fr\\\/#website\",\"url\":\"https:\\\/\\\/www.deinadieu.ch\\\/fr\\\/\",\"name\":\"DeinAdieu.ch\",\"description\":\"Testament, Patientenverf\u00fcgung und Vorsorgeauftrag\",\"publisher\":{\"@id\":\"https:\\\/\\\/www.deinadieu.ch\\\/fr\\\/#organization\"},\"potentialAction\":[{\"@type\":\"SearchAction\",\"target\":{\"@type\":\"EntryPoint\",\"urlTemplate\":\"https:\\\/\\\/www.deinadieu.ch\\\/fr\\\/?s={search_term_string}\"},\"query-input\":{\"@type\":\"PropertyValueSpecification\",\"valueRequired\":true,\"valueName\":\"search_term_string\"}}],\"inLanguage\":\"fr-FR\"},{\"@type\":\"Organization\",\"@id\":\"https:\\\/\\\/www.deinadieu.ch\\\/fr\\\/#organization\",\"name\":\"EMNA Web GmbH\",\"url\":\"https:\\\/\\\/www.deinadieu.ch\\\/fr\\\/\",\"logo\":{\"@type\":\"ImageObject\",\"inLanguage\":\"fr-FR\",\"@id\":\"https:\\\/\\\/www.deinadieu.ch\\\/fr\\\/#\\\/schema\\\/logo\\\/image\\\/\",\"url\":\"https:\\\/\\\/www.deinadieu.ch\\\/wp-content\\\/uploads\\\/2016\\\/01\\\/DeinAdieu_Logo.png\",\"contentUrl\":\"https:\\\/\\\/www.deinadieu.ch\\\/wp-content\\\/uploads\\\/2016\\\/01\\\/DeinAdieu_Logo.png\",\"width\":300,\"height\":117,\"caption\":\"EMNA Web GmbH\"},\"image\":{\"@id\":\"https:\\\/\\\/www.deinadieu.ch\\\/fr\\\/#\\\/schema\\\/logo\\\/image\\\/\"},\"sameAs\":[\"https:\\\/\\\/www.facebook.com\\\/deinadieu\",\"https:\\\/\\\/x.com\\\/DeinAdieu\",\"https:\\\/\\\/www.instagram.com\\\/deinadieu\\\/\",\"https:\\\/\\\/www.linkedin.com\\\/company\\\/deinadieu.ch\"]}]}<\/script>","yoast_head_json":{"title":"\u0152uvres d'entraide : trouver des organisations d'utilit\u00e9 publique | DeinAdieu","description":"Vous trouverez ici une liste d'organisations d'utilit\u00e9 publique et d'\u0153uvres d'entraide certifi\u00e9es en Suisse pour les dons ou les donations testamentaires.","robots":{"index":"index","follow":"follow","max-snippet":"max-snippet:-1","max-image-preview":"max-image-preview:large","max-video-preview":"max-video-preview:-1"},"canonical":"https:\/\/www.deinadieu.ch\/fr\/oeuvres-de-bienfaisance\/","og_locale":"fr_FR","og_type":"article","og_title":"Organisations d'utilit\u00e9 publique","og_description":"Donation testamentaire \u00e0 des organisations d'utilit\u00e9 publique En incluant des organisations d'utilit\u00e9 publique dans votre testament, vous pouvez faire en","og_url":"https:\/\/www.deinadieu.ch\/fr\/oeuvres-de-bienfaisance\/","og_site_name":"DeinAdieu.ch","article_publisher":"https:\/\/www.facebook.com\/deinadieu","article_modified_time":"2024-10-29T08:17:59+00:00","og_image":[{"width":1329,"height":536,"url":"https:\/\/static.deinadieu.ch\/uploads\/2019\/05\/ngo_banner.jpg","type":"image\/jpeg"}],"twitter_card":"summary_large_image","twitter_site":"@DeinAdieu","schema":{"@context":"https:\/\/schema.org","@graph":[{"@type":"WebPage","@id":"https:\/\/www.deinadieu.ch\/fr\/oeuvres-de-bienfaisance\/","url":"https:\/\/www.deinadieu.ch\/fr\/oeuvres-de-bienfaisance\/","name":"\u0152uvres d'entraide : trouver des organisations d'utilit\u00e9 publique | DeinAdieu","isPartOf":{"@id":"https:\/\/www.deinadieu.ch\/fr\/#website"},"primaryImageOfPage":{"@id":"https:\/\/www.deinadieu.ch\/fr\/oeuvres-de-bienfaisance\/#primaryimage"},"image":{"@id":"https:\/\/www.deinadieu.ch\/fr\/oeuvres-de-bienfaisance\/#primaryimage"},"thumbnailUrl":"https:\/\/www.deinadieu.ch\/wp-content\/uploads\/2019\/05\/ngo_banner.jpg","datePublished":"2019-05-02T08:05:00+00:00","dateModified":"2024-10-29T08:17:59+00:00","description":"Vous trouverez ici une liste d'organisations d'utilit\u00e9 publique et d'\u0153uvres d'entraide certifi\u00e9es en Suisse pour les dons ou les donations testamentaires.","breadcrumb":{"@id":"https:\/\/www.deinadieu.ch\/fr\/oeuvres-de-bienfaisance\/#breadcrumb"},"inLanguage":"fr-FR","potentialAction":[{"@type":"ReadAction","target":["https:\/\/www.deinadieu.ch\/fr\/oeuvres-de-bienfaisance\/"]}]},{"@type":"ImageObject","inLanguage":"fr-FR","@id":"https:\/\/www.deinadieu.ch\/fr\/oeuvres-de-bienfaisance\/#primaryimage","url":"https:\/\/www.deinadieu.ch\/wp-content\/uploads\/2019\/05\/ngo_banner.jpg","contentUrl":"https:\/\/www.deinadieu.ch\/wp-content\/uploads\/2019\/05\/ngo_banner.jpg","width":1329,"height":536},{"@type":"BreadcrumbList","@id":"https:\/\/www.deinadieu.ch\/fr\/oeuvres-de-bienfaisance\/#breadcrumb","itemListElement":[{"@type":"ListItem","position":1,"name":"Home","item":"https:\/\/www.deinadieu.ch\/fr\/deinadieu-dialog-und-serviceportal-zum-lebensende\/"},{"@type":"ListItem","position":2,"name":"Organisations d&#8217;utilit\u00e9 publique"}]},{"@type":"WebSite","@id":"https:\/\/www.deinadieu.ch\/fr\/#website","url":"https:\/\/www.deinadieu.ch\/fr\/","name":"DeinAdieu.ch","description":"Testament, Patientenverf\u00fcgung und Vorsorgeauftrag","publisher":{"@id":"https:\/\/www.deinadieu.ch\/fr\/#organization"},"potentialAction":[{"@type":"SearchAction","target":{"@type":"EntryPoint","urlTemplate":"https:\/\/www.deinadieu.ch\/fr\/?s={search_term_string}"},"query-input":{"@type":"PropertyValueSpecification","valueRequired":true,"valueName":"search_term_string"}}],"inLanguage":"fr-FR"},{"@type":"Organization","@id":"https:\/\/www.deinadieu.ch\/fr\/#organization","name":"EMNA Web GmbH","url":"https:\/\/www.deinadieu.ch\/fr\/","logo":{"@type":"ImageObject","inLanguage":"fr-FR","@id":"https:\/\/www.deinadieu.ch\/fr\/#\/schema\/logo\/image\/","url":"https:\/\/www.deinadieu.ch\/wp-content\/uploads\/2016\/01\/DeinAdieu_Logo.png","contentUrl":"https:\/\/www.deinadieu.ch\/wp-content\/uploads\/2016\/01\/DeinAdieu_Logo.png","width":300,"height":117,"caption":"EMNA Web GmbH"},"image":{"@id":"https:\/\/www.deinadieu.ch\/fr\/#\/schema\/logo\/image\/"},"sameAs":["https:\/\/www.facebook.com\/deinadieu","https:\/\/x.com\/DeinAdieu","https:\/\/www.instagram.com\/deinadieu\/","https:\/\/www.linkedin.com\/company\/deinadieu.ch"]}]}},"_links":{"self":[{"href":"https:\/\/www.deinadieu.ch\/fr\/wp-json\/wp\/v2\/pages\/23482","targetHints":{"allow":["GET"]}}],"collection":[{"href":"https:\/\/www.deinadieu.ch\/fr\/wp-json\/wp\/v2\/pages"}],"about":[{"href":"https:\/\/www.deinadieu.ch\/fr\/wp-json\/wp\/v2\/types\/page"}],"author":[{"embeddable":true,"href":"https:\/\/www.deinadieu.ch\/fr\/wp-json\/wp\/v2\/users\/4939"}],"replies":[{"embeddable":true,"href":"https:\/\/www.deinadieu.ch\/fr\/wp-json\/wp\/v2\/comments?post=23482"}],"version-history":[{"count":6,"href":"https:\/\/www.deinadieu.ch\/fr\/wp-json\/wp\/v2\/pages\/23482\/revisions"}],"predecessor-version":[{"id":68662,"href":"https:\/\/www.deinadieu.ch\/fr\/wp-json\/wp\/v2\/pages\/23482\/revisions\/68662"}],"wp:featuredmedia":[{"embeddable":true,"href":"https:\/\/www.deinadieu.ch\/fr\/wp-json\/wp\/v2\/media\/23460"}],"wp:attachment":[{"href":"https:\/\/www.deinadieu.ch\/fr\/wp-json\/wp\/v2\/media?parent=23482"}],"curies":[{"name":"wp","href":"https:\/\/api.w.org\/{rel}","templated":true}]}}